{"id":72,"date":"2010-09-28T09:57:31","date_gmt":"2010-09-28T07:57:31","guid":{"rendered":"http:\/\/www.atorgael.com\/atglvxi_wp\/le-mediko\/"},"modified":"2016-07-10T18:34:00","modified_gmt":"2016-07-10T16:34:00","slug":"sons-of-vulcain","status":"publish","type":"page","link":"https:\/\/www.atorgael.com\/le-mediko\/sons-of-vulcain\/","title":{"rendered":"Sons of Vulcain"},"content":{"rendered":"<p style=\"text-align: center\"><img loading=\"lazy\" decoding=\"async\" class=\"aligncenter size-full wp-image-315\" src=\"http:\/\/www.atorgael.com\/le-mediko\/files\/2010\/09\/tactiques02.jpg\" alt=\"\" width=\"600\" height=\"387\" srcset=\"https:\/\/www.atorgael.com\/le-mediko\/files\/2010\/09\/tactiques02.jpg 600w, https:\/\/www.atorgael.com\/le-mediko\/files\/2010\/09\/tactiques02-300x193.jpg 300w\" sizes=\"auto, (max-width: 600px) 100vw, 600px\" \/><\/p>\n<p style=\"text-align: justify\">Il y a des milliers de chapitre Space Marines, il est donc tentant de s&rsquo;offrir le sien quand on commence \u00e0 coller ce genre de figurines&#8230; En dehors de l&rsquo;efficacit\u00e9 reconnue de ces troupes d&rsquo;\u00e9lite (dont d&rsquo;autres parlent bien mieux que moi) et de l&rsquo;attrait d&rsquo;une liste plus que fournie, d\u00e9finir un chapitre repose \u00e0 mes yeux sur deux points de d\u00e9part, d&rsquo;abord choisir un sch\u00e9ma de couleur caract\u00e9ristique, puis ensuite d\u00e9terminer la r\u00e9f\u00e9rence que l&rsquo;on va utiliser pour la liste d&rsquo;arm\u00e9e et ses limitations. C&rsquo;est \u00e0 dire en fait le style de jeu que l&rsquo;on souhaite adopter&#8230;<\/p>\n<p style=\"text-align: justify\">Dans le cas pr\u00e9cis du Chapitre Sons of Vulcain le projet \u00e9tait un peu diff\u00e9rent de ce que je faisais d&rsquo;ordinaire : les figurines d&rsquo;origine \u00e9taient classiques dans l&rsquo;ensemble avec relativement peu de conversions, y compris sur les v\u00e9hicules, \u00e0 ceci pr\u00e8s qu&rsquo;elles ont \u00e9t\u00e9 au d\u00e9part issues de pi\u00e8ces de r\u00e9cup\u00e9ration qu&rsquo;il a fallu d\u00e9caper et repeindre. Je pense que c&rsquo;est en cela que le travail peut-\u00eatre int\u00e9ressant&#8230; Je ne sais pas ce qu&rsquo;il en est pour vous, mais pour ma part, l&rsquo;\u00e9volution de mes talents de peintre, la sortie de nouvelles boites et de nouvelles r\u00e8gles ont tendance \u00e0 conduire dans des boites de rebut des tas de figurines qui ne sont plus du tout pr\u00e9sentables. A la longue cela revient cher et c&rsquo;est un gaspillage regrettable, d&rsquo;autant que reprendre \u00e0 z\u00e9ro une nouvelle arm\u00e9e prend un temps consid\u00e9rable! Pourquoi ne pas tenter alors de ressortir toutes ces vieilleries plus ou moins mutil\u00e9es pour essayer d&rsquo;en retirer quelque chose?<\/p>\n<p style=\"text-align: justify\">La tentative posait en fait deux probl\u00e8mes diff\u00e9rents :\u00a0comment d\u00e9caper des figurines anciennes et comment les repeindre dans un minimum de temps? Je ne vous infligerai pas l&rsquo;aspect original des figurines peintes \u00e0 la fin du si\u00e8cle dernier, mais la premi\u00e8re question a \u00e9t\u00e9 pour l&rsquo;essentiel r\u00e9solue par les moyens classiques : \u00ab\u00a0d\u00e9cap four\u00a0\u00bb et lessive liquide. Il est clair toutefois que les acryliques de Games Workshop ne s&rsquo;enl\u00e8vent pas facilement. De ce fait j&rsquo;ai d\u00e9cid\u00e9 de construire l&rsquo;h\u00e9raldique du chapitre sur une base tr\u00e8s simple, un vert uniforme pass\u00e9 \u00e0 la bombe, qui pr\u00e9sentait le double avantage se se trouver en Arabie Saoudite, o\u00f9 j&rsquo;habitais \u00e0 l&rsquo;\u00e9poque, et d&rsquo;\u00e9viter d&rsquo;ajouter une sous couche ET une teinte sur une base d\u00e9j\u00e0 en partie peinte. Un ombrage et quelques d\u00e9tails pour rehausser la figurine devaient suffire \u00e0 donner leur caract\u00e8re aux Sons of Vulcain.<\/p>\n<p style=\"text-align: justify\">Dans la m\u00eame d&rsquo;id\u00e9e de rapidit\u00e9 et de simplicit\u00e9, il a \u00e9t\u00e9 d\u00e9cid\u00e9 \u00e0 l&rsquo;\u00e9poque que l&rsquo;insigne du chapitre serait un d\u00e9cal facilement disponible en grand nombre et assez simple pour \u00e9pouser au mieux la forme complexe de l&rsquo;\u00e9pauli\u00e8re. Comme cette derni\u00e8re devait \u00eatre claire par contraste avec la couleur des armures \u00e9nerg\u00e9tiques, un motif noir \u00e9tait logique. L&#8217;emploi de l&rsquo;insigne Blood Angel invers\u00e9 s&rsquo;est impos\u00e9 \u00e0 partir de l\u00e0 pour des raisons de simplicit\u00e9 et peut-\u00eatre aussi comme un clin d&rsquo;oeil \u00e0 distance pour un autre chapitre assez connu \u00e0 l&rsquo;\u00e9poque o\u00f9 il existait une r\u00e9daction fran\u00e7aise produisant des articles dans White Dwarf! L&rsquo;hommage n&rsquo;est sans doute pas imm\u00e9rit\u00e9 finalement : les Chevaliers de la Lumi\u00e8re du Sieur Philippe Beaubrun dit \u00ab\u00a0Lambert\u00a0\u00bb et le premier \u00ab\u00a0choix des armes\u00a0\u00bb des WD 47 et suivants ont \u00e9t\u00e9 pour beaucoup dans ce qui a fait que j&rsquo;ai d\u00e9finitivement plong\u00e9 dans l&rsquo;univers de Warhammer.<\/p>\n<p style=\"text-align: justify\">Puisque je me vautre dans les r\u00e9miniscences personnelles, il est assez \u00e9tonnant de constater le nombre de choses qui se sont jou\u00e9es l\u00e0 en quelques mois pour mon environnement \u00ab\u00a0hobbyiste\u00a0\u00bb : les Soeurs de Batailles et le c\u00e9l\u00e8bre \u00ab\u00a0sanctuaire 101\u00a0\u00bb, Gorkamorka, la r\u00e9volution Gretchin&#8230;<\/p>\n<p style=\"text-align: justify\">Tr\u00eave de nostalgie, l&rsquo;insigne s&rsquo;est finalement impos\u00e9 comme assez coh\u00e9rent avec le nom et l&rsquo;histoire du chapitre : le motif BA ainsi plac\u00e9 ressemble d&rsquo;assez pr\u00e8s \u00e0 un volcan stylis\u00e9, si je trouvais deux cents petits marteaux noirs pour remplacer la goutte ce serait m\u00eame parfait. Pour \u00eatre tout \u00e0 fait franc, apr\u00e8s plus de dix ans d&rsquo;armures vertes, quand je vois aujourd&rsquo;hui des Blood Angels, j&rsquo;ai un peu l&rsquo;impression qu&rsquo;ils portent un embl\u00e8me Sons of Vulcain \u00e0 l&rsquo;envers!<\/p>\n<p style=\"text-align: center\"><a href=\"http:\/\/www.atorgael.com\/le-mediko\/sons-of-vulcain\/banniere01\/\" rel=\"attachment wp-att-1286\"><img loading=\"lazy\" decoding=\"async\" class=\"aligncenter size-large wp-image-1286\" src=\"http:\/\/www.atorgael.com\/le-mediko\/files\/2010\/09\/Banni\u00e8re01-560x558.jpg\" alt=\"Banni\u00e8re01\" width=\"560\" height=\"558\" srcset=\"https:\/\/www.atorgael.com\/le-mediko\/files\/2010\/09\/Banni\u00e8re01-560x558.jpg 560w, https:\/\/www.atorgael.com\/le-mediko\/files\/2010\/09\/Banni\u00e8re01-150x150.jpg 150w, https:\/\/www.atorgael.com\/le-mediko\/files\/2010\/09\/Banni\u00e8re01-300x300.jpg 300w, https:\/\/www.atorgael.com\/le-mediko\/files\/2010\/09\/Banni\u00e8re01.jpg 600w\" sizes=\"auto, (max-width: 560px) 100vw, 560px\" \/><\/a><\/p>\n<p style=\"text-align: justify\">Tout \u00e9volue cependant avec le temps : le d\u00e9veloppement r\u00e9gulier du chapitre a fait ces ambitions modestes ont \u00e9t\u00e9 progressivement revues \u00e0 la hausse, tant pour ce qui concerne les transformations des figurines que pour ce qui rel\u00e8ve de la peinture. Des personnages sp\u00e9ciaux sont apparus et les v\u00e9hicules des Sons of Vulcain ont pris progressivement une allure sp\u00e9cifique qui s&rsquo;accorde avec leur historique : un chapitre orphelin sans doute issu des Salamanders qui est parvenu \u00e0 maturit\u00e9 gr\u00e2ce \u00e0 l&rsquo;aide des Ultramarines dont il a adopt\u00e9 le respect rigide du Codex Astartes et qui s&rsquo;est engag\u00e9 depuis des si\u00e8cles dans une traque interminable dont les objectifs sont connus de lui seul. C&rsquo;est cette chasse qui a conduit les Sons of Vulcains sur TethVI au risque d&rsquo;un conflit avec l&rsquo;Ordre du Suaire de Charit\u00e9 en charge de ce monde myst\u00e9rieux.<\/p>\n<p style=\"text-align: center\">Le Chapitre en Juillet 2016<\/p>\n<p style=\"text-align: justify\">Apr\u00e8s 16 ans de combats, le Chapitre a \u00e9volu\u00e9 et surtout pris une ampleur bien plus importante que ce que j&rsquo;aurais pu imaginer \u00e0 l&rsquo;origine, son esth\u00e9tique aussi a connue quelques \u00e9volutions, m\u00eame si l&rsquo;esprit est rest\u00e9 celui des premiers jours.<\/p>\n<p style=\"text-align: center\"><span style=\"text-decoration: underline\"><strong>Le QG<\/strong><\/span><\/p>\n<p style=\"text-align: justify\">La nature m\u00eame des Space Marine fait que leur liste d&rsquo;arm\u00e9e compte un nombre important de personnages identifi\u00e9s dont le regroupement tend \u00e0 donner une tonalit\u00e9 particuli\u00e8re \u00e0 chaque liste.<\/p>\n<p style=\"text-align: justify\">Aujourd&rsquo;hui le QG de la deuxi\u00e8me compagnie s&rsquo;appuie sur deux QG complets utilisable selon les missions pr\u00e9vues. Le premier combat \u00e0 pieds et le second \u00e0 moto.<\/p>\n<p style=\"text-align: justify\"><a href=\"http:\/\/www.atorgael.com\/le-mediko\/heraldique-des-sons-of-vulcains\/zemanta-related-posts-thumbnail-15\/\" rel=\"attachment wp-att-940\"><img loading=\"lazy\" decoding=\"async\" class=\"aligncenter size-full wp-image-940\" src=\"http:\/\/www.atorgael.com\/le-mediko\/files\/2012\/04\/EM_03-560x399.jpg\" alt=\"Zemanta Related Posts Thumbnail\" width=\"560\" height=\"399\" srcset=\"https:\/\/www.atorgael.com\/le-mediko\/files\/2012\/04\/EM_03-560x399.jpg 560w, https:\/\/www.atorgael.com\/le-mediko\/files\/2012\/04\/EM_03-560x399-300x213.jpg 300w\" sizes=\"auto, (max-width: 560px) 100vw, 560px\" \/><\/a><a href=\"http:\/\/www.atorgael.com\/le-mediko\/sons-of-vulcain\/qgmoto02\/\" rel=\"attachment wp-att-1428\"><img loading=\"lazy\" decoding=\"async\" class=\"aligncenter size-full wp-image-1428\" src=\"http:\/\/www.atorgael.com\/le-mediko\/files\/2010\/09\/QGmoto02.jpg\" alt=\"QGmoto02\" width=\"800\" height=\"452\" srcset=\"https:\/\/www.atorgael.com\/le-mediko\/files\/2010\/09\/QGmoto02.jpg 800w, https:\/\/www.atorgael.com\/le-mediko\/files\/2010\/09\/QGmoto02-300x170.jpg 300w, https:\/\/www.atorgael.com\/le-mediko\/files\/2010\/09\/QGmoto02-768x434.jpg 768w, https:\/\/www.atorgael.com\/le-mediko\/files\/2010\/09\/QGmoto02-560x316.jpg 560w\" sizes=\"auto, (max-width: 800px) 100vw, 800px\" \/><\/a>Cette base est naturellement compl\u00e9t\u00e9e par des officiers plus sp\u00e9cialis\u00e9s: chapelains, archivistes, techmarines etc&#8230;<\/p>\n<p style=\"text-align: center\">\n<p style=\"text-align: center\"><em>(en cours de mise \u00e0 jour)<\/em><\/p>\n<p style=\"text-align: center\"><span style=\"text-decoration: underline\"><strong>L&rsquo;\u00e9lite<\/strong><\/span><\/p>\n<p style=\"text-align: justify\">Il est naturel qu&rsquo;un chapitre Space Marine compte un nombre consid\u00e9rable de troupes d&rsquo;\u00e9lite, chaque marine tactique en \u00e9tant de fait d\u00e9j\u00e0 un, ces escouades comptent les troupes les plus redoutables et les plus exp\u00e9riment\u00e9es, regroup\u00e9es d&rsquo;ordinaire dans la premi\u00e8re compagnie.<\/p>\n<p style=\"text-align: justify\"><a href=\"http:\/\/www.atorgael.com\/le-mediko\/heraldique-des-sons-of-vulcains\/escouade08\/\" rel=\"attachment wp-att-1130\"><img loading=\"lazy\" decoding=\"async\" class=\"aligncenter size-large wp-image-1130\" src=\"http:\/\/www.atorgael.com\/le-mediko\/files\/2012\/04\/Escouade08-560x299.jpg\" alt=\"Escouade08\" width=\"560\" height=\"299\" srcset=\"https:\/\/www.atorgael.com\/le-mediko\/files\/2012\/04\/Escouade08-560x299.jpg 560w, https:\/\/www.atorgael.com\/le-mediko\/files\/2012\/04\/Escouade08-300x160.jpg 300w, https:\/\/www.atorgael.com\/le-mediko\/files\/2012\/04\/Escouade08.jpg 600w\" sizes=\"auto, (max-width: 560px) 100vw, 560px\" \/><\/a><a href=\"http:\/\/www.atorgael.com\/le-mediko\/heraldique-des-sons-of-vulcains\/escouade06\/\" rel=\"attachment wp-att-1129\"><img loading=\"lazy\" decoding=\"async\" class=\"aligncenter size-large wp-image-1129\" src=\"http:\/\/www.atorgael.com\/le-mediko\/files\/2012\/04\/Escouade06-560x340.jpg\" alt=\"Escouade06\" width=\"560\" height=\"340\" srcset=\"https:\/\/www.atorgael.com\/le-mediko\/files\/2012\/04\/Escouade06-560x340.jpg 560w, https:\/\/www.atorgael.com\/le-mediko\/files\/2012\/04\/Escouade06-300x182.jpg 300w, https:\/\/www.atorgael.com\/le-mediko\/files\/2012\/04\/Escouade06.jpg 600w\" sizes=\"auto, (max-width: 560px) 100vw, 560px\" \/><\/a><a href=\"http:\/\/www.atorgael.com\/le-mediko\/heraldique-des-sons-of-vulcains\/escouade05\/\" rel=\"attachment wp-att-607\"><img loading=\"lazy\" decoding=\"async\" class=\"aligncenter size-large wp-image-607\" src=\"http:\/\/www.atorgael.com\/le-mediko\/files\/2012\/03\/Escouade05-560x430.jpg\" alt=\"Escouade05\" width=\"560\" height=\"430\" srcset=\"https:\/\/www.atorgael.com\/le-mediko\/files\/2012\/03\/Escouade05-560x430.jpg 560w, https:\/\/www.atorgael.com\/le-mediko\/files\/2012\/03\/Escouade05-300x230.jpg 300w, https:\/\/www.atorgael.com\/le-mediko\/files\/2012\/03\/Escouade05.jpg 600w\" sizes=\"auto, (max-width: 560px) 100vw, 560px\" \/><\/a>Le Chapitre peut d&rsquo;abord compter sur trois escouades \u00e9quip\u00e9es d&rsquo;amures Terminator, l&rsquo;une d&rsquo;entre elle, plus sp\u00e9cialement d\u00e9di\u00e9e au corps \u00e0 corps, \u00e9tant arm\u00e9 de Marteaux Tonnerre et de Griffes Eclair, les deux autres de simples Fulgurants.<\/p>\n<p style=\"text-align: justify\"><a href=\"http:\/\/www.atorgael.com\/le-mediko\/heraldique-des-sons-of-vulcains\/vetappui02\/\" rel=\"attachment wp-att-605\"><img loading=\"lazy\" decoding=\"async\" class=\"aligncenter size-large wp-image-605\" src=\"http:\/\/www.atorgael.com\/le-mediko\/files\/2012\/03\/Vetappui02-560x393.jpg\" alt=\"Vetappui02\" width=\"560\" height=\"393\" srcset=\"https:\/\/www.atorgael.com\/le-mediko\/files\/2012\/03\/Vetappui02-560x393.jpg 560w, https:\/\/www.atorgael.com\/le-mediko\/files\/2012\/03\/Vetappui02-300x211.jpg 300w, https:\/\/www.atorgael.com\/le-mediko\/files\/2012\/03\/Vetappui02.jpg 600w\" sizes=\"auto, (max-width: 560px) 100vw, 560px\" \/><\/a><a href=\"http:\/\/www.atorgael.com\/le-mediko\/heraldique-des-sons-of-vulcains\/vetassaut02\/\" rel=\"attachment wp-att-604\"><img loading=\"lazy\" decoding=\"async\" class=\"aligncenter size-large wp-image-604\" src=\"http:\/\/www.atorgael.com\/le-mediko\/files\/2012\/03\/Vetassaut02-560x407.jpg\" alt=\"Vetassaut02\" width=\"560\" height=\"407\" srcset=\"https:\/\/www.atorgael.com\/le-mediko\/files\/2012\/03\/Vetassaut02-560x407.jpg 560w, https:\/\/www.atorgael.com\/le-mediko\/files\/2012\/03\/Vetassaut02-300x218.jpg 300w, https:\/\/www.atorgael.com\/le-mediko\/files\/2012\/03\/Vetassaut02.jpg 600w\" sizes=\"auto, (max-width: 560px) 100vw, 560px\" \/><\/a>Deux unit\u00e9s de V\u00e9t\u00e9rans, une d&rsquo;Appui et une d&rsquo;Assaut renforcent cet effectif d\u00e9j\u00e0 cons\u00e9quent et apportent un \u00e9l\u00e9ment de sp\u00e9cialisation non n\u00e9gligeable.<\/p>\n<p style=\"text-align: center\"><a href=\"http:\/\/www.atorgael.com\/le-mediko\/heraldique-des-sons-of-vulcains\/dread03\/\" rel=\"attachment wp-att-603\"><img loading=\"lazy\" decoding=\"async\" class=\"aligncenter size-large wp-image-603\" src=\"http:\/\/www.atorgael.com\/le-mediko\/files\/2012\/03\/dread03-560x527.jpg\" alt=\"dread03\" width=\"560\" height=\"527\" srcset=\"https:\/\/www.atorgael.com\/le-mediko\/files\/2012\/03\/dread03-560x527.jpg 560w, https:\/\/www.atorgael.com\/le-mediko\/files\/2012\/03\/dread03-300x282.jpg 300w, https:\/\/www.atorgael.com\/le-mediko\/files\/2012\/03\/dread03.jpg 600w\" sizes=\"auto, (max-width: 560px) 100vw, 560px\" \/><\/a><\/p>\n<p style=\"text-align: center\"><a href=\"http:\/\/www.atorgael.com\/le-mediko\/sons-of-vulcain\/venerable07\/\" rel=\"attachment wp-att-1300\"><img loading=\"lazy\" decoding=\"async\" class=\"aligncenter size-large wp-image-1300\" src=\"http:\/\/www.atorgael.com\/le-mediko\/files\/2010\/09\/Venerable07-560x454.jpg\" alt=\"Venerable07\" width=\"560\" height=\"454\" srcset=\"https:\/\/www.atorgael.com\/le-mediko\/files\/2010\/09\/Venerable07-560x454.jpg 560w, https:\/\/www.atorgael.com\/le-mediko\/files\/2010\/09\/Venerable07-300x243.jpg 300w, https:\/\/www.atorgael.com\/le-mediko\/files\/2010\/09\/Venerable07.jpg 800w\" sizes=\"auto, (max-width: 560px) 100vw, 560px\" \/><\/a><\/p>\n<p style=\"text-align: justify\">Les deux Dreadnought d\u00e9ploy\u00e9s par les Sons of Vulcain sur TethVI sont un mod\u00e8le standard (le plus ancien sur le terrain) et un Ironclad venu r\u00e9cemment renforcer l&rsquo;effectif. Tous deux disposent d&rsquo;un armement modulaire permettant de les adapter aux missoins. Il est pr\u00e9vu de compl\u00e9ter cette force par un V\u00e9n\u00e9rable, mais l&rsquo;appareil n&rsquo;a pas encore quitt\u00e9 les barges de batailles!<\/p>\n<p style=\"text-align: center\"><span style=\"text-decoration: underline\"><strong>Les troupes<\/strong><\/span><\/p>\n<p style=\"text-align: center\"><a href=\"http:\/\/www.atorgael.com\/le-mediko\/heraldique-des-sons-of-vulcains\/tactiques10\/\" rel=\"attachment wp-att-594\"><img loading=\"lazy\" decoding=\"async\" class=\"aligncenter size-large wp-image-594\" src=\"http:\/\/www.atorgael.com\/le-mediko\/files\/2012\/03\/tactiques10-560x313.jpg\" alt=\"tactiques10\" width=\"560\" height=\"313\" srcset=\"https:\/\/www.atorgael.com\/le-mediko\/files\/2012\/03\/tactiques10-560x313.jpg 560w, https:\/\/www.atorgael.com\/le-mediko\/files\/2012\/03\/tactiques10-300x168.jpg 300w, https:\/\/www.atorgael.com\/le-mediko\/files\/2012\/03\/tactiques10.jpg 600w\" sizes=\"auto, (max-width: 560px) 100vw, 560px\" \/><\/a><\/p>\n<p style=\"text-align: center\">Les escouades tactiques restent la base de n&rsquo;importe quel chapitre, elle sont \u00e0 l&rsquo;heure actuel six \u00e0 \u00eatre d\u00e9ploy\u00e9es sur Teth.<\/p>\n<p style=\"text-align: center\"><a href=\"http:\/\/www.atorgael.com\/le-mediko\/vindicator-sov\/rhinoiig_01\/\" rel=\"attachment wp-att-331\"><img loading=\"lazy\" decoding=\"async\" class=\"aligncenter size-full wp-image-331\" src=\"http:\/\/www.atorgael.com\/le-mediko\/files\/2010\/09\/rhinoIIG_01.jpg\" alt=\"rhinoIIG_01\" width=\"600\" height=\"481\" srcset=\"https:\/\/www.atorgael.com\/le-mediko\/files\/2010\/09\/rhinoIIG_01.jpg 600w, https:\/\/www.atorgael.com\/le-mediko\/files\/2010\/09\/rhinoIIG_01-300x240.jpg 300w\" sizes=\"auto, (max-width: 600px) 100vw, 600px\" \/><\/a><\/p>\n<p style=\"text-align: center\"><a href=\"http:\/\/www.atorgael.com\/le-mediko\/sons-of-vulcain\/razor09\/\" rel=\"attachment wp-att-1301\"><img loading=\"lazy\" decoding=\"async\" class=\"aligncenter size-large wp-image-1301\" src=\"http:\/\/www.atorgael.com\/le-mediko\/files\/2010\/09\/Razor09-560x349.jpg\" alt=\"Razor09\" width=\"560\" height=\"349\" srcset=\"https:\/\/www.atorgael.com\/le-mediko\/files\/2010\/09\/Razor09-560x349.jpg 560w, https:\/\/www.atorgael.com\/le-mediko\/files\/2010\/09\/Razor09-300x187.jpg 300w, https:\/\/www.atorgael.com\/le-mediko\/files\/2010\/09\/Razor09.jpg 600w\" sizes=\"auto, (max-width: 560px) 100vw, 560px\" \/><\/a><\/p>\n<p style=\"text-align: justify\">Chacune dispose naturellement d&rsquo;un transport blind\u00e9 de type Rhino qui peut selon les missions \u00eatre \u00e9quip\u00e9 en Razorback, avec toutes les options d&rsquo;armement.<\/p>\n<p style=\"text-align: justify\"><a href=\"http:\/\/www.atorgael.com\/le-mediko\/heraldique-des-sons-of-vulcains\/scouts01\/\" rel=\"attachment wp-att-609\"><img loading=\"lazy\" decoding=\"async\" class=\"aligncenter size-large wp-image-609\" src=\"http:\/\/www.atorgael.com\/le-mediko\/files\/2012\/03\/Scouts01-560x367.jpg\" alt=\"Scouts01\" width=\"560\" height=\"367\" srcset=\"https:\/\/www.atorgael.com\/le-mediko\/files\/2012\/03\/Scouts01-560x367.jpg 560w, https:\/\/www.atorgael.com\/le-mediko\/files\/2012\/03\/Scouts01-300x197.jpg 300w, https:\/\/www.atorgael.com\/le-mediko\/files\/2012\/03\/Scouts01.jpg 600w\" sizes=\"auto, (max-width: 560px) 100vw, 560px\" \/><\/a>Alors que des troupes l\u00e9g\u00e8res pourraient rendre de grand services dans les steppe de la plan\u00e8te, curieusement, le nombre de scouts pr\u00e9sent sur Teth VI se limite \u00e0 deux escouades pour le moment.<\/p>\n<p style=\"text-align: center\"><a href=\"http:\/\/www.atorgael.com\/le-mediko\/vindicator-sov\/dop01\/\" rel=\"attachment wp-att-350\"><img loading=\"lazy\" decoding=\"async\" class=\"aligncenter size-full wp-image-350\" src=\"http:\/\/www.atorgael.com\/le-mediko\/files\/2010\/09\/dop01.jpg\" alt=\"dop01\" width=\"600\" height=\"457\" srcset=\"https:\/\/www.atorgael.com\/le-mediko\/files\/2010\/09\/dop01.jpg 600w, https:\/\/www.atorgael.com\/le-mediko\/files\/2010\/09\/dop01-300x228.jpg 300w\" sizes=\"auto, (max-width: 600px) 100vw, 600px\" \/><\/a>Deux Drop Pods sont venus compl\u00e9ter l&rsquo;effectif des transports disponibles.<\/p>\n<p style=\"text-align: center\"><a href=\"http:\/\/www.atorgael.com\/le-mediko\/sons-of-vulcain\/drdp04\/\" rel=\"attachment wp-att-1348\"><img loading=\"lazy\" decoding=\"async\" class=\"aligncenter size-large wp-image-1348\" src=\"http:\/\/www.atorgael.com\/le-mediko\/files\/2010\/09\/DrDP04-560x504.jpg\" alt=\"DrDP04\" width=\"560\" height=\"504\" \/><\/a><\/p>\n<p style=\"text-align: center\">Dernier ajout en date un Drop pod de Dreadnought permet d&rsquo;apporter le soutien n\u00e9cessaire aux vagues d&rsquo;assaut.<\/p>\n<p style=\"text-align: center\"><span style=\"text-decoration: underline\"><strong>L&rsquo;attaque rapide<\/strong><\/span><\/p>\n<p style=\"text-align: center\"><em>(en cours de mise \u00e0 jour)<\/em><\/p>\n","protected":false},"excerpt":{"rendered":"<p>Il y a des milliers de chapitre Space Marines, il est donc tentant de s&rsquo;offrir le sien quand on commence \u00e0 coller ce genre de figurines&#8230; En dehors de l&rsquo;efficacit\u00e9 reconnue de ces troupes d&rsquo;\u00e9lite (dont d&rsquo;autres parlent bien mieux que moi) et de l&rsquo;attrait d&rsquo;une liste plus que fournie, d\u00e9finir un chapitre repose \u00e0 [&hellip;]<\/p>\n","protected":false},"author":30,"featured_media":0,"parent":0,"menu_order":0,"comment_status":"closed","ping_status":"closed","template":"","meta":{"jetpack_post_was_ever_published":false,"footnotes":""},"class_list":["post-72","page","type-page","status-publish","hentry"],"jetpack_sharing_enabled":true,"_links":{"self":[{"href":"https:\/\/www.atorgael.com\/le-mediko\/wp-json\/wp\/v2\/pages\/72","targetHints":{"allow":["GET"]}}],"collection":[{"href":"https:\/\/www.atorgael.com\/le-mediko\/wp-json\/wp\/v2\/pages"}],"about":[{"href":"https:\/\/www.atorgael.com\/le-mediko\/wp-json\/wp\/v2\/types\/page"}],"author":[{"embeddable":true,"href":"https:\/\/www.atorgael.com\/le-mediko\/wp-json\/wp\/v2\/users\/30"}],"replies":[{"embeddable":true,"href":"https:\/\/www.atorgael.com\/le-mediko\/wp-json\/wp\/v2\/comments?post=72"}],"version-history":[{"count":0,"href":"https:\/\/www.atorgael.com\/le-mediko\/wp-json\/wp\/v2\/pages\/72\/revisions"}],"wp:attachment":[{"href":"https:\/\/www.atorgael.com\/le-mediko\/wp-json\/wp\/v2\/media?parent=72"}],"curies":[{"name":"wp","href":"https:\/\/api.w.org\/{rel}","templated":true}]}}