{"id":1621,"date":"2018-03-25T11:48:37","date_gmt":"2018-03-25T09:48:37","guid":{"rendered":"http:\/\/www.atorgael.com\/le-mediko\/?page_id=1621"},"modified":"2018-08-21T23:40:55","modified_gmt":"2018-08-21T21:40:55","slug":"decors","status":"publish","type":"page","link":"https:\/\/www.atorgael.com\/le-mediko\/decors\/","title":{"rendered":"D\u00e9cors, ambiances et paysages."},"content":{"rendered":"<p style=\"text-align: left\"><a href=\"http:\/\/www.atorgael.com\/le-mediko\/decors\/mine04\/\" rel=\"attachment wp-att-1663\"><img loading=\"lazy\" decoding=\"async\" class=\"aligncenter size-full wp-image-1663\" src=\"http:\/\/www.atorgael.com\/le-mediko\/files\/2018\/07\/Mine04.jpg\" alt=\"\" width=\"1000\" height=\"679\" srcset=\"https:\/\/www.atorgael.com\/le-mediko\/files\/2018\/07\/Mine04.jpg 1000w, https:\/\/www.atorgael.com\/le-mediko\/files\/2018\/07\/Mine04-300x204.jpg 300w, https:\/\/www.atorgael.com\/le-mediko\/files\/2018\/07\/Mine04-768x521.jpg 768w, https:\/\/www.atorgael.com\/le-mediko\/files\/2018\/07\/Mine04-560x380.jpg 560w\" sizes=\"auto, (max-width: 1000px) 100vw, 1000px\" \/><\/a>Lorsque notre petit \u00ab\u00a0club familial\u00a0\u00bb a commenc\u00e9 s\u00e9rieusement \u00e0 se pencher sur la r\u00e9alisation d&rsquo;une table pour d\u00e9ployer nos arm\u00e9es, le th\u00e8me d\u00e9sertique s&rsquo;est tout de suite impos\u00e9 en r\u00e9f\u00e9rence \u00e0 notre environnement de l&rsquo;\u00e9poque. Les plaques de base et les principaux reliefs ont donc \u00e9t\u00e9 r\u00e9alis\u00e9s dans cet esprit, mais plut\u00f4t comme des bases \u00ab\u00a0g\u00e9n\u00e9riques\u00a0\u00bb qui ne devaient rien comporter d&rsquo;autre que quelques rares touffes de v\u00e9g\u00e9tation pour laisser toute la place n\u00e9cessaire pour disposer les \u00e9l\u00e9ments charg\u00e9s de donner l&rsquo;ambiance.<\/p>\n<p style=\"text-align: left\">TethVI, qui n&rsquo;\u00e9tait gu\u00e8re qu&rsquo;un nom \u00e0 l&rsquo;origine, a peu \u00e0 peu pris de la substance. Elle a acquis d&rsquo;abord une g\u00e9ographie, une climatologie, puis enfin une histoire qui n&rsquo;ont cess\u00e9 de se d\u00e9velopper et de se complexifier jusqu&rsquo;\u00e0 aujourd&rsquo;hui.<\/p>\n<p>Un des r\u00e9sultats de cette \u00e9volution, est que sa diversit\u00e9 s&rsquo;est accrue en proportion si bien que quand nous avons eu envie de donner davantage de caract\u00e8re \u00e0 nos parties, nous en sommes venus \u00e0 chercher comment repr\u00e9senter sur la table diff\u00e9rents types de paysages ou d&rsquo;am\u00e9nagements sans avoir\u00a0 pour autant \u00e0 tout refaire \u00e0 chaque fois ni \u00e0 multiplier des d\u00e9cors encombrants&#8230;<\/p>\n<p>les d\u00e9cors destin\u00e9s \u00e0 construire les ambiances restent en g\u00e9n\u00e9ral relativement modestes, les plus gros \u00e9tant les bases de bunkers, de fa\u00e7on \u00e0 ce qu&rsquo;il soient faciles \u00e0 ranger et ) placer sur le terrain.<\/p>\n<p style=\"text-align: left\"><a href=\"http:\/\/www.atorgael.com\/le-mediko\/paysages-de-tethvi-les-basiliques-du-desert\/ruines16\/\" rel=\"attachment wp-att-703\"><img loading=\"lazy\" decoding=\"async\" class=\"aligncenter size-full wp-image-703\" src=\"http:\/\/www.atorgael.com\/le-mediko\/files\/2012\/09\/ruines16.jpg\" alt=\"\" width=\"600\" height=\"375\" srcset=\"https:\/\/www.atorgael.com\/le-mediko\/files\/2012\/09\/ruines16.jpg 600w, https:\/\/www.atorgael.com\/le-mediko\/files\/2012\/09\/ruines16-300x187.jpg 300w, https:\/\/www.atorgael.com\/le-mediko\/files\/2012\/09\/ruines16-560x350.jpg 560w\" sizes=\"auto, (max-width: 600px) 100vw, 600px\" \/><\/a>La premi\u00e8re r\u00e9gion d\u00e9velopp\u00e9e a \u00e9t\u00e9 celle des basiliques du Suaire de Charit\u00e9. Comme les Soeurs habitent, pour des raisons de traditions, \u00e0 proximit\u00e9 des ruines des \u00e9difices construits par l&rsquo;Ordre avant son martyr, il a \u00e9t\u00e9 assez facile de r\u00e9utiliser les tr\u00e8s anciennes ruines gothiques d&rsquo;une \u00e9dition du XX\u00e8me si\u00e8cle du jeu.<\/p>\n<p style=\"text-align: left\">R\u00e9organis\u00e9es et enrichies elles font toujours parfaitement l&rsquo;affaire, par contre je n&rsquo;ai pas encore vraiment travaill\u00e9 la repr\u00e9sentation des fameuses \u00ab\u00a0Portes de Teth\u00a0\u00bb, elles-m\u00eame, d&rsquo;abord bien s\u00fbr parce qu&rsquo;elles doivent conserver leur myst\u00e8re (c&rsquo;est facile!) , mais surtout, soyons francs, parce que je n&rsquo;ai pas trouv\u00e9 d&rsquo;id\u00e9e qui me satisfasse tout \u00e0 fait!<\/p>\n<p style=\"text-align: left\"><a href=\"http:\/\/www.atorgael.com\/le-mediko\/des-bases-pour-les-bastions\/zemanta-related-posts-thumbnail-9\/\" rel=\"attachment wp-att-934\"><img loading=\"lazy\" decoding=\"async\" class=\"aligncenter size-full wp-image-934\" src=\"http:\/\/www.atorgael.com\/le-mediko\/files\/2012\/11\/casemate11-560x343.jpg\" alt=\"\" width=\"560\" height=\"343\" srcset=\"https:\/\/www.atorgael.com\/le-mediko\/files\/2012\/11\/casemate11-560x343.jpg 560w, https:\/\/www.atorgael.com\/le-mediko\/files\/2012\/11\/casemate11-560x343-300x183.jpg 300w\" sizes=\"auto, (max-width: 560px) 100vw, 560px\" \/><\/a>La deuxi\u00e8me r\u00e9gion est centr\u00e9e sur la \u00ab\u00a0ligne des forts\u00a0\u00bb, tr\u00e8s ancien syst\u00e8me fortifi\u00e9 aujourd&rsquo;hui abandonn\u00e9 et \u00e0 demi d\u00e9vor\u00e9e par le d\u00e9sert. L&rsquo;id\u00e9e est n\u00e9e de la publication par Games Workshop, en 2008, de l&rsquo;extension \u00ab\u00a0Assauts Plan\u00e9taires\u00a0\u00bb et surtout du bunker en plastique qui a permis d&rsquo;explorer tout un \u00e9ventail de fortifications, de ruines, de d\u00e9bris et d&rsquo;obstacles divers.<\/p>\n<p style=\"text-align: left\"><a href=\"http:\/\/www.atorgael.com\/le-mediko\/consortium-nevo-reservoirs-et-citernes\/peinture-citernes06\/\" rel=\"attachment wp-att-1614\"><img loading=\"lazy\" decoding=\"async\" class=\"aligncenter size-full wp-image-1614\" src=\"http:\/\/www.atorgael.com\/le-mediko\/files\/2015\/01\/Peinture-citernes06.jpg\" alt=\"\" width=\"1000\" height=\"953\" srcset=\"https:\/\/www.atorgael.com\/le-mediko\/files\/2015\/01\/Peinture-citernes06.jpg 1000w, https:\/\/www.atorgael.com\/le-mediko\/files\/2015\/01\/Peinture-citernes06-300x286.jpg 300w, https:\/\/www.atorgael.com\/le-mediko\/files\/2015\/01\/Peinture-citernes06-768x732.jpg 768w, https:\/\/www.atorgael.com\/le-mediko\/files\/2015\/01\/Peinture-citernes06-560x534.jpg 560w\" sizes=\"auto, (max-width: 1000px) 100vw, 1000px\" \/><\/a>La troisi\u00e8me r\u00e9gion plonge dans l&rsquo;histoire des Trimardeurs et du tr\u00e8s puissant quoique tr\u00e8s secret \u00ab\u00a0Consortium Nevo\u00a0\u00bb, entreprise interplan\u00e9taire d&rsquo;extraction de minerai, mais peut-\u00eatre un peu plus que cela au final et pourquoi pas un avant poste du Culte de Mars sur TethVI&#8230;<\/p>\n<p>Je dois dire que depuis 2017 les rumeurs confirm\u00e9e depuis d&rsquo;un retour de N\u00e9cromunda ont achev\u00e9 de pousser \u00e0 la cr\u00e9ation d&rsquo;une ambiance mini\u00e8re ou industrielle : quelle belle occasion de cr\u00e9er un terrain qui permette de ressortir quelques anciennes bandes reconverties jusqu&rsquo;alors en milices diverses!<\/p>\n<p>Pour conclure, si je ne m&rsquo;interdis pas quelques d\u00e9cors purement Games Workshop, le gros de l&rsquo;ambiance reste dans l&rsquo;esprit de \u00ab\u00a0la Fi\u00e8vre du M\u00e9diko\u00a0\u00bb avec beaucoup de d\u00e9coupes, de constructions de toutes pi\u00e8ces bidouill\u00e9es avec de la carte plastique, des trucs divers et vari\u00e9s et, ici ou l\u00e0, des \u00e9l\u00e9ments d\u00e9j\u00e0 convertis comme la plateforme Skyshield ou sa base&#8230;<\/p>\n<p>J&rsquo;ai donc choisi de regrouper sur cette page tous ces \u00e9l\u00e9ments de d\u00e9cor, en les classant en fonction de l&rsquo;ambiance \u00e0 laquelle ils s&rsquo;int\u00e8grent. M\u00eame si le principe de modularit\u00e9 restant la base, un d\u00e9cor peut \u00eatre utilis\u00e9 un peu n&rsquo;importe o\u00f9, ils sont convoqu\u00e9s quand le th\u00e8me d&rsquo;origine est reconstruit&#8230;<\/p>\n<p>Teth VI : une plan\u00e8te d\u00e9sertique<\/p>\n<ul>\n<li>Paysages de TethVI : une table pour W40K (en cours)<\/li>\n<li>Paysages de TethVI : rochers et v\u00e9g\u00e9taux. (en cours)<\/li>\n<li><a href=\"http:\/\/www.atorgael.com\/le-mediko\/paysages-de-tethvi-epaves-tombees-du-ciel\/\">Paysages de TethVI : \u00e9paves tomb\u00e9es du ciel.<\/a><\/li>\n<\/ul>\n<p>L&rsquo;Ordre du Suaire : le pouvoir du d\u00e9sert, la qu\u00eate du temps.<\/p>\n<ul>\n<li><a href=\"http:\/\/www.atorgael.com\/le-mediko\/paysages-de-tethvi-les-devins-du-desert\/\">Paysages de TethVI : les Devins du d\u00e9sert.<\/a><\/li>\n<li><a href=\"http:\/\/www.atorgael.com\/le-mediko\/paysages-de-tethvi-les-basiliques-du-desert\/\">Paysages de TethVI : les basiliques du d\u00e9sert<\/a><\/li>\n<\/ul>\n<p>La Ligne des Forts : l&rsquo;\u00e9cho des guerres oubli\u00e9es.<\/p>\n<ul>\n<li><a href=\"http:\/\/www.atorgael.com\/le-mediko\/epaves-et-ruines-un-bastion-detruit\/\">Epaves et ruines : un bastion d\u00e9truit.<\/a><\/li>\n<li><a href=\"http:\/\/www.atorgael.com\/le-mediko\/des-bases-pour-les-bastions\/\">Paysages de TethVI : des bases pour les bastions.<\/a><\/li>\n<li><a href=\"http:\/\/www.atorgael.com\/le-mediko\/paysages-de-tethvi-bunkers-et-bastions\/\">Paysages de TethVI : bunkers et bastions.<\/a><\/li>\n<\/ul>\n<p>Base Nevo : le fracas des machines.<\/p>\n<ul>\n<li><a href=\"http:\/\/www.atorgael.com\/le-mediko\/consortium-nevo-une-plateforme-skyshield\/\">Consortium Nevo : une plateforme Skyshield<\/a><\/li>\n<li><a href=\"http:\/\/www.atorgael.com\/le-mediko\/donner-du-volume-a-une-plateforme-skyshield\/\">Donner du volume \u00e0 une plateforme Skyshield<\/a><\/li>\n<li><a href=\"http:\/\/www.atorgael.com\/le-mediko\/?p=1367&amp;preview=true\">R\u00e9servoirs et citernes<\/a><\/li>\n<\/ul>\n","protected":false},"excerpt":{"rendered":"<p>Lorsque notre petit \u00ab\u00a0club familial\u00a0\u00bb a commenc\u00e9 s\u00e9rieusement \u00e0 se pencher sur la r\u00e9alisation d&rsquo;une table pour d\u00e9ployer nos arm\u00e9es, le th\u00e8me d\u00e9sertique s&rsquo;est tout de suite impos\u00e9 en r\u00e9f\u00e9rence \u00e0 notre environnement de l&rsquo;\u00e9poque. Les plaques de base et les principaux reliefs ont donc \u00e9t\u00e9 r\u00e9alis\u00e9s dans cet esprit, mais plut\u00f4t comme des bases [&hellip;]<\/p>\n","protected":false},"author":2,"featured_media":0,"parent":0,"menu_order":0,"comment_status":"closed","ping_status":"closed","template":"","meta":{"jetpack_post_was_ever_published":false,"footnotes":""},"class_list":["post-1621","page","type-page","status-publish","hentry"],"jetpack_sharing_enabled":true,"_links":{"self":[{"href":"https:\/\/www.atorgael.com\/le-mediko\/wp-json\/wp\/v2\/pages\/1621","targetHints":{"allow":["GET"]}}],"collection":[{"href":"https:\/\/www.atorgael.com\/le-mediko\/wp-json\/wp\/v2\/pages"}],"about":[{"href":"https:\/\/www.atorgael.com\/le-mediko\/wp-json\/wp\/v2\/types\/page"}],"author":[{"embeddable":true,"href":"https:\/\/www.atorgael.com\/le-mediko\/wp-json\/wp\/v2\/users\/2"}],"replies":[{"embeddable":true,"href":"https:\/\/www.atorgael.com\/le-mediko\/wp-json\/wp\/v2\/comments?post=1621"}],"version-history":[{"count":0,"href":"https:\/\/www.atorgael.com\/le-mediko\/wp-json\/wp\/v2\/pages\/1621\/revisions"}],"wp:attachment":[{"href":"https:\/\/www.atorgael.com\/le-mediko\/wp-json\/wp\/v2\/media?parent=1621"}],"curies":[{"name":"wp","href":"https:\/\/api.w.org\/{rel}","templated":true}]}}