{"id":159,"date":"2010-10-06T10:52:45","date_gmt":"2010-10-06T08:52:45","guid":{"rendered":"http:\/\/www.atorgael.com\/atglvxi_wp\/le-mediko\/"},"modified":"2018-07-13T00:00:28","modified_gmt":"2018-07-12T22:00:28","slug":"recits","status":"publish","type":"page","link":"https:\/\/www.atorgael.com\/le-mediko\/recits\/","title":{"rendered":"R\u00e9cits"},"content":{"rendered":"<p style=\"text-align: justify\">Je ne me souviens pas tr\u00e8s bien des premi\u00e8res fois o\u00f9 j&rsquo;ai entrepris d&rsquo;\u00e9crire des histoires. Cela a \u00e0 voir avec des souvenirs de r\u00e9cits racont\u00e9s dans l&rsquo;enfance et imit\u00e9s par la suite, avec des projets n\u00e9s de la d\u00e9couverte des premi\u00e8res \u00e9ditions de \u00ab\u00a0Dungeons and Dragons\u00a0\u00bb puis avec le jeu de r\u00f4le en g\u00e9n\u00e9ral. Plus tard, et jusqu&rsquo;\u00e0 aujourd&rsquo;hui, cela a conduit \u00e0 des travaux litt\u00e9raires plus ambitieux, d&rsquo;inspiration diff\u00e9rente et plus aboutis.<\/p>\n<p style=\"text-align: justify\">Quoi qu&rsquo;il en soit, chaque fois que je travaille sur des figurines, je finis par interrompre le montage ou la peinture parce qu&rsquo;il me vient une anecdote, un personnage ou l&rsquo;id\u00e9e d&rsquo;un r\u00e9cit en rapport avec le projet en cours. D&rsquo;autre fois, c&rsquo;est l&rsquo;inverse qui se produit, et je tente de faire coller mes bouts de plastique avec un texte plus ancien qui va lui-m\u00eame \u00eatre influenc\u00e9 par le r\u00e9sultat du montage&#8230;<br \/>\nLe processus n&rsquo;a pas de fin!<\/p>\n<p style=\"text-align: justify\">Le r\u00e9sultat, c&rsquo;est que j&rsquo;ai accumul\u00e9 au fil des ann\u00e9es des quantit\u00e9s de notes, de fragments, de r\u00e9cits, de rapports, cartes et de comptes-rendus qui mis bout \u00e0 bout finissent par former des dossiers plut\u00f4t touffus dans lesquels je puise sans vergogne quand j&rsquo;entreprends des projets plus ambitieux.<\/p>\n<p style=\"text-align: justify\">Mais curieusement, \u00e0 mesure que le temps passe, l\u00e0 aussi, je me rends compte que je me suis attach\u00e9 \u00e0 cette forme (si l&rsquo;on peut dire!) particuli\u00e8re du fragment.<\/p>\n<p style=\"text-align: justify\">Le projet TehtVI est n\u00e9 comme cela : d&rsquo;un vague projet de table de jeu et de l&rsquo;esprit \u00e0 donner \u00e0 des arm\u00e9es naissantes, depuis plus de quinze ans maintant, il est devenu un \u00e9norme amas de notes, d&rsquo;organigrammes, de morceaux de d\u00e9cors aboutis ou non, de projets changeants. Il est donc \u00e0 prendre comme si l&rsquo;on trouvait, oubli\u00e9 sur une \u00e9tag\u00e8re, un dossier constitu\u00e9 au fil des ans, \u00e0 partir de la compilation patiente de sources diff\u00e9rentes (et parfois contradictoires!) par une \u00e9quipe de scribes dans le silence d&rsquo;un service d&rsquo;archives quelque part sur Terra.<\/p>\n<p style=\"text-align: justify\">Pour qui serait r\u00e9tif toutefois aux complexes syst\u00e8mes d&rsquo;indexation des archives imp\u00e9riales, les documents exhum\u00e9s ici peuvent se placer sous plusieurs cotes :<\/p>\n<h2>Documents relatifs \u00e0 la plan\u00e8te Teth :<\/h2>\n<ul>\n<li><a title=\"Les Trimardeurs du Nevo\" href=\"http:\/\/www.atorgael.com\/le-mediko\/les-trimardeurs-du-nevo\/\">Les Trimardeurs du Nevo<\/a><\/li>\n<li><a title=\"Aspics dans les sables\" href=\"http:\/\/www.atorgael.com\/le-mediko\/aspics-dans-les-sables\/\">Aspic dans les sables<\/a><\/li>\n<\/ul>\n<h2>Documents relatifs au II\u00e8me S\u00e9l\u00e9nia :<\/h2>\n<ul>\n<li><a href=\"http:\/\/www.atorgael.com\/le-mediko\/valkyries-et-gerfauts-sur-tethvi\/\">Valkyries et Gerfault sur TethVI<\/a><\/li>\n<li><a href=\"http:\/\/www.atorgael.com\/le-mediko\/une-legion-penale-les-bannis\/\">Une l\u00e9gion p\u00e9nale : les Bannis<\/a><\/li>\n<li><a title=\"L\u2019aventure du LR1bis\" href=\"http:\/\/www.atorgael.com\/le-mediko\/recit\/\">L&rsquo;aventure du LR1bis<\/a><\/li>\n<li><a href=\"http:\/\/www.atorgael.com\/le-mediko\/consortium-nevo-\u2026cord-de-viridias\/\">L&rsquo;\u00e9trange accord de Viridias chap1<\/a><\/li>\n<\/ul>\n<h2>Documents relatifs aux S\u0153urs du Suaire :<\/h2>\n<h2>Documents relatifs au Chapitre Pandora :<\/h2>\n<p>&nbsp;<\/p>\n","protected":false},"excerpt":{"rendered":"<p>Je ne me souviens pas tr\u00e8s bien des premi\u00e8res fois o\u00f9 j&rsquo;ai entrepris d&rsquo;\u00e9crire des histoires. Cela a \u00e0 voir avec des souvenirs de r\u00e9cits racont\u00e9s dans l&rsquo;enfance et imit\u00e9s par la suite, avec des projets n\u00e9s de la d\u00e9couverte des premi\u00e8res \u00e9ditions de \u00ab\u00a0Dungeons and Dragons\u00a0\u00bb puis avec le jeu de r\u00f4le en g\u00e9n\u00e9ral. [&hellip;]<\/p>\n","protected":false},"author":2,"featured_media":0,"parent":0,"menu_order":0,"comment_status":"closed","ping_status":"closed","template":"","meta":{"jetpack_post_was_ever_published":false,"footnotes":""},"class_list":["post-159","page","type-page","status-publish","hentry"],"jetpack_sharing_enabled":true,"_links":{"self":[{"href":"https:\/\/www.atorgael.com\/le-mediko\/wp-json\/wp\/v2\/pages\/159","targetHints":{"allow":["GET"]}}],"collection":[{"href":"https:\/\/www.atorgael.com\/le-mediko\/wp-json\/wp\/v2\/pages"}],"about":[{"href":"https:\/\/www.atorgael.com\/le-mediko\/wp-json\/wp\/v2\/types\/page"}],"author":[{"embeddable":true,"href":"https:\/\/www.atorgael.com\/le-mediko\/wp-json\/wp\/v2\/users\/2"}],"replies":[{"embeddable":true,"href":"https:\/\/www.atorgael.com\/le-mediko\/wp-json\/wp\/v2\/comments?post=159"}],"version-history":[{"count":0,"href":"https:\/\/www.atorgael.com\/le-mediko\/wp-json\/wp\/v2\/pages\/159\/revisions"}],"wp:attachment":[{"href":"https:\/\/www.atorgael.com\/le-mediko\/wp-json\/wp\/v2\/media?parent=159"}],"curies":[{"name":"wp","href":"https:\/\/api.w.org\/{rel}","templated":true}]}}