{"id":8763,"date":"2020-02-19T11:14:43","date_gmt":"2020-02-19T10:14:43","guid":{"rendered":"http:\/\/www.atorgael.com\/?page_id=8763"},"modified":"2020-11-20T13:44:14","modified_gmt":"2020-11-20T12:44:14","slug":"off","status":"publish","type":"page","link":"https:\/\/www.atorgael.com\/","title":{"rendered":"Le site est en sommeil mais pas compl\u00e8tement"},"content":{"rendered":"\n<div class=\"wp-block-image\"><figure class=\"alignleft size-large is-resized\"><img data-recalc-dims=\"1\" loading=\"lazy\" decoding=\"async\" data-attachment-id=\"7821\" data-permalink=\"https:\/\/www.atorgael.com\/?attachment_id=7821\" data-orig-file=\"https:\/\/i0.wp.com\/www.atorgael.com\/wp-content\/uploads\/2013\/09\/img-prems.png?fit=100%2C100&amp;ssl=1\" data-orig-size=\"100,100\" data-comments-opened=\"1\" data-image-meta=\"{&quot;aperture&quot;:&quot;0&quot;,&quot;credit&quot;:&quot;&quot;,&quot;camera&quot;:&quot;&quot;,&quot;caption&quot;:&quot;&quot;,&quot;created_timestamp&quot;:&quot;0&quot;,&quot;copyright&quot;:&quot;&quot;,&quot;focal_length&quot;:&quot;0&quot;,&quot;iso&quot;:&quot;0&quot;,&quot;shutter_speed&quot;:&quot;0&quot;,&quot;title&quot;:&quot;&quot;}\" data-image-title=\"img-prems\" data-image-description=\"\" data-image-caption=\"\" data-medium-file=\"https:\/\/i0.wp.com\/www.atorgael.com\/wp-content\/uploads\/2013\/09\/img-prems.png?fit=100%2C100&amp;ssl=1\" data-large-file=\"https:\/\/i0.wp.com\/www.atorgael.com\/wp-content\/uploads\/2013\/09\/img-prems.png?fit=100%2C100&amp;ssl=1\" src=\"https:\/\/i0.wp.com\/www.atorgael.com\/wp-content\/uploads\/2013\/09\/img-prems.png?resize=50%2C50\" alt=\"\" class=\"wp-image-7821\" width=\"50\" height=\"50\"\/><\/figure><\/div>\n\n\n\n<p class=\"has-text-align-left\">Le Sanctum est en stase depuis quelques ann\u00e9es, les plus attentifs parmi ceux qui passent encore dans le coin n&rsquo;auront pas manqu\u00e9 de le remarquer, plus de challenges d&rsquo;\u00e9criture, plus de fiches de lecture, &#8230;.<\/p>\n\n\n\n<div class=\"wp-block-image\"><figure class=\"alignleft size-large\"><img data-recalc-dims=\"1\" loading=\"lazy\" decoding=\"async\" width=\"50\" height=\"53\" data-attachment-id=\"8764\" data-permalink=\"https:\/\/www.atorgael.com\/?attachment_id=8764\" data-orig-file=\"https:\/\/i0.wp.com\/www.atorgael.com\/wp-content\/uploads\/2020\/02\/Dragon.png?fit=50%2C53&amp;ssl=1\" data-orig-size=\"50,53\" data-comments-opened=\"1\" data-image-meta=\"{&quot;aperture&quot;:&quot;0&quot;,&quot;credit&quot;:&quot;&quot;,&quot;camera&quot;:&quot;&quot;,&quot;caption&quot;:&quot;&quot;,&quot;created_timestamp&quot;:&quot;0&quot;,&quot;copyright&quot;:&quot;&quot;,&quot;focal_length&quot;:&quot;0&quot;,&quot;iso&quot;:&quot;0&quot;,&quot;shutter_speed&quot;:&quot;0&quot;,&quot;title&quot;:&quot;&quot;,&quot;orientation&quot;:&quot;0&quot;}\" data-image-title=\"Dragon\" data-image-description=\"\" data-image-caption=\"\" data-medium-file=\"https:\/\/i0.wp.com\/www.atorgael.com\/wp-content\/uploads\/2020\/02\/Dragon.png?fit=50%2C53&amp;ssl=1\" data-large-file=\"https:\/\/i0.wp.com\/www.atorgael.com\/wp-content\/uploads\/2020\/02\/Dragon.png?fit=50%2C53&amp;ssl=1\" src=\"https:\/\/i0.wp.com\/www.atorgael.com\/wp-content\/uploads\/2020\/02\/Dragon.png?resize=50%2C53\" alt=\"\" class=\"wp-image-8764\"\/><\/figure><\/div>\n\n\n\n<p>Tout ce qui me motivait pour remplir et faire vivre ce site s&rsquo;est d\u00e9plac\u00e9 sur d&rsquo;autres sujets, notamment <strong>Dragons<\/strong>, le jeu de r\u00f4le \u00e9dit\u00e9 par Agate. C&rsquo;est un retour au source avec cette d\u00e9clinaison de la 5\u00e8me version de D&amp;D. Faire vivre des histoires, des personnages, tout se retrouve dans le jeu de r\u00f4les finalement.<\/p>\n\n\n\n<p>Pour d\u00e9couvrir <strong>Dragons <\/strong>et ce qui m&rsquo;occupe en ce moment, vous pouvez vous diriger vers <a rel=\"noreferrer noopener\" aria-label=\"le site d\u00e9di\u00e9 (opens in a new tab)\" href=\"http:\/\/www.atorgael.com\/dragons\" target=\"_blank\">le site d\u00e9di\u00e9<\/a>.<\/p>\n","protected":false},"excerpt":{"rendered":"\n\n\n\n\n<p class=\"has-text-align-left\">Le Sanctum est en stase depuis quelques ann\u00e9es, les plus attentifs parmi ceux qui passent encore dans le coin n&rsquo;auront pas manqu\u00e9 de le remarquer, plus de challenges d&rsquo;\u00e9criture, plus de fiches de lecture, &#8230;.<\/p>\n\n\n\n\n\n\n\n<p>Tout ce qui me motivait <a rel=\"nofollow\" href=\"https:\/\/www.atorgael.com\/\">... [Lire la suite]<\/a>","protected":false},"author":2,"featured_media":0,"parent":0,"menu_order":0,"comment_status":"closed","ping_status":"closed","template":"","meta":{"jetpack_post_was_ever_published":false,"footnotes":""},"class_list":["post-8763","page","type-page","status-publish","hentry"],"jetpack_likes_enabled":true,"jetpack_sharing_enabled":true,"_links":{"self":[{"href":"https:\/\/www.atorgael.com\/index.php?rest_route=\/wp\/v2\/pages\/8763","targetHints":{"allow":["GET"]}}],"collection":[{"href":"https:\/\/www.atorgael.com\/index.php?rest_route=\/wp\/v2\/pages"}],"about":[{"href":"https:\/\/www.atorgael.com\/index.php?rest_route=\/wp\/v2\/types\/page"}],"author":[{"embeddable":true,"href":"https:\/\/www.atorgael.com\/index.php?rest_route=\/wp\/v2\/users\/2"}],"replies":[{"embeddable":true,"href":"https:\/\/www.atorgael.com\/index.php?rest_route=%2Fwp%2Fv2%2Fcomments&post=8763"}],"version-history":[{"count":0,"href":"https:\/\/www.atorgael.com\/index.php?rest_route=\/wp\/v2\/pages\/8763\/revisions"}],"wp:attachment":[{"href":"https:\/\/www.atorgael.com\/index.php?rest_route=%2Fwp%2Fv2%2Fmedia&parent=8763"}],"curies":[{"name":"wp","href":"https:\/\/api.w.org\/{rel}","templated":true}]}}