{"id":7296,"date":"2013-01-07T10:54:55","date_gmt":"2013-01-07T09:54:55","guid":{"rendered":"http:\/\/www.atorgael.com\/?page_id=7296"},"modified":"2014-05-13T10:48:30","modified_gmt":"2014-05-13T08:48:30","slug":"les-challenges-flash","status":"publish","type":"page","link":"https:\/\/www.atorgael.com\/?page_id=7296","title":{"rendered":"Les challenges-Flash"},"content":{"rendered":"<h1>Principes et pr\u00e9sentation<\/h1>\n<p>Les challenges-flash sont ouverts \u00e0 tous. Le principe est d\u2019\u00e9crire quelques pages sur un th\u00e8me impos\u00e9 dans le temps imparti lors de la pr\u00e9sentation du challenge.<\/p>\n<p>Ce format de challenge vient compl\u00e9ter <a title=\"Les challenges d'\u00e9criture\" href=\"http:\/\/www.atorgael.com\/?p=4764\">les challenges d&rsquo;\u00e9criture<\/a> \u00ab\u00a0classiques\u00a0\u00bb se d\u00e9roulant maintenant sur 3 mois. Ces challenges -flash se diff\u00e9rencient de leurs ain\u00e9s en ceci :<\/p>\n<ul>\n<li>Plus courts : Au lieu des 10 \u00e0 20.000 signes, les challenges-flash feront entre 3.000 (plus de 500 mots) et 6.000 signes (moins de 1.000 mots).<\/li>\n<li>Plus souvent : Il y aura 2 challenges-flash pendant un trimestre. Ils se d\u00e9rouleront le premier et le second mois du trimestre.<\/li>\n<li>Plus abordables : Ce seront des sujets simples qui reprendront les th\u00e8mes \u00ab\u00a0\u00c7a commence comme \u00e7a\u00a0\u00bb ou \u00ab\u00a0\u00c7a se termine comme \u00e7a\u00a0\u00bb. Th\u00e8mes qui seront d\u00e9sormais r\u00e9serv\u00e9s \u00e0 ces challenges-flash.<\/li>\n<\/ul>\n<p>Ces challenges ne seront pas not\u00e9s avec le formulaire habituel, \u00e0 la place, il y aura un syst\u00e8me de notation par \u00e9toiles directement sur la page des textes pr\u00e9sent\u00e9s, chacun pourra y mettre de 1 \u00e0 5 \u00e9toiles selon le plaisir de la lecture.<\/p>\n<p>De plus, les commentaires seront ouverts pendant quelques jours afin que chacun puisse y faire ses remarques, compliments et autres lanc\u00e9s de tomates virtuelles.<\/p>\n<p>\u00c7a vous tente ? \u00c7a vous parait plus abordable que d\u2019\u00e9crire de longs textes ? Alors lancez-vous et (re-)d\u00e9couvrez le plaisir d&rsquo;\u00e9crire.<\/p>\n<hr \/>\n<h1>Challenge flash n\u00b09 &#8211; &#8230;<\/h1>\n<h2>Th\u00e8me : &#8230;<\/h2>\n<h3><strong>Les impositions :<\/strong><\/h3>\n<ul>\n<li>Le texte doit me parvenir au format \u00ab\u00a0.doc\u00a0\u00bb avant le 24 avril 2014<del><\/del> (<a title=\"Envoyer\" href=\"http:\/\/www.atorgael.com\/?page_id=3587\">formulaire d&rsquo;envoi<\/a> rempli),<\/li>\n<li>Le texte doit faire entre 3.000 et 6.000 signes, espaces comprises (entre 500 et 1.000 mots environ).<\/li>\n<\/ul>\n<h1>Challenge flash n\u00b08 &#8211; F\u00e9vrier 2014<\/h1>\n<h2>Th\u00e8me : \u00e7a finit comme \u00e7a<\/h2>\n<blockquote><p><em>&#8230; et rien n&rsquo;aurait pu changer cela.<br \/>\n<\/em><\/p><\/blockquote>\n<h3><strong>Les <strong>textes<\/strong><\/strong><\/h3>\n<ul>\n<li><a title=\"Challenge Flash n\u00b08 \u2013 Texte n\u00b01\" href=\"http:\/\/www.atorgael.com\/?p=8334\">Atorgael<\/a><\/li>\n<li><a title=\"Challenge Flash n\u00b08 \u2013 Texte n\u00b02\" href=\"http:\/\/www.atorgael.com\/?p=8339\">Est\u00e9e R.<\/a><\/li>\n<li><a title=\"Challenge Flash n\u00b08 \u2013 Texte n\u00b03\" href=\"http:\/\/www.atorgael.com\/?p=8340\">Anthony<\/a><\/li>\n<\/ul>\n<h1>Challenge flash n\u00b07 &#8211; Janvier 2014<\/h1>\n<h2>Th\u00e8me : \u00e7a commence comme \u00e7a<\/h2>\n<blockquote><p><em>Tout n&rsquo;\u00e9tait que chaos et d\u00e9solation&#8230;<br \/>\n<\/em><\/p><\/blockquote>\n<h3><strong>Les <strong>textes<\/strong><\/strong><\/h3>\n<ul>\n<li><a title=\"Challenge Flash n\u00b07 \u2013 Texte n\u00b01\" href=\"http:\/\/www.atorgael.com\/?p=8316\">Atorgael<\/a><\/li>\n<li><a title=\"Challenge Flash n\u00b07 \u2013 Texte n\u00b02\" href=\"http:\/\/www.atorgael.com\/?p=8317\">Anthony<\/a><\/li>\n<li><a title=\"Challenge Flash n\u00b07 \u2013 Texte n\u00b03\" href=\"http:\/\/www.atorgael.com\/?p=8320\">STR<\/a><\/li>\n<li><a title=\"Challenge Flash n\u00b07 \u2013 Texte n\u00b04\" href=\"http:\/\/www.atorgael.com\/?p=8321\">M\u00e9tatron<\/a><\/li>\n<\/ul>\n<h1>Challenge flash n\u00b06 &#8211; Novembre 2013<\/h1>\n<h2>Th\u00e8me : Jeunesse \/ Vieillesse<\/h2>\n<blockquote><p><em>A vous d&rsquo;imaginer les passerelles entre ces 2 \u00e9tats, les oppositions, les confrontations ou les points de convergence.<br \/>\nOu bien, vous ne pouvez aborder qu&rsquo;un seul de ces stades de la vie.<br \/>\n<\/em><\/p><\/blockquote>\n<h3><strong>Les textes<\/strong><\/h3>\n<ul>\n<li><a title=\"Challenge Flash n\u00b06 \u2013 Franck\" href=\"http:\/\/www.atorgael.com\/?p=8026\">Franck<\/a><\/li>\n<li><a title=\"Challenge Flash n\u00b06 \u2013 Khellendros\" href=\"http:\/\/www.atorgael.com\/?p=8027\">Khellendros<\/a><\/li>\n<li><a title=\"Challenge Flash n\u00b06 \u2013 Est\u00e9e R.\" href=\"http:\/\/www.atorgael.com\/?p=8028\">Est\u00e9e R.<\/a><\/li>\n<li><a title=\"Challenge Flash n\u00b06 \u2013 M\u00e9tatron\" href=\"http:\/\/www.atorgael.com\/?p=8163\">M\u00e9tatron<\/a><\/li>\n<\/ul>\n<h1>Challenge flash n\u00b05 &#8211; Octobre 2013<\/h1>\n<h2>Th\u00e8me : \u00c7a commence comme \u00e7a<\/h2>\n<blockquote><p><em>\u00ab\u00a0Lentement, [il\/elle\/nom] ouvrit le grand livre&#8230;\u00a0\u00bb<\/em><\/p><\/blockquote>\n<h3>Les textes<\/h3>\n<ul>\n<li><a title=\"Challenge Flash n\u00b05 \u2013 Est\u00e9e R.\" href=\"http:\/\/www.atorgael.com\/?p=7949\">Est\u00e9e R.<\/a><\/li>\n<li><a title=\"Challenge Flash n\u00b05 \u2013 Anthony\" href=\"http:\/\/www.atorgael.com\/?p=7950\">Anthony<\/a><\/li>\n<li><a title=\"Challenge Flash n\u00b05 \u2013 Atorgael\" href=\"http:\/\/www.atorgael.com\/?p=7951\">Atorgael<\/a><\/li>\n<li><a title=\"Challenge Flash n\u00b05 \u2013 Anabelle\" href=\"http:\/\/www.atorgael.com\/?p=7956\">Anabelle<\/a><\/li>\n<\/ul>\n<h1>Challenge flash n\u00b04 &#8211; Mai 2013<\/h1>\n<h2>Th\u00e8me : Un petit air de&#8230;<\/h2>\n<p>Un challenge flash un peu sp\u00e9cial, propos\u00e9 par Est\u00e9e R. (oui, je balance) et qui va vous faire travailler votre imaginaire et votre ressenti sur une musique que vous pouvez \u00e9couter par le lecteur ci-dessous.<\/p>\n<p>A vous de nous proposer une histoire que ces quelques notes vous \u00e9voquent : <div class=\"compact_audio_player_wrapper\"><div class=\"sc_player_container1\"><input type=\"button\" id=\"btnplay_69f62ef08f3915.08858472\" class=\"myButton_play\" onClick=\"play_mp3('play','69f62ef08f3915.08858472','http:\/\/www.atorgael.com\/wp-content\/uploads\/2013\/05\/06_-_Edvin-Marton_-_Dramatico.mp3','80','false');show_hide('play','69f62ef08f3915.08858472');\" \/><input type=\"button\"  id=\"btnstop_69f62ef08f3915.08858472\" style=\"display:none\" class=\"myButton_stop\" onClick=\"play_mp3('stop','69f62ef08f3915.08858472','','80','false');show_hide('stop','69f62ef08f3915.08858472');\" \/><div id=\"sm2-container\"><!-- flash movie ends up here --><\/div><\/div><\/div><\/p>\n<h3>Les textes<\/h3>\n<ul>\n<li><a title=\"Challenge Flash n\u00b04 \u2013 Atorgael\" href=\"http:\/\/www.atorgael.com\/?p=7607\">Atorgael<\/a><\/li>\n<li><a title=\"Challenge Flash n\u00b04 \u2013 Est\u00e9e R.\" href=\"http:\/\/www.atorgael.com\/?p=7617\">Est\u00e9e R.<\/a><\/li>\n<li><a title=\"Challenge Flash n\u00b04 \u2013 Khellendros\" href=\"http:\/\/www.atorgael.com\/?p=7616\">Khellendros<\/a><\/li>\n<li><a title=\"Challenge Flash n\u00b04 \u2013 M\u00e9tatron\" href=\"http:\/\/www.atorgael.com\/?p=7618\">M\u00e9tatron<\/a><\/li>\n<\/ul>\n<h1>Challenge flash n\u00b03 &#8211; Avril 2013<\/h1>\n<h2>Th\u00e8me : \u00c7a commence comme \u00e7a<\/h2>\n<blockquote><p>\u00ab\u00a0Le vent faisait osciller &#8230;\u00a0\u00bb<\/p><\/blockquote>\n<h3>Les textes<\/h3>\n<ul>\n<li><a title=\"Challenge Flash n\u00b03 \u2013 Atorgael\" href=\"http:\/\/www.atorgael.com\/?p=7570\">Atorgael<\/a><\/li>\n<li><a title=\"Challenge Flash n\u00b03 \u2013 Anthony\" href=\"http:\/\/www.atorgael.com\/?p=7591\">Khellendros<\/a><\/li>\n<li><a title=\"Challenge Flash n\u00b03 \u2013 Est\u00e9e R.\" href=\"http:\/\/www.atorgael.com\/?p=7592\">Est\u00e9e R.<\/a><\/li>\n<\/ul>\n<h1>Challenge flash n\u00b02 &#8211; F\u00e9vrier 2013<\/h1>\n<h2>Th\u00e8me : \u00c7a Finit comme \u00e7a<\/h2>\n<blockquote><p>\u00ab\u00a0&#8230; Au loin la poussi\u00e8re retombait doucement.\u00a0\u00bb<\/p><\/blockquote>\n<h3>Les textes<\/h3>\n<ul>\n<li><a title=\"Challenge Flash n\u00b02 \u2013 Texte n\u00b01\" href=\"http:\/\/www.atorgael.com\/?p=7508\">Rendar<\/a><\/li>\n<li><a title=\"Challenge Flash n\u00b02 \u2013 Texte n\u00b02\" href=\"http:\/\/www.atorgael.com\/?p=7509\">Est\u00e9e R.<\/a><\/li>\n<li><a title=\"Challenge Flash n\u00b02 \u2013 Texte n\u00b03\" href=\"http:\/\/www.atorgael.com\/?p=7510\">Atorgael<\/a><\/li>\n<li><a title=\"Challenge Flash n\u00b02 \u2013 Texte n\u00b04\" href=\"http:\/\/www.atorgael.com\/?p=7511\">Anthony<\/a><\/li>\n<li><a title=\"Challenge Flash n\u00b02 \u2013 Texte n\u00b05\" href=\"http:\/\/www.atorgael.com\/?p=7512\">M\u00e9tatron<\/a><\/li>\n<\/ul>\n<h1>Challenge flash n\u00b01 &#8211; Janvier 2013<\/h1>\n<h2>Th\u00e8me : \u00c7a commence comme \u00e7a<\/h2>\n<blockquote><p>\u00ab\u00a0Le chemin devenait boueux&#8230;\u00a0\u00bb<\/p><\/blockquote>\n<h3>Les textes<\/h3>\n<ul>\n<li><a title=\"Challenge Flash n\u00b01 \u2013 Texte n\u00b01\" href=\"http:\/\/www.atorgael.com\/?p=7485\">Atorgael<\/a><\/li>\n<li><a title=\"Challenge Flash n\u00b01 \u2013 Texte n\u00b02\" href=\"http:\/\/www.atorgael.com\/?p=7491\">Rendar<\/a><\/li>\n<li><a title=\"Challenge Flash n\u00b01 \u2013 Texte n\u00b03\" href=\"http:\/\/www.atorgael.com\/?p=7492\">Anthony<\/a><\/li>\n<li><a title=\"Challenge Flash n\u00b01 \u2013 Texte n\u00b04\" href=\"http:\/\/www.atorgael.com\/?p=7493\">Est\u00e9e R.<\/a><\/li>\n<\/ul>\n","protected":false},"excerpt":{"rendered":"Principes et pr\u00e9sentation\n<p>Les challenges-flash sont ouverts \u00e0 tous. Le principe est d\u2019\u00e9crire quelques pages sur un th\u00e8me impos\u00e9 dans le temps imparti lors de la pr\u00e9sentation du challenge.<\/p>\n<p>Ce format de challenge vient compl\u00e9ter <a title=\"Les challenges d'\u00e9criture\" href=\"http:\/\/www.atorgael.com\/?p=4764\">les challenges d&rsquo;\u00e9criture<\/a> <a rel=\"nofollow\" href=\"https:\/\/www.atorgael.com\/?page_id=7296\">... [Lire la suite]<\/a>","protected":false},"author":2,"featured_media":0,"parent":1209,"menu_order":2,"comment_status":"closed","ping_status":"closed","template":"","meta":{"jetpack_post_was_ever_published":false,"footnotes":""},"class_list":["post-7296","page","type-page","status-publish","hentry"],"jetpack_likes_enabled":true,"jetpack_sharing_enabled":true,"_links":{"self":[{"href":"https:\/\/www.atorgael.com\/index.php?rest_route=\/wp\/v2\/pages\/7296","targetHints":{"allow":["GET"]}}],"collection":[{"href":"https:\/\/www.atorgael.com\/index.php?rest_route=\/wp\/v2\/pages"}],"about":[{"href":"https:\/\/www.atorgael.com\/index.php?rest_route=\/wp\/v2\/types\/page"}],"author":[{"embeddable":true,"href":"https:\/\/www.atorgael.com\/index.php?rest_route=\/wp\/v2\/users\/2"}],"replies":[{"embeddable":true,"href":"https:\/\/www.atorgael.com\/index.php?rest_route=%2Fwp%2Fv2%2Fcomments&post=7296"}],"version-history":[{"count":0,"href":"https:\/\/www.atorgael.com\/index.php?rest_route=\/wp\/v2\/pages\/7296\/revisions"}],"up":[{"embeddable":true,"href":"https:\/\/www.atorgael.com\/index.php?rest_route=\/wp\/v2\/pages\/1209"}],"wp:attachment":[{"href":"https:\/\/www.atorgael.com\/index.php?rest_route=%2Fwp%2Fv2%2Fmedia&parent=7296"}],"curies":[{"name":"wp","href":"https:\/\/api.w.org\/{rel}","templated":true}]}}