{"id":6861,"date":"2011-09-12T09:59:57","date_gmt":"2011-09-12T07:59:57","guid":{"rendered":"http:\/\/www.atorgael.com\/?page_id=6861"},"modified":"2013-11-25T09:25:35","modified_gmt":"2013-11-25T08:25:35","slug":"divers-livres","status":"publish","type":"page","link":"https:\/\/www.atorgael.com\/?page_id=6861","title":{"rendered":"Autres livres"},"content":{"rendered":"<h1>Livres \u00ab\u00a0Point2\u00a0\u00bb<\/h1>\n<p>Un nouveau format pour des r\u00e9\u00e9ditions.<\/p>\n<p>En plus de son contenu, c&rsquo;est aussi de livre lui-m\u00eame dont on va parler.<\/p>\n<p>Petite pr\u00e9sentation pr\u00e9alable de ce format : Les \u00e9ditions Point2 proposent depuis quelques temps maintenant un nouveau format de livre de poche. Toutes les explications sont <a title=\"Edition Point 2\" href=\"http:\/\/www.editionspoint2.com\/\" target=\"_blank\">sur leur site<\/a>. Tout petit format qui loge parfaitement dans toutes les poches, il se tient et se lit d&rsquo;une main, pos\u00e9 \u00e0 plat sur une table il reste ouvert. mais est-ce vraiment un plus ou bien juste un gadget de plus ?<\/p>\n<p>Pour avoir essay\u00e9 ces format, j&rsquo;en suis assez fan. Qualit\u00e9 du papier bible, couverture solide, l\u00e9ger, pratique. Un format que j&rsquo;aimerais voir se d\u00e9mocratiser pour un prix qui s&rsquo;en trouverait alors r\u00e9duit.<\/p>\n<p>Place aux livres :<\/p>\n<ul>\n<li><a href=\"?p=7031\">Chroniques de la haine ordinaire<\/a> &#8211; Pierre Desproges<\/li>\n<li><a href=\"?p=7032\">Poussi\u00e8res d&rsquo;\u00e9toiles<\/a> &#8211; Hubert Reeves<\/li>\n<\/ul>\n<ul>\n<li><a title=\"Ka\u00efken\" href=\"http:\/\/www.atorgael.com\/?p=7401\">Kaiken<\/a><\/li>\n<li><a title=\"l\u2019amour dure trois ans\" href=\"http:\/\/www.atorgael.com\/?p=7403\">L&rsquo;amour dure 3 ans<\/a><\/li>\n<\/ul>\n<ul>\n<li><a title=\"Quattrocento\" href=\"http:\/\/www.atorgael.com\/?p=7944\">Quattrocento<\/a><\/li>\n<\/ul>\n","protected":false},"excerpt":{"rendered":"Livres \u00ab\u00a0Point2\u00a0\u00bb\n<p>Un nouveau format pour des r\u00e9\u00e9ditions.<\/p>\n<p>En plus de son contenu, c&rsquo;est aussi de livre lui-m\u00eame dont on va parler.<\/p>\n<p>Petite pr\u00e9sentation pr\u00e9alable de ce format : Les \u00e9ditions Point2 proposent depuis quelques temps maintenant un nouveau format de livre de <a rel=\"nofollow\" href=\"https:\/\/www.atorgael.com\/?page_id=6861\">... [Lire la suite]<\/a>","protected":false},"author":2,"featured_media":0,"parent":2004,"menu_order":7,"comment_status":"closed","ping_status":"closed","template":"","meta":{"jetpack_post_was_ever_published":false,"footnotes":""},"class_list":["post-6861","page","type-page","status-publish","hentry"],"jetpack_likes_enabled":true,"jetpack_sharing_enabled":true,"_links":{"self":[{"href":"https:\/\/www.atorgael.com\/index.php?rest_route=\/wp\/v2\/pages\/6861","targetHints":{"allow":["GET"]}}],"collection":[{"href":"https:\/\/www.atorgael.com\/index.php?rest_route=\/wp\/v2\/pages"}],"about":[{"href":"https:\/\/www.atorgael.com\/index.php?rest_route=\/wp\/v2\/types\/page"}],"author":[{"embeddable":true,"href":"https:\/\/www.atorgael.com\/index.php?rest_route=\/wp\/v2\/users\/2"}],"replies":[{"embeddable":true,"href":"https:\/\/www.atorgael.com\/index.php?rest_route=%2Fwp%2Fv2%2Fcomments&post=6861"}],"version-history":[{"count":0,"href":"https:\/\/www.atorgael.com\/index.php?rest_route=\/wp\/v2\/pages\/6861\/revisions"}],"up":[{"embeddable":true,"href":"https:\/\/www.atorgael.com\/index.php?rest_route=\/wp\/v2\/pages\/2004"}],"wp:attachment":[{"href":"https:\/\/www.atorgael.com\/index.php?rest_route=%2Fwp%2Fv2%2Fmedia&parent=6861"}],"curies":[{"name":"wp","href":"https:\/\/api.w.org\/{rel}","templated":true}]}}