{"id":6725,"date":"2010-10-08T16:03:50","date_gmt":"2010-10-08T14:03:50","guid":{"rendered":"http:\/\/www.atorgael.com\/atglvxi_wp\/?page_id=6725"},"modified":"2013-02-07T18:49:27","modified_gmt":"2013-02-07T17:49:27","slug":"ecrire","status":"publish","type":"page","link":"https:\/\/www.atorgael.com\/?page_id=6725","title":{"rendered":"Ecrire"},"content":{"rendered":"<p>Le Sanctum est le site des scribe, \u00e7a vous le savez. Que font les scribes ? Ils \u00e9crivent, bonne r\u00e9ponse.<\/p>\n<h2>Quelques d\u00e9finitions<\/h2>\n<p>Selon Wikip\u00e9dia, il existe une diff\u00e9rence quant aux noms donn\u00e9s aux \u0153uvres \u00e9crites selon le nombre de caract\u00e8res qu&rsquo;elles comportent :<\/p>\n<ul>\n<li>La microfiction ou nanofiction ou fiction \u00e9clair, la longueur g\u00e9n\u00e9ralement accept\u00e9e est de 1.000 caract\u00e8res espaces comprises ou moins.<\/li>\n<li>Une histoire courte traditionnelle compte de 2.501 \u00e0 7.500 caract\u00e8res.<\/li>\n<li>Une nouvelle courte de 7.501 \u00e0 17.500 caract\u00e8res.<\/li>\n<li>Une nouvelle de 17.501 \u00e0 40.000 caract\u00e8res<\/li>\n<li>Un roman contient 40.001 caract\u00e8res et plus.<\/li>\n<\/ul>\n<p>Voila que vous aidera \u00e0 positionner vos prochaines cr\u00e9ations&#8230;<\/p>\n<p>Sur <a title=\"Mon site\" href=\"http:\/\/www.atorgael.com\/atorgael\/\" target=\"_blank\">mon site personnel<\/a> regroupant tous mes \u00e9crits, je me suis amus\u00e9 \u00e0 r\u00e9diger des micro-nouvelles o\u00f9 je me suis limit\u00e9 \u00e0 250 caract\u00e8res en comptant le titre.<\/p>\n<h2>Aide \u00e0 la cr\u00e9ation<\/h2>\n<h3>Vocabulaire<\/h3>\n<p>Travailler son vocabulaire afin de ne pas ressortir le m\u00eame mot toutes les 3 lignes. \u00c7a peut servir, \u00e7a doit servir.<\/p>\n<ul>\n<li><a href=\"?p=4383\" target=\"_self\">Les 5 sens<\/a><\/li>\n<li><a href=\"?p=4384\" target=\"_self\">Les portraits<\/a><\/li>\n<li><a href=\"?p=4385\" target=\"_self\">Les vins<\/a><\/li>\n<\/ul>\n<h3>Cours<\/h3>\n<p>Quelques rappels simples et parfois \u00e9l\u00e9mentaires mais toujours utiles pour ceux qui ont quitt\u00e9 les bancs de l&rsquo;\u00e9cole depuis quelques ann\u00e9es. Et pour les autres aussi.<\/p>\n<ul>\n<li><a href=\"?p=4378\" target=\"_self\">R\u00e8gles de ponctuation<\/a>\n<ul>\n<li><a title=\"La ponctuation des dialogues\" href=\"http:\/\/www.atorgael.com\/?p=7489\">La ponctuation des dialogues<\/a><\/li>\n<\/ul>\n<\/li>\n<li><a href=\"?p=4387\" target=\"_self\">Les homophonies<\/a><\/li>\n<li><a href=\"?p=4386\" target=\"_self\">Les paronymes<\/a><\/li>\n<li><a href=\"?p=4379\" target=\"_self\">Les pluriels<\/a><\/li>\n<\/ul>\n<ul>\n<li><a href=\"?p=4380\" target=\"_self\">Accorder les temps<\/a><\/li>\n<li><a href=\"?p=4381\" target=\"_self\">Les participes pass\u00e9s<\/a><\/li>\n<\/ul>\n<h3>M\u00e9thodes<\/h3>\n<p>Mettre une structure de r\u00e9cit en place, savoir aborder son projet, la derni\u00e8re \u00e9tape avant de jeter les premiers mots sur le papier.<\/p>\n<ul>\n<li><a href=\"?p=4382\" target=\"_self\">J&rsquo;ai une id\u00e9e<\/a><\/li>\n<li><a href=\"?p=961\" target=\"_self\">Ecrire en 4 le\u00e7ons<\/a><\/li>\n<\/ul>\n<h2>Exercices<\/h2>\n<p>Les exercices \u00e9taient fr\u00e9quent \u00e0 une \u00e9poque pas si lointaine. Ils reviendront bient\u00f4t !<\/p>\n<h4>Les \u00e9motions<\/h4>\n<ul>\n<li>[Ex#1] <a href=\"?p=5616\" target=\"_self\">D\u00e9crire des \u00e9motions<\/a><\/li>\n<\/ul>\n<h4>Photo langage<\/h4>\n<ul>\n<li>[EX#2.1] Juillet 2006<\/li>\n<li>[EX#2.2] Ao\u00fbt 2006<\/li>\n<li>[EX#2.3] Septembre 2006<\/li>\n<li>[EX#2.4] F\u00e9vrier 2007<\/li>\n<\/ul>\n<h4>D\u00e9crire<\/h4>\n<ul>\n<li>[EX#3] Beaut\u00e9 silencieuse<\/li>\n<\/ul>\n<h4>Ponctuation<\/h4>\n<ul>\n<li>[EX#4.1] Niveau tr\u00e8s facile<\/li>\n<li>[EX#4.2] Niveau moyen<\/li>\n<\/ul>\n","protected":false},"excerpt":{"rendered":"<p>Le Sanctum est le site des scribe, \u00e7a vous le savez. Que font les scribes ? Ils \u00e9crivent, bonne r\u00e9ponse.<\/p>\nQuelques d\u00e9finitions\n<p>Selon Wikip\u00e9dia, il existe une diff\u00e9rence quant aux noms donn\u00e9s aux \u0153uvres \u00e9crites selon le nombre de caract\u00e8res qu&rsquo;elles comportent <a rel=\"nofollow\" href=\"https:\/\/www.atorgael.com\/?page_id=6725\">... [Lire la suite]<\/a>","protected":false},"author":2,"featured_media":0,"parent":0,"menu_order":3,"comment_status":"closed","ping_status":"open","template":"","meta":{"jetpack_post_was_ever_published":false,"footnotes":""},"class_list":["post-6725","page","type-page","status-publish","hentry"],"jetpack_likes_enabled":true,"jetpack_sharing_enabled":true,"_links":{"self":[{"href":"https:\/\/www.atorgael.com\/index.php?rest_route=\/wp\/v2\/pages\/6725","targetHints":{"allow":["GET"]}}],"collection":[{"href":"https:\/\/www.atorgael.com\/index.php?rest_route=\/wp\/v2\/pages"}],"about":[{"href":"https:\/\/www.atorgael.com\/index.php?rest_route=\/wp\/v2\/types\/page"}],"author":[{"embeddable":true,"href":"https:\/\/www.atorgael.com\/index.php?rest_route=\/wp\/v2\/users\/2"}],"replies":[{"embeddable":true,"href":"https:\/\/www.atorgael.com\/index.php?rest_route=%2Fwp%2Fv2%2Fcomments&post=6725"}],"version-history":[{"count":0,"href":"https:\/\/www.atorgael.com\/index.php?rest_route=\/wp\/v2\/pages\/6725\/revisions"}],"wp:attachment":[{"href":"https:\/\/www.atorgael.com\/index.php?rest_route=%2Fwp%2Fv2%2Fmedia&parent=6725"}],"curies":[{"name":"wp","href":"https:\/\/api.w.org\/{rel}","templated":true}]}}