{"id":6598,"date":"2010-08-10T16:22:54","date_gmt":"2010-08-10T14:22:54","guid":{"rendered":"http:\/\/www.atorgael.com\/atglvxi_wp\/?page_id=6598"},"modified":"2014-11-14T14:30:36","modified_gmt":"2014-11-14T13:30:36","slug":"le-meilleur-de-la-sf","status":"publish","type":"page","link":"https:\/\/www.atorgael.com\/?page_id=6598","title":{"rendered":"Le meilleur de la SF"},"content":{"rendered":"<h1>Science-Fiction<\/h1>\n<p>La SF, vaste sujet, autant de livres que d&rsquo;\u00e9toiles dans la ciel. Ou a peu de chose pr\u00e8s. Nous vous y pr\u00e9senterons les livres qui nous on fait vibrer, ceux que vous devriez avoir d\u00e9j\u00e0 lus. Anticipation, Cyberpunk, Space Op\u00e9ra, mondes parall\u00e8les \u2026 autant de genres pour autant de lectures possibles.<\/p>\n<div style=\"width:45%; float: left; padding-right: 10%; display: inline;\" class=\"post_column_1\"><p>\n<ul>\n<li><a title=\"Neuropath\" href=\"http:\/\/www.atorgael.com\/?p=7093\">Neuropath<\/a><\/li>\n<\/ul>\n<ul>\n<li><a title=\"L\u2019homme d\u00e9moli\" href=\"http:\/\/www.atorgael.com\/?p=7194\">Succession tome 1<\/a><\/li>\n<li><a href=\"?p=6645\" target=\"_self\">Succession tome 2<\/a><\/li>\n<\/ul>\n<ul>\n<li><a href=\"?p=6860\">Martiens, go home !<\/a> &#8211; Fredric Brown<\/li>\n<\/ul>\n<ul>\n<li><a title=\"L\u2019o10ss\u00e9e\" href=\"http:\/\/www.atorgael.com\/?p=6924\">L&rsquo;o10ss\u00e9e<\/a> &#8211; L&rsquo;odyss\u00e9e Folio SF en 10 nouvelles<\/li>\n<\/ul>\n<ul>\n<li>Zone de guerre &#8211;<a title=\"Dan Abnett\" href=\"http:\/\/www.atorgael.com\/?p=6992\"> Dan Abnett<\/a><\/li>\n<\/ul>\n<ul>\n<li><a title=\"Rama\" href=\"http:\/\/www.atorgael.com\/?p=7421\">Rama<\/a><\/li>\n<\/ul>\n<ul>\n<li><a title=\"La guerre olympique\" href=\"http:\/\/www.atorgael.com\/?p=7310\">La guerre olympique<\/a><\/li>\n<\/ul>\n<ul>\n<li><a title=\"Cr\u00e9puscule d\u2019acier\" href=\"http:\/\/www.atorgael.com\/?p=7599\">Cr\u00e9puscule d&rsquo;acier<\/a><\/li>\n<\/ul>\n<ul>\n<li><a title=\"Gueule de truie\" href=\"http:\/\/www.atorgael.com\/?p=7644\">Gueule de truie<\/a><\/li>\n<li><a title=\"C\u0153urs de rouille\" href=\"http:\/\/www.atorgael.com\/?p=7770\">C\u0153ur de rouille<\/a><\/li>\n<\/ul>\n<ul>\n<li><a title=\"La fille automate\" href=\"http:\/\/www.atorgael.com\/?p=7647\">La fille automate<\/a><\/li>\n<\/ul>\n<ul>\n<li><a title=\"Demain les chiens\" href=\"http:\/\/www.atorgael.com\/?p=7906\">Demain les chiens<\/a><\/li>\n<\/ul>\n<ul>\n<li><a title=\"Ubik\" href=\"http:\/\/www.atorgael.com\/?p=7769\">Ubik<\/a><\/li>\n<li><a title=\"Les op\u00e9ras de l\u2019espace\" href=\"http:\/\/www.atorgael.com\/?p=8375\">Les op\u00e9ras de l&rsquo;espace<\/a><\/li>\n<li><a title=\"Les tours de Samarante\" href=\"http:\/\/www.atorgael.com\/?p=8382\">Les tours de Samarante<\/a><\/li>\n<\/ul>\n<h3>Le cycle d&rsquo;Ender<\/h3>\n<ul>\n<li><a title=\"La Strat\u00e9gie Ender\" href=\"http:\/\/www.atorgael.com\/?p=7206\">la Strat\u00e9gie Ender<\/a><\/li>\n<li><a title=\"La Voix des morts\" href=\"http:\/\/www.atorgael.com\/?p=7216\">la Voix des Morts<\/a><\/li>\n<li><a title=\"Xenocide\" href=\"http:\/\/www.atorgael.com\/?p=7236\">Xenocide<\/a><\/li>\n<li><a title=\"Les enfants de l\u2019esprit\" href=\"http:\/\/www.atorgael.com\/?p=7237\">les Enfants de l&rsquo;Esprit<\/a><\/li>\n<\/ul>\n<h3>Le saga Vorkosigan<\/h3>\n<ul>\n<li>Op\u00e9ration Cay<\/li>\n<li>Cordelia Vorkosigan<\/li>\n<li>Barrayar<\/li>\n<li>L&rsquo;apprentissage du guerrier<\/li>\n<li>Miles Vorkosigan<\/li>\n<li>Cetaganda<\/li>\n<li>Ethan d&rsquo;Athos<\/li>\n<li>Les fronti\u00e8res de l&rsquo;infini<\/li>\n<li>Un clone encombrant<\/li>\n<li>La danse du miroir<\/li>\n<li>Memory<\/li>\n<li>Komarr<\/li>\n<li>Ekaterin<\/li>\n<li>Immunit\u00e9 diplomatique<\/li>\n<li><a title=\"Cryoburn\" href=\"http:\/\/www.atorgael.com\/?p=7727\">Cryoburn<\/a><\/li>\n<\/ul>\n<h3>Le cycle de Dune<\/h3>\n<h4>Dune<\/h4>\n<ul>\n<li>le Messie de Dune<\/li>\n<li>les Enfants de Dune<\/li>\n<li>l&rsquo;Empereur-Dieu de Dune<\/li>\n<li>les H\u00e9r\u00e9tiques de Dune<\/li>\n<\/ul>\n<h4>Avant Dune<\/h4>\n<ul>\n<li>Et l&rsquo;Homme cr\u00e9a un Dieu<\/li>\n<li>la Maison des Atr\u00e9ides<\/li>\n<li>la Maison Harkonnen<\/li>\n<li>la Maison Corrino<\/li>\n<\/ul>\n<h4>Apr\u00e8s Dune<\/h4>\n<ul>\n<li>la Maison des M\u00e8res<\/li>\n<li>les Chasseurs de Dune<\/li>\n<li>le Triomphe de Dune<\/li>\n<\/ul>\n<h3>Le cycle de Fondation<\/h3>\n<ul>\n<li>A venir&#8230;<\/li>\n<li>&#8230;<\/div><\/li>\n<\/ul>\n<div style=\"width:45%; float: left; padding-right: 0%; display: inline;\" class=\"post_column_1\"><p><\/p>\n<h3>Autres livres<\/h3>\n<p><span style=\"text-decoration: underline;\">De Jack Vance :<\/span><\/p>\n<ul>\n<li><a href=\"?p=4782\" target=\"_self\">Le Cycle de Tscha\u00ef<\/a><\/li>\n<li><a title=\"La vie \u00e9ternelle\" href=\"?p=6643\">La vie \u00e9ternelle<\/a><\/li>\n<li><a title=\"Space Op\u00e9ra\" href=\"http:\/\/www.atorgael.com\/?p=8425\">Space Op\u00e9ra<\/a><\/li>\n<\/ul>\n<p><span style=\"text-decoration: underline;\">De Robert Heinlein :<\/span><\/p>\n<ul>\n<li><a title=\"L\u2019\u00e2ge des \u00e9toiles\" href=\"?p=6900\">L&rsquo;\u00e2ge des \u00e9toiles<\/a><\/li>\n<li><a title=\"Citoyen de la galaxie\" href=\"?p=6911\">Citoyen de la galaxie<\/a><\/li>\n<li><a title=\"Double \u00e9toile\" href=\"?p=6926\">Double \u00c9toile<\/a><\/li>\n<li><a title=\"Marionnettes humaines\" href=\"?p=6929\">Marionnettes humaines<\/a><\/li>\n<li><a title=\"Une porte sur l\u2019\u00e9t\u00e9\" href=\"http:\/\/www.atorgael.com\/?p=7635\">Une porte sur l&rsquo;\u00e9t\u00e9<\/a><\/li>\n<\/ul>\n<p><span style=\"text-decoration: underline;\">De Alfred Bester<\/span><\/p>\n<ul>\n<li><a title=\"L\u2019homme d\u00e9moli\" href=\"http:\/\/www.atorgael.com\/?p=7194\">L&rsquo;homme d\u00e9moli<\/a><\/li>\n<li><a title=\"Terminus les \u00e9toiles\" href=\"http:\/\/www.atorgael.com\/?p=7201\">Terminus, les \u00e9toiles<\/a><\/li>\n<\/ul>\n<p><span style=\"text-decoration: underline;\">De Georges RR Martin<\/span><\/p>\n<ul>\n<li><a title=\"Le Volcryn\" href=\"http:\/\/www.atorgael.com\/?p=7464\">Le Volcryn<\/a><\/li>\n<li><a title=\"Windhaven\" href=\"http:\/\/www.atorgael.com\/?p=7529\">Windhaven<\/a><\/li>\n<li><a title=\"Le voyage de Haviland Tuf\" href=\"http:\/\/www.atorgael.com\/?p=7502\">Le voyage de Haviland Tuf<\/a><\/li>\n<li><a title=\"Les rois des sables\" href=\"http:\/\/www.atorgael.com\/?p=7598\">Les rois des sables<\/a><\/li>\n<\/ul>\n<p><span style=\"text-decoration: underline;\">De Margaret Weis<\/span><\/p>\n<ul>\n<li><a title=\"La qu\u00eate du Roi\" href=\"http:\/\/www.atorgael.com\/?p=7576\">La qu\u00eate du roi<\/a><\/li>\n<li><a title=\"L\u2019\u00e9preuve du Roi\" href=\"http:\/\/www.atorgael.com\/?p=7597\">L&rsquo;\u00e9preuve du roi<\/a><\/li>\n<li><a title=\"Le sacrifice du Roi &amp; La L\u00e9gion Fant\u00f4me\" href=\"http:\/\/www.atorgael.com\/?p=7720\">Le sacrifice du roi<\/a><\/li>\n<li><a title=\"Le sacrifice du Roi &amp; La L\u00e9gion Fant\u00f4me\" href=\"http:\/\/www.atorgael.com\/?p=7720\">La l\u00e9gion fant\u00f4me<\/a><\/li>\n<\/ul>\n<p>Sans oublier les livres autour de <a href=\"?page_id=2004&amp;page=2\" target=\"_self\">Star Wars<\/a>.<\/div>\n<div style=\"clear: both;\"><\/div>\n","protected":false},"excerpt":{"rendered":"Science-Fiction\n<p>La SF, vaste sujet, autant de livres que d&rsquo;\u00e9toiles dans la ciel. Ou a peu de chose pr\u00e8s. Nous vous y pr\u00e9senterons les livres qui nous on fait vibrer, ceux que vous devriez avoir d\u00e9j\u00e0 lus. Anticipation, Cyberpunk, Space Op\u00e9ra, <a rel=\"nofollow\" href=\"https:\/\/www.atorgael.com\/?page_id=6598\">... [Lire la suite]<\/a>","protected":false},"author":2,"featured_media":0,"parent":2004,"menu_order":5,"comment_status":"closed","ping_status":"closed","template":"","meta":{"jetpack_post_was_ever_published":false,"footnotes":""},"class_list":["post-6598","page","type-page","status-publish","hentry"],"jetpack_likes_enabled":true,"jetpack_sharing_enabled":true,"_links":{"self":[{"href":"https:\/\/www.atorgael.com\/index.php?rest_route=\/wp\/v2\/pages\/6598","targetHints":{"allow":["GET"]}}],"collection":[{"href":"https:\/\/www.atorgael.com\/index.php?rest_route=\/wp\/v2\/pages"}],"about":[{"href":"https:\/\/www.atorgael.com\/index.php?rest_route=\/wp\/v2\/types\/page"}],"author":[{"embeddable":true,"href":"https:\/\/www.atorgael.com\/index.php?rest_route=\/wp\/v2\/users\/2"}],"replies":[{"embeddable":true,"href":"https:\/\/www.atorgael.com\/index.php?rest_route=%2Fwp%2Fv2%2Fcomments&post=6598"}],"version-history":[{"count":0,"href":"https:\/\/www.atorgael.com\/index.php?rest_route=\/wp\/v2\/pages\/6598\/revisions"}],"up":[{"embeddable":true,"href":"https:\/\/www.atorgael.com\/index.php?rest_route=\/wp\/v2\/pages\/2004"}],"wp:attachment":[{"href":"https:\/\/www.atorgael.com\/index.php?rest_route=%2Fwp%2Fv2%2Fmedia&parent=6598"}],"curies":[{"name":"wp","href":"https:\/\/api.w.org\/{rel}","templated":true}]}}