{"id":3583,"date":"2008-11-16T15:36:17","date_gmt":"2008-11-16T14:36:17","guid":{"rendered":"http:\/\/battle.atorgael.com\/?page_id=3583"},"modified":"2015-01-22T13:04:28","modified_gmt":"2015-01-22T12:04:28","slug":"magique-fantasy","status":"publish","type":"page","link":"https:\/\/www.atorgael.com\/?page_id=3583","title":{"rendered":"Magique Fantasy"},"content":{"rendered":"<h1>Le plus f\u00e9\u00e9rique de la fantasy<\/h1>\n<p>Magiciens, sorciers, guerrier, trolls et barbares sont au rendez-vous de vos lectures. Pas tous en m\u00eame temps, heureusement.<\/p>\n<p>Voici un petit aper\u00e7u de ces livres o\u00f9 les h\u00e9ros les plus puissants c\u00f4toient les monstres les plus malfaisants.<br \/>\nMagie, combats, princesses et dragons vous accompagneront longtemps apr\u00e8s que vous ayez repos\u00e9 le livre.<\/p>\n<ul>\n<li><a title=\"Gagner la guerre\" href=\"http:\/\/www.atorgael.com\/?p=7343\">Gagner la guerre<\/a> &#8211; JP Jaworski<\/li>\n<li><a href=\"?p=6834\">Dehors les chiens les infid\u00e8les<\/a> &#8211; Ma\u00efa Mazaurette<\/li>\n<li><a href=\"?p=6855\">Ren\u00e9gats<\/a> &#8211; David Gemmel<\/li>\n<li><a title=\"Jirel de Joiry\" href=\"\/?p=6933\">Jirel de Joiry<\/a> &#8211; Catherine L Moore<\/li>\n<\/ul>\n<ul>\n<li><a title=\"Wastburg\" href=\"http:\/\/www.atorgael.com\/?p=7721\">Wastburg<\/a><\/li>\n<\/ul>\n<ul>\n<li><a title=\"La horde du contrevent\" href=\"http:\/\/www.atorgael.com\/?p=7175\">la horde du contrevent<\/a><\/li>\n<\/ul>\n<ul>\n<li><a title=\"Chien du heaume\" href=\"http:\/\/www.atorgael.com\/?p=7289\">Chien du heaume<\/a> &#8211; Justine Niogret<\/li>\n<li><a title=\"Mordre le bouclier\" href=\"http:\/\/www.atorgael.com\/?p=7568\">Mordre le bouclier<\/a> &#8211; Justine Niogret<\/li>\n<li><a title=\"Mordred\" href=\"http:\/\/www.atorgael.com\/?p=7741\">Mordred <\/a>&#8211; Justine Niogret<\/li>\n<\/ul>\n<ul>\n<li><a title=\"La trilogie de Bartimeus\" href=\"?p=6898\">La trilogie de Bartimeus<\/a> &#8211; Jonathan Stroud<\/li>\n<li><a title=\"L\u2019anneau de Salomon\" href=\"http:\/\/www.atorgael.com\/?p=7155\">L&rsquo;anneau de Salomon<\/a> &#8211; Jonathan Stroud<\/li>\n<\/ul>\n<ul>\n<li>Qushmarrah<\/li>\n<\/ul>\n<ul>\n<li><a title=\"Eragon\" href=\"http:\/\/www.atorgael.com\/?p=7269\">Eragon<\/a><\/li>\n<\/ul>\n<ul>\n<li><a title=\"Le Tr\u00f4ne de Fer\" href=\"http:\/\/www.atorgael.com\/?p=7258\">Le tr\u00f4ne de fer\u00a0<\/a><\/li>\n<\/ul>\n<ul>\n<li><a title=\"La qu\u00eate du Roi\" href=\"http:\/\/www.atorgael.com\/?p=7576\">Stardust<\/a><\/li>\n<\/ul>\n<h1>Auteurs et s\u00e9ries remarquables<\/h1>\n<h2>Robert Ervin Howard<\/h2>\n<p>L&rsquo;\u0153uvre majeure d&rsquo;Howard est sans conteste celle de Conan, celle qui fut le d\u00e9but de beaucoup de choses par la suite. Sans Howard et son h\u00e9ros embl\u00e9matique, on n&rsquo;\u00e9crirait pas de la fantasy de la m\u00eame mani\u00e8re, tout un pan n&rsquo;existerait m\u00eame pas, l&rsquo;h\u00e9roic-fantasy serait peut-\u00eatre encore \u00e0 cr\u00e9er.<\/p>\n<p>Mais il y a plus que cela, d\u00e9couvrez Solomon Kane et la pl\u00e9iade de h\u00e9ros comme Howard savait les \u00e9crire.<\/p>\n<ul>\n<li>Conan, Tome 1 : <a href=\"?p=1210\" target=\"_self\">Le Cimm\u00e9rien<\/a> &#8211; Parution : 19\/04\/2008<\/li>\n<li>Conan Tome 2 : <a href=\"?p=1212\" target=\"_self\">L&rsquo;Heure du Dragon<\/a> &#8211; Parution : 04\/12\/2008<\/li>\n<li>Conan Tome 3 : <a href=\"?p=1215\" target=\"_self\">Les clous rouges<\/a> &#8211; Parution : 18\/06\/2009<\/li>\n<\/ul>\n<p>Du m\u00eame auteur, dans la m\u00eame collection :<\/p>\n<ul>\n<li><a href=\"?p=1038\" target=\"_self\">Le Seigneur de Samarcande<\/a> &#8211; R\u00e9cits historiques &#8211; Parution : 21\/08\/2009<\/li>\n<li>Bran Mak Morn &#8211; Le dernier roi picte &#8211; Parution : 27\/11\/2009<\/li>\n<li>Les Dieux de Bal-Sagoth &#8211; Parution : 16\/04\/2010<\/li>\n<li>Kull le Roi Atlante &#8211; Parution : 16\/07\/2010<\/li>\n<li>El Borak &#8211; Parution : 23\/09\/2011<\/li>\n<li>Les Ombres de Canaan &#8211; Parution : 22\/02\/2013<\/li>\n<li><a href=\"?p=1218\" target=\"_self\">Solomon Kane le puritain<\/a> &#8211; Parution : 06\/12\/2013<\/li>\n<li>Agn\u00e8s la Noire &#8211; Parution : 18\/06\/2014<\/li>\n<\/ul>\n<h2>Glenn Cook<\/h2>\n<h3>La compagnie noire<\/h3>\n<p>La Compagnie noire de Glen Cook est une \u0153uvre majeure de ces derni\u00e8res ann\u00e9es. Combats \u00e9piques, personnages hauts en couleur et surtout un syst\u00e8me de narration parfaitement maitris\u00e9 pas son auteur qui lui permet de nous livrer une (longue) aventure qui vous tiendra en haleine jusqu&rsquo;au bout.<\/p>\n<h4>Les Livres du Nord<\/h4>\n<ul>\n<li><a href=\"?p=2975\" target=\"_self\">La Compagnie noire<\/a> (1998) &#8211; <em>The Black Company (1984)<\/em> &#8211;<\/li>\n<li><a href=\"?p=2976\" target=\"_self\">Le ch\u00e2teau noir<\/a> (1999) &#8211; <em>Shadows Linger (1984)<\/em> &#8211;<\/li>\n<li><a href=\"?p=2977\" target=\"_self\">La Rose Blanche<\/a> (1999) &#8211; <em>The White Rose (1985)<\/em> &#8211;<\/li>\n<\/ul>\n<h3>Les Livres du Sud<\/h3>\n<ul>\n<li><a href=\"?p=2978\" target=\"_self\">Jeux d&rsquo;ombres<\/a> (2001) &#8211; <em>Shadow Games (1989)<\/em> &#8211;<\/li>\n<li><a href=\"?p=2979\" target=\"_self\">R\u00eaves d&rsquo;acier<\/a> (2001) &#8211; <em>Dreams of Steel (1990)<\/em> &#8211;<\/li>\n<li><a href=\"?p=2980\" target=\"_self\">La Pointe d&rsquo;argent<\/a> (2002) &#8211; <em>The Silver Spike (1989)<\/em> &#8211;<\/li>\n<\/ul>\n<h3>Les livres de la Plaine Scintillante<\/h3>\n<ul>\n<li><a href=\"?p=2981\" target=\"_self\">Saisons funestes<\/a> (2003) &#8211; <em>Bleak Seasons (1996)<\/em> &#8211;<\/li>\n<li><a href=\"?p=2982\" target=\"_self\">Elle est les t\u00e9n\u00e8bres<\/a> (en 2 tomes en France) (2004) &#8211; <em>She Is the Darkness (1997)<\/em> &#8211;<\/li>\n<li><a href=\"?p=2983\" target=\"_self\">L&rsquo;eau dort<\/a> (en 2 tomes en France) (2005) &#8211; <em>Water Sleeps (1999)<\/em> &#8211;<\/li>\n<li><a href=\"?p=2984\" target=\"_self\">Soldats de pierre<\/a> (en 2 tomes en France) (2006) &#8211; <em>Soldier Live (2001)<\/em> &#8211;<\/li>\n<\/ul>\n<h3>Garrett &#8211; D\u00e9tective priv\u00e9<\/h3>\n<p>Une nouvelle s\u00e9rie de Glen Cook, Garrett est d\u00e9tective priv\u00e9, jusque l\u00e0 rien de nouveau, l&rsquo;originalit\u00e9 est d&rsquo;avoir plac\u00e9 ce personnage dans un univers fantastique qui emprunte des r\u00e9f\u00e9rences \u00e0 Shadowrun (le jeu de r\u00f4le et la s\u00e9rie de livres) et au monde magique de Xanth (s\u00e9rie de livres de Piers Anthony). Un m\u00e9lange os\u00e9 mais fort bien r\u00e9ussi.<\/p>\n<ul>\n<li><a href=\"?p=2985\" target=\"_self\">La belle aux bleus d&rsquo;argent<\/a> &#8211; (Ao\u00fbt 2003)<\/li>\n<li><a href=\"?p=2986\" target=\"_self\">C\u0153ur d&rsquo;or \u00e0 l&rsquo;amer<\/a> &#8211; (Novembre 2004)<\/li>\n<li><a href=\"?p=2987\" target=\"_self\">Pour quelques deniers de cuivre<\/a> &#8211; (Septembre 2005)<\/li>\n<li><a href=\"?p=2988\" target=\"_self\">Chagrins de ferraille<\/a> &#8211; (Avril 2007)<\/li>\n<li><a href=\"?p=2989\" target=\"_self\">Feuilles de laiton et reliure d&rsquo;ombre<\/a> &#8211; (Novembre 2008)<\/li>\n<li><a title=\"Nuits au fer rouge\" href=\"http:\/\/www.atorgael.com\/?p=7165\">Nuits au fer rouge<\/a> &#8211; (f\u00e9vrier 2011)<\/li>\n<li><a title=\"Mensonges au vif-argent\" href=\"http:\/\/www.atorgael.com\/?p=8016\">Mensonges au vif-argent<\/a> (Septembre 2013)<\/li>\n<\/ul>\n<h3>Les Instrumentalit\u00e9s de la Nuit<\/h3>\n<ul>\n<li>Livre I &#8211; Tome I &#8211; La tyrannie de la nuit<\/li>\n<li>Livre I &#8211; Tome II &#8211; Seigneur du royaume silencieux<\/li>\n<li>Livre II &#8211; <a title=\"Soumettez-vous \u00e0 la nuit\" href=\"http:\/\/www.atorgael.com\/?p=7173\">Soumettez-vous \u00e0 la nuit<\/a> &#8211; Volumes 1 &amp; 2<\/li>\n<\/ul>\n<h2>Harry Potter<\/h2>\n<p>Difficile de passer \u00e0 c\u00f4t\u00e9 d&rsquo;un tel ph\u00e9nom\u00e8ne commercial et m\u00e9diatique.<\/p>\n<p>Qu&rsquo;en pensent nos scribes et lecteurs, les r\u00e9ponses dans les fiches suivantes.<\/p>\n<ul>\n<li>Harry Potter \u00e0 l&rsquo;Ecole des Sorciers<\/li>\n<li>Harry Potter et la Chambre des Secrets<\/li>\n<li>Harry Potter et le Prisonnier d&rsquo;Azkaban<\/li>\n<li>Harry Potter et la Coupe de Feu<\/li>\n<li>Harry Potter et l&rsquo;Ordre du Ph\u00e9nix<\/li>\n<li>Harry Potter et le Prince de Sang-M\u00eal\u00e9<\/li>\n<li>Harry Potter et les Reliques de la Mort<\/li>\n<\/ul>\n","protected":false},"excerpt":{"rendered":"Le plus f\u00e9\u00e9rique de la fantasy\n<p>Magiciens, sorciers, guerrier, trolls et barbares sont au rendez-vous de vos lectures. Pas tous en m\u00eame temps, heureusement.<\/p>\n<p>Voici un petit aper\u00e7u de ces livres o\u00f9 les h\u00e9ros les plus puissants c\u00f4toient les monstres les plus <a rel=\"nofollow\" href=\"https:\/\/www.atorgael.com\/?page_id=3583\">... [Lire la suite]<\/a>","protected":false},"author":2,"featured_media":0,"parent":2004,"menu_order":4,"comment_status":"closed","ping_status":"closed","template":"","meta":{"jetpack_post_was_ever_published":false,"footnotes":""},"class_list":["post-3583","page","type-page","status-publish","hentry"],"jetpack_likes_enabled":true,"jetpack_sharing_enabled":true,"_links":{"self":[{"href":"https:\/\/www.atorgael.com\/index.php?rest_route=\/wp\/v2\/pages\/3583","targetHints":{"allow":["GET"]}}],"collection":[{"href":"https:\/\/www.atorgael.com\/index.php?rest_route=\/wp\/v2\/pages"}],"about":[{"href":"https:\/\/www.atorgael.com\/index.php?rest_route=\/wp\/v2\/types\/page"}],"author":[{"embeddable":true,"href":"https:\/\/www.atorgael.com\/index.php?rest_route=\/wp\/v2\/users\/2"}],"replies":[{"embeddable":true,"href":"https:\/\/www.atorgael.com\/index.php?rest_route=%2Fwp%2Fv2%2Fcomments&post=3583"}],"version-history":[{"count":0,"href":"https:\/\/www.atorgael.com\/index.php?rest_route=\/wp\/v2\/pages\/3583\/revisions"}],"up":[{"embeddable":true,"href":"https:\/\/www.atorgael.com\/index.php?rest_route=\/wp\/v2\/pages\/2004"}],"wp:attachment":[{"href":"https:\/\/www.atorgael.com\/index.php?rest_route=%2Fwp%2Fv2%2Fmedia&parent=3583"}],"curies":[{"name":"wp","href":"https:\/\/api.w.org\/{rel}","templated":true}]}}