{"id":2004,"date":"2009-10-15T15:03:56","date_gmt":"2009-10-15T13:03:56","guid":{"rendered":"http:\/\/battle.atorgael.com\/?page_id=2004"},"modified":"2011-08-23T10:12:08","modified_gmt":"2011-08-23T08:12:08","slug":"fiches-de-lecture","status":"publish","type":"page","link":"https:\/\/www.atorgael.com\/?page_id=2004","title":{"rendered":"Fiches de lectures"},"content":{"rendered":"<p>Comment trouver toutes les fiches et tous les conseils en un clic ? C&rsquo;est ici que \u00e7a se passe.<\/p>\n<p>On dit merci qui ? J&rsquo;aurai tendance \u00e0 dire merci \u00e0 ceux qui font ces fiches et notamment Baal-Moloch, Rendar, Skritt et tous les autres contributeurs. Continuez comme \u00e7a, je suis s\u00fbr que vous n&rsquo;avez pas encore tout lu !<\/p>\n<div style=\"width:45%; float: left; padding-right: 10%; display: inline;\" class=\"post_column_1\"><p><\/p>\n<h2>Tout d&rsquo;abord<\/h2>\n<p>Voici une petite (toute petite) s\u00e9lection de nos livres pr\u00e9f\u00e9r\u00e9s (ou pas) que nous vous pr\u00e9sentons. On parle des livres de fantasy, de fantastique, de SF&#8230;<\/p>\n<ul>\n<li><a href=\"?page_id=3583\" target=\"_self\">Magique Fantasy<\/a><\/li>\n<li><a href=\"?page_id=6598\" target=\"_self\">Le meilleur de la SF<\/a><\/li>\n<li><a href=\"?page_id=3584\" target=\"_self\">Tout le fantastique<\/a><em><\/em><\/li>\n<li>Goncourt et compagnie &#8211; <em>Bient\u00f4t<\/em><\/li>\n<\/ul>\n<h2>Star Wars<\/h2>\n<p>Rendar vous pr\u00e9sente tous les livres de la s\u00e9rie issue (ou \u00e0 l&rsquo;origine) des films. Il a pris sur lui pour tout relire et pour nous faire partager ses avis.<\/p>\n<ul>\n<li><a href=\"?page_id=4474\" target=\"_self\">Tous les livres<\/a><\/li>\n<\/ul>\n<h2>Bande Dessin\u00e9e<\/h2>\n<p>Tout le monde aime la BD. Non ? Si si.<\/p>\n<p>Vous trouverez dans les pages suivantes quelques titres tr\u00e8s connus de tous et d&rsquo;autres un peu moins, peut-\u00eatre allez-vous d\u00e9couvrir une nouvelle s\u00e9rie dont la fiche vous aura donn\u00e9 envie de lire toute la collection. Allez savoir, vous n&rsquo;\u00eates \u00e0 l&rsquo;abri de rien.<\/p>\n<ul>\n<li><a href=\"?page_id=4559\" target=\"_self\">Les classiques<\/a><\/li>\n<li><a href=\"?page_id=4559&amp;page=2\" target=\"_self\">Manga<\/a><\/li>\n<li><a href=\"?page_id=4559&amp;page=3\" target=\"_self\">Comics<\/a><\/li>\n<\/ul>\n<p>Vous aurez sans doute not\u00e9 que de nombreuses BD &lsquo;ont pas encore leur fiche ou leur critique, rejoignez-nous et faites nous part de vos exp\u00e9riences de lecture afin que nous puissions compl\u00e9ter tout ceci.<\/p>\n<h2>Autres livres<\/h2>\n<ul>\n<li><a href=\"?page_id=6861\">D&rsquo;autres livres<\/a><\/li>\n<\/ul>\n<p>Ils n&rsquo;entrent pas dans les cat\u00e9gories d\u00e9crites ici mais on en parle aussi.<\/div>\n<div style=\"width:45%; float: left; padding-right: 0%; display: inline;\" class=\"post_column_1\"><p><\/p>\n<h2>Aux \u00e9ditions de \u00ab\u00a0La Biblioth\u00e8que Interdite &#8211; Black Library\u00a0\u00bb<\/h2>\n<p>Warhammer et Warhammer 40.000 sont des jeux de figurines autour desquels tout un hobby est mis en place. Il inclue notamment une phase d&rsquo;assemblage et de peinture avant de pouvoir jouer. Ces univers fantastiques et futuristes sont propices \u00e0 de nombreuses mises en sc\u00e8nes des parties, c&rsquo;est d&rsquo;ailleurs ce qui fait tout l&rsquo;int\u00e9r\u00eat de ces jeux : leur \u00ab\u00a0background\u00a0\u00bb comme on dit, ou pour parler plus clairement, leurs historiques.<\/p>\n<ul>\n<li><a href=\"?page_id=1615\" target=\"_self\">Warhammer 40.000<\/a><\/li>\n<li><a href=\"?page_id=1617\" target=\"_self\">Warhammer<\/a><\/li>\n<\/ul>\n<p>Blood-Bowl est un jeu de plateau qui s&rsquo;est \u00e9galement export\u00e9 vers les consoles et les ordinateurs pour des parties en lignes effr\u00e9n\u00e9es. Voici les livres parus et comment\u00e9s par nos scribes.<\/p>\n<ul>\n<li><a href=\"?p=1951\" target=\"_self\">Blood Bowl<\/a><\/li>\n<li><a href=\"?p=1952\" target=\"_self\">Hors-jeu<\/a><\/li>\n<li><a href=\"?p=1953\" target=\"_self\">Mort Subite<\/a><\/li>\n<\/ul>\n<p>Tous ces jeux ont donc une forte identit\u00e9, un contexte riche et d\u00e9taill\u00e9 (parfois trop, parfois pas assez), les livres qui se cachent derri\u00e8re les liens ci-dessous sont donc des ouvrages qui racontent des histoires dans ces univers. On y retrouvera des personnages connus des joueurs, des \u00e9v\u00e8nements, des plan\u00e8tes qui sont familiers \u00e0 tous ceux qui connaissent ces jeux.<\/p>\n<p>Nous vous faisons ici des compte-rendu de nos lectures. Si la production est relativement moyenne, il est tout de m\u00eame possible de tomber sur de bonnes voire de tr\u00e8s bonnes histoires. Ne cherchez pas le prochain Goncourt ou le prochain prix \u00ab\u00a0Hugo\u00a0\u00bb parmi ces livres, il ne s&rsquo;y trouve pas.<\/div>\n<div style=\"clear: both;\"><\/div>\n<p>Si vous trouvez que nous ne sommes pas toujours tr\u00e8s objectifs dans nos appr\u00e9ciations, nous l&rsquo;assumons bien volontiers. Lire est une passion et il est bien difficile de rester totalement objectif face \u00e0 une passion.<\/p>\n<p>Une seule chose pour r\u00e9parer une injustice ou mettre un b\u00e9mol sur une de nos critique : participer. \u00c9crivez une r\u00e9ponse \u00e0 nos critique sur le forum et si celle-ci se trouve \u00eatre justifi\u00e9e, expliqu\u00e9e et bien \u00e9crite, elle figurera en bonne place sur le site.<\/p>\n<p>Derni\u00e8re chose : <a href=\"?page_id=6936\">la liste des auteurs<\/a> dont les livres sont sur le Sanctum. Toujours pratique.<\/p>\n<p>Bonne lecture \u00e0 tous !<\/p>\n","protected":false},"excerpt":{"rendered":"<p>Comment trouver toutes les fiches et tous les conseils en un clic ? C&rsquo;est ici que \u00e7a se passe.<\/p>\n<p>On dit merci qui ? J&rsquo;aurai tendance \u00e0 dire merci \u00e0 ceux qui font ces fiches et notamment Baal-Moloch, Rendar, Skritt et <a rel=\"nofollow\" href=\"https:\/\/www.atorgael.com\/?page_id=2004\">... [Lire la suite]<\/a>","protected":false},"author":2,"featured_media":0,"parent":0,"menu_order":4,"comment_status":"closed","ping_status":"closed","template":"","meta":{"jetpack_post_was_ever_published":false,"footnotes":""},"class_list":["post-2004","page","type-page","status-publish","hentry"],"jetpack_likes_enabled":true,"jetpack_sharing_enabled":true,"_links":{"self":[{"href":"https:\/\/www.atorgael.com\/index.php?rest_route=\/wp\/v2\/pages\/2004","targetHints":{"allow":["GET"]}}],"collection":[{"href":"https:\/\/www.atorgael.com\/index.php?rest_route=\/wp\/v2\/pages"}],"about":[{"href":"https:\/\/www.atorgael.com\/index.php?rest_route=\/wp\/v2\/types\/page"}],"author":[{"embeddable":true,"href":"https:\/\/www.atorgael.com\/index.php?rest_route=\/wp\/v2\/users\/2"}],"replies":[{"embeddable":true,"href":"https:\/\/www.atorgael.com\/index.php?rest_route=%2Fwp%2Fv2%2Fcomments&post=2004"}],"version-history":[{"count":0,"href":"https:\/\/www.atorgael.com\/index.php?rest_route=\/wp\/v2\/pages\/2004\/revisions"}],"wp:attachment":[{"href":"https:\/\/www.atorgael.com\/index.php?rest_route=%2Fwp%2Fv2%2Fmedia&parent=2004"}],"curies":[{"name":"wp","href":"https:\/\/api.w.org\/{rel}","templated":true}]}}