{"id":876,"date":"2014-03-10T10:01:10","date_gmt":"2014-03-10T09:01:10","guid":{"rendered":"http:\/\/www.atorgael.com\/figurine\/?page_id=876"},"modified":"2014-10-06T10:30:37","modified_gmt":"2014-10-06T08:30:37","slug":"trucs-et-bidouilles","status":"publish","type":"page","link":"https:\/\/www.atorgael.com\/figurine\/figurines-en-vracs\/trucs-et-bidouilles\/","title":{"rendered":"Trucs et bidouilles"},"content":{"rendered":"<p>Il m&rsquo;arrive parfois d&rsquo;avoir des id\u00e9es ou de tomber sur des trucs int\u00e9ressants, je vous en fais part ici, faites-en ce que vous voulez.<\/p>\n<h2>Application<\/h2>\n<p>Il est parfois pratique de savoir rapidement ce qu&rsquo;il faut comme peinture pour obtenir tel ou tel rendu, comment obtenir un beau rouge pour vos Blood Angels, ou la couleur des Eldars noirs, &#8230;<\/p>\n<p>Pour avoir toutes ces r\u00e9f\u00e9rences sous la main rapidement, j&rsquo;ai trouv\u00e9 une petite application qui vous donne les pots de peinture \u00e0 utiliser. C&rsquo;est sur Google Play et \u00e7a s\u2019appelle\u00a0<a title=\"Citadel Paint List\" href=\"https:\/\/play.google.com\/store\/apps\/details?id=com.medhong.egloos.citadelpaintslist\" target=\"_blank\">Citadel Paint List<\/a>.<\/p>\n<p>Vous aurez acc\u00e8s \u00e0 de nombreuses combinaisons pour peindre vos figurines ainsi qu&rsquo;\u00e0 la liste des peintures existantes avec la possibilit\u00e9 de cocher celles que vous avez ou dont vous devez refaire le plein. Tr\u00e8s utile quand on ne s&rsquo;en souvient plus devant le pr\u00e9sentoir du magasin.<\/p>\n<p>L&rsquo;application est en anglais mais n&rsquo;en demande pas une connaissance tr\u00e8s pouss\u00e9e..<\/p>\n<h2>D\u00e9cors de fond<\/h2>\n<p>Vous aurez peut-\u00eatre remarqu\u00e9 que <a title=\"Paladins Chevaliers Gris\" href=\"http:\/\/www.atorgael.com\/figurine\/paladins-chevaliers-gris\/\">quelques figurines<\/a> sont prises sur des d\u00e9cors un peu diff\u00e9rents. Il s&rsquo;agit de 2 tableaux \u00e0 l&rsquo;aquarelle agr\u00e9ment\u00e9s de sable coll\u00e9 \u00e0 m\u00eame la toile, un qui figure le sol, l&rsquo;autre un horizon perturb\u00e9.<\/p>\n<p><img loading=\"lazy\" decoding=\"async\" class=\"aligncenter size-full wp-image-877\" src=\"http:\/\/www.atorgael.com\/figurine\/files\/2014\/03\/12061507-e1394439986294.jpg\" alt=\"decors-fond\" width=\"800\" height=\"450\" srcset=\"https:\/\/www.atorgael.com\/figurine\/files\/2014\/03\/12061507-e1394439986294.jpg 800w, https:\/\/www.atorgael.com\/figurine\/files\/2014\/03\/12061507-e1394439986294-150x84.jpg 150w, https:\/\/www.atorgael.com\/figurine\/files\/2014\/03\/12061507-e1394439986294-300x168.jpg 300w\" sizes=\"auto, (max-width: 800px) 100vw, 800px\" \/><\/p>\n<p>Si vous avez quelques talents de barbouilleurs sur toile je vous invite \u00e0 faire de m\u00eame. Ce ne sont pas mes \u0153uvres, mais celles de <a href=\"http:\/\/www.pilling.fr\/heroic-fantasy\/\" target=\"_blank\">mon p\u00e8re<\/a> qui s&rsquo;amuse aussi \u00e0 peindre quelques figurines.<\/p>\n<h2>Sable et graviers<\/h2>\n<p>Mes figurines peintes sont friandes de sables et de gravillons pour agr\u00e9menter leurs socles. Alors comme beaucoup de monde j&rsquo;ai achet\u00e9 la boite de sable+gravier de GW, les r\u00e9sultats sont excellents et \u00e7a marche tr\u00e8s bien. Mais si vous voulez socler de grandes surfaces comme des d\u00e9cors, cette solution sera loin d&rsquo;\u00eatre \u00e9conomique.<\/p>\n<p>Pour faire des \u00e9conomies justement, voici o\u00f9 vous procurer du sable et des petits cailloux pour pas cher : Allez chez Ik\u00e9a !<\/p>\n<p>Dis comme \u00e7a c&rsquo;est surprenant, mais rien de tel que des boites de sable pour la d\u00e9coration des bougeoirs, il en existe de diff\u00e9rentes couleurs (personnellement j&rsquo;ai investi dans du sable noir et le blanc) que vous pouvez utiliser tels quels. Je ne vous le conseille pas trop, il y a des petits \u00e9clats brillants qui peuvent faire bizarre sur vos socles. Dans tous les cas, une bonne couche de noire (en bombe dans l&rsquo;id\u00e9al ou en pinceau) fera l&rsquo;affaire pour pouvoir en faire ce que vous voudrez. Du coup, pourquoi prendre du sable blanc ? Je me pose encore la question&#8230;<\/p>\n<p>En plus du sable, vous pourrez trouver des petits graviers qui eux peuvent \u00eatre utilis\u00e9s \u00ab\u00a0nature\u00a0\u00bb. Certains sont d&rsquo;un rouge ocre tr\u00e8s satisfaisants et qui peuvent \u00eatre rehauss\u00e9s d&rsquo;un lavis rouge ou brun.<\/p>\n<p>Tout \u00e7a se trouve sur le site ou en magasin, c&rsquo;est la s\u00e9rie \u00ab\u00a0<a href=\"http:\/\/www.ikea.com\/fr\/fr\/search\/?query=KUL%C3%96RT+D%C3%A9coration%2C+sable%2Fcailloux\" target=\"_blank\">KUL\u00d6RT<\/a>\u00a0\u00bb et \u00e7a coute 1,99\u20ac les 750 grammes. De quoi faire des centaines de socles.<\/p>\n<p>J\u2019imagine que tout ceci peut \u00e9galement se trouver chez d&rsquo;autres fournisseurs qui proposent des plantes artificielles d&rsquo;int\u00e9rieur ou dans des animaleries.<\/p>\n<h2>Inscriptions et graffitis<\/h2>\n<p>Sur mes figurines de Paladins Chevaliers Gris, je me suis amus\u00e9 \u00e0 remplir d&rsquo;inscriptions les parchemins et pages de livres ainsi que la banni\u00e8re. La preuve :<\/p>\n<p><img loading=\"lazy\" decoding=\"async\" class=\"aligncenter size-full wp-image-890\" src=\"http:\/\/www.atorgael.com\/figurine\/files\/2014\/03\/insciptions.jpg\" alt=\"insciptions\" width=\"800\" height=\"447\" srcset=\"https:\/\/www.atorgael.com\/figurine\/files\/2014\/03\/insciptions.jpg 800w, https:\/\/www.atorgael.com\/figurine\/files\/2014\/03\/insciptions-150x83.jpg 150w, https:\/\/www.atorgael.com\/figurine\/files\/2014\/03\/insciptions-300x167.jpg 300w\" sizes=\"auto, (max-width: 800px) 100vw, 800px\" \/><\/p>\n<p><img loading=\"lazy\" decoding=\"async\" class=\"alignleft  wp-image-891\" src=\"http:\/\/www.atorgael.com\/figurine\/files\/2014\/03\/30392.jpg\" alt=\"30392\" width=\"150\" height=\"100\" srcset=\"https:\/\/www.atorgael.com\/figurine\/files\/2014\/03\/30392.jpg 600w, https:\/\/www.atorgael.com\/figurine\/files\/2014\/03\/30392-150x100.jpg 150w, https:\/\/www.atorgael.com\/figurine\/files\/2014\/03\/30392-300x200.jpg 300w\" sizes=\"auto, (max-width: 150px) 100vw, 150px\" \/>Ne croyez pas que j&rsquo;ai utilis\u00e9 un pinceau pour cela, je me suis servi d&rsquo;un marqueur de la marque \u00ab\u00a0STAEDTLER\u00a0\u00bb de taille 0,05 achet\u00e9 chez DECITRE et qui doit se trouver dans toute bonne papeterie. Il a du me revenir \u00e0 3 ou 4\u20ac.<\/p>\n<p>Et pour les inscriptions en \u00ab\u00a0Haut Gothique\u00a0\u00bb j&rsquo;ai \u00e9crit un peu au pif de droite \u00e0 gauche. Un point ici, un trait l\u00e0 et les pages se remplissent tranquillement. J&rsquo;ai juste essay\u00e9 de m&rsquo;appliquer un peu plus sur la banni\u00e8re, j&rsquo;ai bien dit essay\u00e9&#8230;<\/p>\n<p>Par contre, pas de couleur \u00e0 cette taille de marqueur, il n&rsquo;y a que du noir.<\/p>\n<h2>Sceaux de Puret\u00e9<\/h2>\n<p>La perfection est dans le d\u00e9tail et les d\u00e9tails ce sont souvent les sceaux de puret\u00e9 coll\u00e9s un peu partout sur les armures ou armes de nos Imp\u00e9riaux pr\u00e9f\u00e9r\u00e9s. Mais quel \u00e9nervement parfois quand on a pas la patience ni la maitrise parfaite dans le coup de pinceau final qui ne doit pas d\u00e9border sur l&rsquo;armure et qui d\u00e9borde.<\/p>\n<p>Pour \u00e9viter cela, je vous propose de pr\u00e9parer vos sceaux \u00e0 part de la mani\u00e8re suivante :<\/p>\n<p>Prenez une tige carr\u00e9e, peignez une face avec du noir en y mettant une bonne \u00e9paisseur et posez vos sceaux sur cette peinture encore fraiche.<\/p>\n<p>Une fois le noir bien sec, sous-couchage et peinture.<\/p>\n<p><img loading=\"lazy\" decoding=\"async\" class=\"aligncenter size-full wp-image-936\" src=\"http:\/\/www.atorgael.com\/figurine\/files\/2014\/03\/sceaux00.jpg\" alt=\"sceaux00\" width=\"800\" height=\"600\" \/> <a href=\"http:\/\/www.atorgael.com\/figurine\/files\/2014\/03\/sceaux01.jpg\"><img loading=\"lazy\" decoding=\"async\" class=\"aligncenter size-full wp-image-937\" src=\"http:\/\/www.atorgael.com\/figurine\/files\/2014\/03\/sceaux01.jpg\" alt=\"sceaux01\" width=\"800\" height=\"600\" \/><\/a>Pour ceux-l\u00e0, c&rsquo;est juste du \u00ab\u00a0Red Khorne\u00a0\u00bb et du \u00ab\u00a0Screaming Skull\u00a0\u00bb suivi d&rsquo;un lavis \u00ab\u00a0d&rsquo;Agrax\u00a0\u00bb avant un petit brossage (Kindleflame et Terminatus stone).<\/p>\n<p>Du coup \u00e7a donne la possibilit\u00e9 de ne coller que ceux que vous voulez o\u00f9 vous voulez, les autres serviront pour une autre figurine.<\/p>\n","protected":false},"excerpt":{"rendered":"<p>Il m&rsquo;arrive parfois d&rsquo;avoir des id\u00e9es ou de tomber sur des trucs int\u00e9ressants, je vous en fais part ici, faites-en ce que vous voulez. Application Il est parfois pratique de savoir rapidement ce qu&rsquo;il faut comme peinture pour obtenir tel ou tel rendu, comment obtenir un beau rouge pour vos Blood Angels, ou la couleur [&hellip;]<\/p>\n","protected":false},"author":2,"featured_media":0,"parent":702,"menu_order":2,"comment_status":"open","ping_status":"open","template":"","meta":{"footnotes":""},"class_list":["post-876","page","type-page","status-publish","czr-hentry"],"_links":{"self":[{"href":"https:\/\/www.atorgael.com\/figurine\/wp-json\/wp\/v2\/pages\/876","targetHints":{"allow":["GET"]}}],"collection":[{"href":"https:\/\/www.atorgael.com\/figurine\/wp-json\/wp\/v2\/pages"}],"about":[{"href":"https:\/\/www.atorgael.com\/figurine\/wp-json\/wp\/v2\/types\/page"}],"author":[{"embeddable":true,"href":"https:\/\/www.atorgael.com\/figurine\/wp-json\/wp\/v2\/users\/2"}],"replies":[{"embeddable":true,"href":"https:\/\/www.atorgael.com\/figurine\/wp-json\/wp\/v2\/comments?post=876"}],"version-history":[{"count":0,"href":"https:\/\/www.atorgael.com\/figurine\/wp-json\/wp\/v2\/pages\/876\/revisions"}],"up":[{"embeddable":true,"href":"https:\/\/www.atorgael.com\/figurine\/wp-json\/wp\/v2\/pages\/702"}],"wp:attachment":[{"href":"https:\/\/www.atorgael.com\/figurine\/wp-json\/wp\/v2\/media?parent=876"}],"curies":[{"name":"wp","href":"https:\/\/api.w.org\/{rel}","templated":true}]}}