{"id":748,"date":"2013-05-07T15:40:57","date_gmt":"2013-05-07T13:40:57","guid":{"rendered":"http:\/\/www.atorgael.com\/figurines\/?page_id=745"},"modified":"2015-04-27T10:25:33","modified_gmt":"2015-04-27T08:25:33","slug":"sur-letabli","status":"publish","type":"page","link":"https:\/\/www.atorgael.com\/figurine\/figurines-en-vracs\/sur-letabli\/","title":{"rendered":"Sur l&rsquo;\u00e9tabli"},"content":{"rendered":"<p>Une page r\u00e9capitulative des travaux en cours qui se finiront bien un jour ou un autre.<\/p>\n<p><img loading=\"lazy\" decoding=\"async\" class=\"alignright size-thumbnail wp-image-754\" src=\"http:\/\/www.atorgael.com\/figurine\/files\/2013\/05\/barbare-150x150.jpg\" alt=\"barbare\" width=\"150\" height=\"150\" \/>Dans le d\u00e9sordre voici donc cette liste interminable de mes \u00ab\u00a0Trucs \u00e0 finir\u00a0\u00bb&#8230;<\/p>\n<p>Une s\u00e9rie de figurines de barbares. J&rsquo;aime les barbares, mes lecture howardiennes n&rsquo;ayant rien arrang\u00e9 \u00e0 la chose. J&rsquo;ai donc 3 figurines de barbares en attente, dont une quand m\u00eame bien avanc\u00e9e, il s&rsquo;agit de celle sculpt\u00e9e par <a title=\"AllanCart\" href=\"http:\/\/www.allancarrasco.net\/\" target=\"_blank\">Allan Carrasco<\/a> et qui est le sujet d&rsquo;<a title=\"barbare\" href=\"http:\/\/www.atorgael.com\/atorgael\/?p=5993\" target=\"_blank\">une micro nouvelle<\/a> et d&rsquo;une <a href=\"http:\/\/www.atorgael.com\/atorgael\/?p=5995\" target=\"_blank\">toute petite nouvelle<\/a> (la pr\u00e9c\u00e9dente en plus long en fait).<\/p>\n<p><img loading=\"lazy\" decoding=\"async\" class=\"size-thumbnail wp-image-790 alignleft\" src=\"http:\/\/www.atorgael.com\/figurine\/files\/2013\/05\/01-montage3-150x150.jpg\" alt=\"01-montage3\" width=\"150\" height=\"150\" \/>Les Chevaliers gris sont d\u00e9j\u00e0 bien \u00e9quip\u00e9s, il ne reste que quelques grosses pi\u00e8ces pour les renforcer, notamment un rhino et peut-\u00eatre un Storm Raven et un land raider.<\/p>\n<p>L&rsquo;assemblage du StormRaven a d\u00e9but\u00e9, un<a title=\"StormRaven des Chevaliers Gris\" href=\"http:\/\/www.atorgael.com\/figurine\/stormraven-des-chevaliers-gris\/\"> article entier<\/a> sera consacr\u00e9 \u00e0 ce v\u00e9hicule.<del><\/del><\/p>\n<p><img loading=\"lazy\" decoding=\"async\" class=\"wp-image-732 alignright\" src=\"http:\/\/www.atorgael.com\/figurine\/files\/2013\/05\/nec003-150x150.jpg\" alt=\"nec003\" width=\"150\" height=\"150\" \/>Ils sont assembl\u00e9s et viendront se mettre sous les pinceaux d&rsquo;ici peu de temps, il s&rsquo;agit de 2 personnages N\u00e9crons. Pourquoi bient\u00f4t ? Parce que les N\u00e9crons c&rsquo;est comme les chevaliers gris : c&rsquo;est du m\u00e9tal, et l\u00e0 je commence \u00e0 avoir le coup de main&#8230;<\/p>\n<p><img loading=\"lazy\" decoding=\"async\" class=\"alignleft size-thumbnail wp-image-724\" src=\"http:\/\/www.atorgael.com\/figurine\/files\/2013\/05\/bombagrp-150x150.jpg\" alt=\"bombagrp\" width=\"150\" height=\"150\" \/>Tout en haut des \u00e9tag\u00e8res, gris\u00e9 par l&rsquo;altitude sans doute, un bomba ork attend ses finitions. J&rsquo;\u00e9tais bien parti avec la couche de base longue et fastidieuse \u00e0 passer quand on a pas de pistolet, et je me suis lass\u00e9. mais il va falloir finir \u00e7a avant qu&rsquo;il ne s&rsquo;\u00e9nerve et ne tente un attaque en piqu\u00e9.<\/p>\n<p><em>17\/09\/13 &#8211;<\/em> A c\u00f4t\u00e9 du Bomba, il y a un <a href=\"http:\/\/www.forgeworld.co.uk\/Warhammer-40000\/Imperial_Navy\/ARVUS-LIGHTER.html\" target=\"_blank\">Arvus lighter<\/a>, une fig de chez Forgeworld que je m\u2019\u00e9tais prise en pensant la peindre rapidement. il y a au moins 5 ans de \u00e7a&#8230; Bonne nouvelle, elle vient de recevoir ses 2 premi\u00e8res couches de base.<\/p>\n<p>Il est gros et m\u00e9chant mais surtout m\u00e9chant et gros, c&rsquo;est un minotaure derni\u00e8re g\u00e9n\u00e9ration, c&rsquo;est m\u00eame de chef des affreux. Figurine en r\u00e9sine longue \u00e0 peindre et qui n&rsquo;en est qu&rsquo;\u00e0 sa couche de base. Il reste pas mal de travail. Tiens, je viens de ressortir &lsquo;unit\u00e9 de minotaures qui dormaient gentiment au fond d&rsquo;une boite&#8230;<\/p>\n<p>Je pourrai aussi vous parler de la garde imp\u00e9riale et de mes quelques dizaines (centaines) de figurines \u00e0 peindre. \u00c7a va du simple fantassin (avec ou sans ba\u00efonnette), aux ogryns nouvelle mouture. Et des chars. plein de chars dont une Bombard de chez ForgeWorld. Et puis une Valkyrie&#8230;<\/p>\n<p><img loading=\"lazy\" decoding=\"async\" class=\"alignleft size-thumbnail wp-image-755\" src=\"http:\/\/www.atorgael.com\/figurine\/files\/2013\/05\/hellion000-150x150.jpg\" alt=\"hellion000\" width=\"150\" height=\"150\" \/>Quand les Eldars noirs ont fait peau neuve, je me suis empress\u00e9 d&rsquo;en acqu\u00e9rir quelques boites. Depuis, elles prennent la poussi\u00e8re sur la m\u00eame \u00e9tag\u00e8re que le bomba. Il vaudrait mieux que m&rsquo;en occupe un de ces jours si je veux \u00e9viter une confrontation Ork-Eldar noirs !<\/p>\n<p>Un de ces jours il faudra que je vous parle des boites pleines de figurines que me suis achet\u00e9 au fil des ans juste pour le plaisir notamment lors de mes passages au Lugdunum Show &#8230;<\/p>\n<p>Repassez de temps en temps par l\u00e0, au fil des semaine je vous tiendrai au courant de l&rsquo;\u00e9volution des choses.<\/p>\n<p><em>01\/09\/14<\/em> &#8211; Les derni\u00e8res figurines en cours, ce sont les <a title=\"Commando \u00ab\u00a0Tempestus\u00a0\u00bb\" href=\"http:\/\/www.atorgael.com\/figurine\/commando-tempestus\/\">Tempestus de Scions<\/a>, une unit\u00e9 est d\u00e9j\u00e0 termin\u00e9e, la suivante s&rsquo;avance doucement, ce sera une unit\u00e9 de commandement.<a href=\"http:\/\/www.atorgael.com\/figurine\/files\/2014\/09\/cdo-prime-00.jpg\"><img loading=\"lazy\" decoding=\"async\" class=\"alignright wp-image-1050 size-thumbnail\" src=\"http:\/\/www.atorgael.com\/figurine\/files\/2014\/09\/cdo-prime-00-113x150.jpg\" alt=\"cdo-prime-00\" width=\"113\" height=\"150\" srcset=\"https:\/\/www.atorgael.com\/figurine\/files\/2014\/09\/cdo-prime-00-113x150.jpg 113w, https:\/\/www.atorgael.com\/figurine\/files\/2014\/09\/cdo-prime-00-227x300.jpg 227w, https:\/\/www.atorgael.com\/figurine\/files\/2014\/09\/cdo-prime-00.jpg 571w\" sizes=\"auto, (max-width: 113px) 100vw, 113px\" \/><\/a><\/p>\n<p><em>15\/09\/14<\/em> &#8211; L&rsquo;unit\u00e9 de commandement se voit doter d&rsquo;un chef, le Tempestor Prime est en bonne voie. A noter que le reste de l&rsquo;unit\u00e9 ne devrait pas arborer les m\u00eame couleurs que leur chef, mais plut\u00f4t celles de la pr\u00e9c\u00e9dente escouade.<\/p>\n<p>21\/09\/14 &#8211; J&rsquo;ai pr\u00e9vu de faire 2 escouades de commandement pour les Tempestus et d&rsquo;utiliser pour cette seconde escouade les figurines de Vostroyen. Une vieille boite qui trainait et dont je ne savais que faire. Voici le premier de la boite, le Tempestor Prime.<\/p>\n<p><a href=\"http:\/\/www.atorgael.com\/figurine\/files\/2014\/09\/tempestor-2-wip.jpg\"><img loading=\"lazy\" decoding=\"async\" class=\"aligncenter size-medium wp-image-1053\" src=\"http:\/\/www.atorgael.com\/figurine\/files\/2014\/09\/tempestor-2-wip-300x156.jpg\" alt=\"tempestor-2-wip\" width=\"300\" height=\"156\" srcset=\"https:\/\/www.atorgael.com\/figurine\/files\/2014\/09\/tempestor-2-wip-300x156.jpg 300w, https:\/\/www.atorgael.com\/figurine\/files\/2014\/09\/tempestor-2-wip-150x78.jpg 150w, https:\/\/www.atorgael.com\/figurine\/files\/2014\/09\/tempestor-2-wip-800x416.jpg 800w, https:\/\/www.atorgael.com\/figurine\/files\/2014\/09\/tempestor-2-wip.jpg 1024w\" sizes=\"auto, (max-width: 300px) 100vw, 300px\" \/><\/a>27\/04\/15 &#8211; Quelques mois plus tard, une petite mise \u00e0 jour de la page s&rsquo;imposait. Outre les modification, suppressions aux paragraphes pr\u00e9c\u00e9dents, je dois vous parler des Blood Angels qui seront cette arm\u00e9e de Space Marineq initialement pr\u00e9vue. Issus de la boite Deathstorm, les fils de Sanguinius sont d\u00e9j\u00e0 dot\u00e9s de quelques personnages dont un <a href=\"http:\/\/www.atorgael.com\/figurine\/capitaine-blood-angels\/\">capitaine<\/a>. La suite se compose de Deat Company, de Dreadnought et de terminators&#8230;<\/p>\n<p><a href=\"http:\/\/www.atorgael.com\/figurine\/files\/2015\/04\/01boitelictor.jpg\"><img loading=\"lazy\" decoding=\"async\" class=\"alignleft wp-image-1202 size-thumbnail\" src=\"http:\/\/www.atorgael.com\/figurine\/files\/2015\/04\/01boitelictor-111x150.jpg\" alt=\"01boitelictor\" width=\"111\" height=\"150\" srcset=\"https:\/\/www.atorgael.com\/figurine\/files\/2015\/04\/01boitelictor-111x150.jpg 111w, https:\/\/www.atorgael.com\/figurine\/files\/2015\/04\/01boitelictor-222x300.jpg 222w, https:\/\/www.atorgael.com\/figurine\/files\/2015\/04\/01boitelictor-592x800.jpg 592w, https:\/\/www.atorgael.com\/figurine\/files\/2015\/04\/01boitelictor.jpg 740w\" sizes=\"auto, (max-width: 111px) 100vw, 111px\" \/><\/a>Autre arm\u00e9e en cours et qui avance pas mal : les Tyranides, \u00e9galement issus de la boite Deathstorm.<\/p>\n<p>Quelques grosses <a href=\"http:\/\/www.atorgael.com\/figurine\/carnifex\/\">bestioles <\/a>sont d\u00e9j\u00e0 peintes ainsi qu&rsquo;un petit <a href=\"http:\/\/www.atorgael.com\/figurine\/termagant\/\">essaim <\/a>qui devrait bient\u00f4t \u00eatre compl\u00e9t\u00e9.<\/p>\n<p>Il suffit de jeter un \u0153il dans la \u00ab\u00a0boite \u00e0 cafards\u00a0\u00bb pour s&rsquo;en convaincre.<\/p>\n<h4>Les derniers articles pr\u00e9sentant des travaux en cours d&rsquo;avancement.<\/h4>\n<ul class = \"posts-by-tag-list\"><li class=\"posts-by-tag-item chevaliers gris stormraven vehicule WIP\" id=\"posts-by-tag-item-766\"><a class = \"posts-by-tag-item-title\" href=\"https:\/\/www.atorgael.com\/figurine\/stormraven-des-chevaliers-gris\/\">StormRaven des Chevaliers Gris<\/a><\/li><li class=\"posts-by-tag-item garde imp\u00e9riale warhammer 40.000 WIP\" id=\"posts-by-tag-item-627\"><a class = \"posts-by-tag-item-title\" href=\"https:\/\/www.atorgael.com\/figurine\/land-speeder-imperial\/\">Land Speeder imp\u00e9rial<\/a><\/li><li class=\"posts-by-tag-item space marine warhammer 40.000 WIP\" id=\"posts-by-tag-item-524\"><a class = \"posts-by-tag-item-title\" href=\"https:\/\/www.atorgael.com\/figurine\/space-marines\/\">Space Marines<\/a><\/li><\/ul>\n","protected":false},"excerpt":{"rendered":"<p>Une page r\u00e9capitulative des travaux en cours qui se finiront bien un jour ou un autre. Dans le d\u00e9sordre voici donc cette liste interminable de mes \u00ab\u00a0Trucs \u00e0 finir\u00a0\u00bb&#8230; Une s\u00e9rie de figurines de barbares. J&rsquo;aime les barbares, mes lecture howardiennes n&rsquo;ayant rien arrang\u00e9 \u00e0 la chose. J&rsquo;ai donc 3 figurines de barbares en attente, [&hellip;]<\/p>\n","protected":false},"author":2,"featured_media":0,"parent":702,"menu_order":0,"comment_status":"open","ping_status":"closed","template":"","meta":{"footnotes":""},"class_list":["post-748","page","type-page","status-publish","czr-hentry"],"_links":{"self":[{"href":"https:\/\/www.atorgael.com\/figurine\/wp-json\/wp\/v2\/pages\/748","targetHints":{"allow":["GET"]}}],"collection":[{"href":"https:\/\/www.atorgael.com\/figurine\/wp-json\/wp\/v2\/pages"}],"about":[{"href":"https:\/\/www.atorgael.com\/figurine\/wp-json\/wp\/v2\/types\/page"}],"author":[{"embeddable":true,"href":"https:\/\/www.atorgael.com\/figurine\/wp-json\/wp\/v2\/users\/2"}],"replies":[{"embeddable":true,"href":"https:\/\/www.atorgael.com\/figurine\/wp-json\/wp\/v2\/comments?post=748"}],"version-history":[{"count":0,"href":"https:\/\/www.atorgael.com\/figurine\/wp-json\/wp\/v2\/pages\/748\/revisions"}],"up":[{"embeddable":true,"href":"https:\/\/www.atorgael.com\/figurine\/wp-json\/wp\/v2\/pages\/702"}],"wp:attachment":[{"href":"https:\/\/www.atorgael.com\/figurine\/wp-json\/wp\/v2\/media?parent=748"}],"curies":[{"name":"wp","href":"https:\/\/api.w.org\/{rel}","templated":true}]}}