{"id":746,"date":"2013-05-06T16:24:36","date_gmt":"2013-05-06T14:24:36","guid":{"rendered":"http:\/\/www.atorgael.com\/figurines\/?page_id=743"},"modified":"2016-01-04T13:47:33","modified_gmt":"2016-01-04T12:47:33","slug":"les-peintures-gw","status":"publish","type":"page","link":"https:\/\/www.atorgael.com\/figurine\/les-peintures-gw\/","title":{"rendered":"Les peintures GW"},"content":{"rendered":"<p><em>1\u00e8re mise en ligne le 6 mai 2013 &#8211; Mise \u00e0 jour Janvier 2016<br \/>\n<\/em><\/p>\n<p>Gros coup de neuf sur la gamme des peintures de notre fournisseur pr\u00e9f\u00e9r\u00e9 de plastique et de r\u00e9sine. Toutes les r\u00e9f\u00e9rences changent, de nouvelles arrivent ainsi qu&rsquo;un tas de petites choses. Explications !<\/p>\n<p>145, c&rsquo;est le nombre de pots de peinture diff\u00e9rents que vous pouvez d\u00e9sormais avoir pour peindre toutes vos figurines. Voyons ci-apr\u00e8s dans le d\u00e9tails les diff\u00e9rentes cat\u00e9gories, car oui, des distinctions sont \u00e0 faire.<\/p>\n<p>Pour accompagner le peintre dans cette d\u00e9couverte et une bonne utilisation, GW nous propose \u00e9galement un livre pour apprendre \u00e0 \u00ab\u00a0Peindre les figurines Citadel\u00a0\u00bb. Un livre fort bien pens\u00e9 avec sa pr\u00e9sentation \u00ab\u00a0calendrier de bureau\u00a0\u00bb qui vous permettra enfin de lire les instructions sans avoir un coude qui tient ouverte la double page qui vous donne les explications. Bien vu, il fallait y penser et le mettre en \u0153uvre ! Un DVD de 90 minutes accompagne le livre.<\/p>\n<p><img loading=\"lazy\" decoding=\"async\" class=\"aligncenter size-full wp-image-629\" src=\"http:\/\/www.atorgael.com\/figurine\/files\/2010\/06\/livrepeintgw.jpg\" alt=\"livrepeintgw\" width=\"444\" height=\"319\" srcset=\"https:\/\/www.atorgael.com\/figurine\/files\/2010\/06\/livrepeintgw.jpg 444w, https:\/\/www.atorgael.com\/figurine\/files\/2010\/06\/livrepeintgw-150x107.jpg 150w, https:\/\/www.atorgael.com\/figurine\/files\/2010\/06\/livrepeintgw-300x215.jpg 300w\" sizes=\"auto, (max-width: 444px) 100vw, 444px\" \/><\/p>\n<p>Il y a donc 34 peintures \u00ab\u00a0Base\u00a0\u00bb et 70 \u00ab\u00a0Layers\u00a0\u00bb, s&rsquo;y ajoutent 12 \u00ab\u00a0Shade\u00a0\u00bb, 15 \u00ab\u00a0Dry\u00a0\u00bb, 4 \u00ab\u00a0Glaze\u00a0\u00bb, 6 \u00ab\u00a0Texture\u00a0\u00bb et 4 \u00ab\u00a0Technical\u00a0\u00bb. \u00c7a promet de joyeux moments \u00e0 les essayer toutes !<\/p>\n<p><img loading=\"lazy\" decoding=\"async\" class=\"aligncenter size-full wp-image-630\" src=\"http:\/\/www.atorgael.com\/figurine\/files\/2010\/06\/145pots-620x445.jpg\" alt=\"145pots-620x445\" width=\"620\" height=\"445\" srcset=\"https:\/\/www.atorgael.com\/figurine\/files\/2010\/06\/145pots-620x445.jpg 620w, https:\/\/www.atorgael.com\/figurine\/files\/2010\/06\/145pots-620x445-150x107.jpg 150w, https:\/\/www.atorgael.com\/figurine\/files\/2010\/06\/145pots-620x445-300x215.jpg 300w\" sizes=\"auto, (max-width: 620px) 100vw, 620px\" \/><\/p>\n<h4>La liste des peinture par type<\/h4>\n<ul>\n<li><a title=\"Bombes de sous-couche\" href=\"http:\/\/www.atorgael.com\/figurine\/bombes-de-sous-couche\/\">Les bombes de sous-couche<\/a><\/li>\n<li><a title=\"Peintures Citadel Base\" href=\"http:\/\/www.atorgael.com\/figurine\/peintures-citadel-base\/\">Les \u00ab\u00a0Citadel Base\u00a0\u00bb<\/a><\/li>\n<li><a title=\"Peinture Citadel Layer\" href=\"http:\/\/www.atorgael.com\/figurine\/peinture-citadel-layer\/\">Les \u00ab\u00a0layer\u00a0\u00bb<\/a><\/li>\n<li><a title=\"Peinture Citadel Shade\" href=\"http:\/\/www.atorgael.com\/figurine\/peinture-citadel-shade\/\">Les \u00ab\u00a0Shade\u00a0\u00bb<\/a><\/li>\n<li><a title=\"Peinture Citadel Dry\" href=\"http:\/\/www.atorgael.com\/figurine\/peinture-citadel-dry\/\">Les \u00ab\u00a0Dry\u00a0\u00bb<\/a><\/li>\n<li><a title=\"Peinture Citadel Technical-Glaze-Texture-Edge\" href=\"http:\/\/www.atorgael.com\/figurine\/peinture-citadel-technical-glaze-texture-edge\/\">Les \u00ab\u00a0Glaze\u00a0\u00bb, \u00ab\u00a0Texture\u00a0\u00bb, \u00ab\u00a0Technical\u00a0\u00bb et \u00ab\u00a0Edges\u00a0\u00bb<\/a><\/li>\n<li>Les Citadel \u00ab\u00a0Air\u00a0\u00bb<\/li>\n<\/ul>\n<h4>Pour finir, quelques id\u00e9es d&rsquo;association<\/h4>\n<ul>\n<li><a title=\"Combinaisons et Sch\u00e9mas de peinture\" href=\"http:\/\/www.atorgael.com\/figurine\/combinaisons-et-schemas-de-peinture\/\">Les combos<\/a><\/li>\n<\/ul>\n<h2>Conclusion<\/h2>\n<p>Ma premi\u00e8re conclusion rapide c&rsquo;est que ces nouvelles peintures raviront s\u00fbrement les peintres qui ne s&rsquo;occupent que de faire de la peinture d&rsquo;arm\u00e9es, fini les m\u00e9langes qu&rsquo;on ne retrouve plus, on se choisit la bonne couleur, le bon ombrage et le bon brossage et c&rsquo;est parti pour 300 figurines. 1 an apr\u00e8s on ressort les r\u00e9f\u00e9rences des pots et c&rsquo;est reparti pour les derni\u00e8res figurines sorties et qui viennent grossir l&rsquo;arm\u00e9e!<\/p>\n<p>Pour les plus exigeants, les coureurs de concours et d&rsquo;expositions, j&rsquo;imagine que \u00e7a ne va pas changer grand chose, \u00e7a va juste les faire r\u00e2ler un peu parce qu&rsquo;ils ne retrouvent plus les noms de leurs couleurs favorites.<\/p>\n<p>Je suis pass\u00e9 au magasin GW de Lyon 2 ce mercredi pour tester un peu ces peintures au gr\u00e9 des 17 pots mis \u00e0 la disposition des visiteurs-clients-potentiels. J&rsquo;ai taquin\u00e9 les m\u00e9taux et les bleus sur une sous-couche noire : Peinture tr\u00e8s couvrante en base, c&rsquo;est confirm\u00e9, les encres sont \u00e9galement assez fortes.<\/p>\n<p>Par curiosit\u00e9 j&rsquo;ai aussi test\u00e9 les \u00ab\u00a0Dry\u00a0\u00bb (\u00e0 la consistance presque mousseuse, c&rsquo;est amusant), il va falloir bien essuyer le pinceau car elles sont aussi tr\u00e8s couvrantes.<\/p>\n<p>Essay\u00e9 \u00e9galement une peinture textur\u00e9e. Pour faire un socle tr\u00e8s vite et sans rien d&rsquo;autre, c&rsquo;est parfait, on \u00e9vite ainsi le b\u00eate socle tout plat juste peint, par contre il faut en mettre une bonne \u00e9paisseur pour ne pas voir les traces du pinceau sur le socle. Plusieurs passages conseill\u00e9s. Mais je vois d\u00e9j\u00e0 une utilisation possible pour ces peintures \u00ab\u00a0texture\u00a0\u00bb, notamment pour les bas de caisse des v\u00e9hicules apr\u00e8s qu&rsquo;ils aient roul\u00e9 dans la boue ou pour les b\u00e2timents en zone de guerre&#8230;<\/p>\n<p>Une bonne premi\u00e8re approche, nul doute que je vais vite remplacer quelques pots qui avaient fini par s\u00e9cher. Bon 3\u20ac le pot quand m\u00eame donc on ne va prendre que le n\u00e9cessaire. Au passage et pour les plus accrocs ou les plus productifs, la valise et les 145 pots de l&rsquo;image plus haut sont au prix de 435\u20ac, \u00e7a vous fait la valise gratuite.<\/p>\n<p>Je suis curieux de connaitre vos impression et vos conclusions sur ces peintures&#8230;<\/p>\n<h2>Conclusion II, le retour<\/h2>\n<p>Le samedi 31 mars, Guillaume au magasin de Lyon II organisait un challenge de peinture ouvert \u00e0 tous : peindre en 60 minutes une figurine avec 4 pinceaux et les 17 peintures mises \u00e0 la disposition en d\u00e9monstration. Il fallait juste venir avec sa fig (un personnage de toute la gamme GW) mont\u00e9e et sous-couch\u00e9e en noir ou en blanc.<\/p>\n<p>Je me suis pr\u00eat\u00e9 au jeu et voila la figurine peinte pour cette occasion :<\/p>\n<p><img loading=\"lazy\" decoding=\"async\" class=\"aligncenter size-full wp-image-637\" src=\"http:\/\/www.atorgael.com\/figurine\/files\/2012\/03\/IMAG0128-682x1024.jpg\" alt=\"IMAG0128-682x1024\" width=\"682\" height=\"1024\" srcset=\"https:\/\/www.atorgael.com\/figurine\/files\/2012\/03\/IMAG0128-682x1024.jpg 682w, https:\/\/www.atorgael.com\/figurine\/files\/2012\/03\/IMAG0128-682x1024-99x150.jpg 99w, https:\/\/www.atorgael.com\/figurine\/files\/2012\/03\/IMAG0128-682x1024-199x300.jpg 199w, https:\/\/www.atorgael.com\/figurine\/files\/2012\/03\/IMAG0128-682x1024-532x800.jpg 532w\" sizes=\"auto, (max-width: 682px) 100vw, 682px\" \/><\/p>\n<p>Toute la semaine suivante, les visiteurs du magasin ont \u00e9t\u00e9 invit\u00e9s \u00e0 d\u00e9signer la figurine qu&rsquo;ils pr\u00e9f\u00e9raient.<\/p>\n<p>60 minutes, c&rsquo;est stressant quand on n&rsquo;a pas toutes les couleurs qu&rsquo;il faut, j&rsquo;ai donc choisi cette fig pour son absence de chair et les grandes surfaces de la cape et d&rsquo;armure. \u00c7a se peint vite et les couleurs \u00e0 disposition entraient bien dans un sch\u00e9ma simple. J&rsquo;aurai bien aim\u00e9 avoir du dor\u00e9, du marron, mais bon. Au final, un bon moment bien sympathique et une r\u00e9v\u00e9lation : je peux peindre mes figs vite ! Et finalement c&rsquo;est \u00e0 peine moins bien que si j&rsquo;y avait pass\u00e9 1 semaine !<\/p>\n<hr \/>\n<p>Les R\u00e9sultats de ce challenge ont \u00e9t\u00e9 d\u00e9voil\u00e9s le 21 avril suivant et c&rsquo;est ce roi-revenant qui gagne par 18 votes (13 votes aux deux seconds). Du coup me voila l&rsquo;heureux propri\u00e9taire d&rsquo;un \u00e9tabli de mod\u00e9lisme collector (parce que rouge) ! Content !<\/p>\n<p>Les photos et d\u00e9tails sur la <a href=\"http:\/\/fr-fr.facebook.com\/GWLyon2\" target=\"_blank\">page Facebook du magasin GW Lyon II<\/a>.<\/p>\n","protected":false},"excerpt":{"rendered":"<p>1\u00e8re mise en ligne le 6 mai 2013 &#8211; Mise \u00e0 jour Janvier 2016 Gros coup de neuf sur la gamme des peintures de notre fournisseur pr\u00e9f\u00e9r\u00e9 de plastique et de r\u00e9sine. Toutes les r\u00e9f\u00e9rences changent, de nouvelles arrivent ainsi qu&rsquo;un tas de petites choses. Explications ! 145, c&rsquo;est le nombre de pots de peinture [&hellip;]<\/p>\n","protected":false},"author":2,"featured_media":0,"parent":0,"menu_order":0,"comment_status":"open","ping_status":"open","template":"","meta":{"footnotes":""},"class_list":["post-746","page","type-page","status-publish","czr-hentry"],"_links":{"self":[{"href":"https:\/\/www.atorgael.com\/figurine\/wp-json\/wp\/v2\/pages\/746","targetHints":{"allow":["GET"]}}],"collection":[{"href":"https:\/\/www.atorgael.com\/figurine\/wp-json\/wp\/v2\/pages"}],"about":[{"href":"https:\/\/www.atorgael.com\/figurine\/wp-json\/wp\/v2\/types\/page"}],"author":[{"embeddable":true,"href":"https:\/\/www.atorgael.com\/figurine\/wp-json\/wp\/v2\/users\/2"}],"replies":[{"embeddable":true,"href":"https:\/\/www.atorgael.com\/figurine\/wp-json\/wp\/v2\/comments?post=746"}],"version-history":[{"count":0,"href":"https:\/\/www.atorgael.com\/figurine\/wp-json\/wp\/v2\/pages\/746\/revisions"}],"wp:attachment":[{"href":"https:\/\/www.atorgael.com\/figurine\/wp-json\/wp\/v2\/media?parent=746"}],"curies":[{"name":"wp","href":"https:\/\/api.w.org\/{rel}","templated":true}]}}