{"id":2,"date":"2013-06-06T10:00:34","date_gmt":"2013-06-06T08:00:34","guid":{"rendered":"http:\/\/www.atorgael.com\/figurine\/?page_id=2"},"modified":"2016-09-16T14:59:41","modified_gmt":"2016-09-16T12:59:41","slug":"armee_figurine","status":"publish","type":"page","link":"https:\/\/www.atorgael.com\/figurine\/armee_figurine\/","title":{"rendered":"Arm\u00e9es de figurines"},"content":{"rendered":"<p>Voila le projet : pr\u00e9senter des arm\u00e9es compl\u00e8tes, pr\u00eates \u00e0 jouer enti\u00e8rement peintes.<\/p>\n<p><em>A noter qu&rsquo;il est fort possible que ces arm\u00e9es soient compl\u00e9t\u00e9es au fil des s\u00e9ances de peinture, c&rsquo;est en tout \u00e0 esp\u00e9rer. A suivre&#8230;<br \/>\n<\/em><\/p>\n<h2>Chevaliers Gris<\/h2>\n<p>Les Chevaliers Gris ouvrent la s\u00e9rie, voici donc les <a href=\"http:\/\/www.atorgael.com\/figurine\/soldats-de-titan\/\">Soldats de Titan, les fr\u00e8res Chevaliers de la 8\u00e8 Confr\u00e9rie<\/a>.<\/p>\n<h2>Tyranides<\/h2>\n<p>Les Tyranides de la <a href=\"http:\/\/www.atorgael.com\/figurine\/la-ruche-infernis\/\">Ruche Infernis<\/a> les suivent de pr\u00e8s.<\/p>\n<h2>Blood Angels<\/h2>\n<p>Encore pas assez d&rsquo;unit\u00e9s compl\u00e8tes pour pouvoir porter le nom d&rsquo;arm\u00e9e, mais \u00e7a va venir. Le <a href=\"http:\/\/www.atorgael.com\/figurine\/capitaine-blood-angels\/\">capitaine <\/a>est d\u00e9j\u00e0 l\u00e0 et attend que les troupes se rassemblent&#8230;<\/p>\n","protected":false},"excerpt":{"rendered":"<p>Voila le projet : pr\u00e9senter des arm\u00e9es compl\u00e8tes, pr\u00eates \u00e0 jouer enti\u00e8rement peintes. A noter qu&rsquo;il est fort possible que ces arm\u00e9es soient compl\u00e9t\u00e9es au fil des s\u00e9ances de peinture, c&rsquo;est en tout \u00e0 esp\u00e9rer. A suivre&#8230; Chevaliers Gris Les Chevaliers Gris ouvrent la s\u00e9rie, voici donc les Soldats de Titan, les fr\u00e8res Chevaliers de [&hellip;]<\/p>\n","protected":false},"author":2,"featured_media":1050,"parent":0,"menu_order":0,"comment_status":"open","ping_status":"closed","template":"","meta":{"footnotes":""},"class_list":["post-2","page","type-page","status-publish","has-post-thumbnail","czr-hentry"],"_links":{"self":[{"href":"https:\/\/www.atorgael.com\/figurine\/wp-json\/wp\/v2\/pages\/2","targetHints":{"allow":["GET"]}}],"collection":[{"href":"https:\/\/www.atorgael.com\/figurine\/wp-json\/wp\/v2\/pages"}],"about":[{"href":"https:\/\/www.atorgael.com\/figurine\/wp-json\/wp\/v2\/types\/page"}],"author":[{"embeddable":true,"href":"https:\/\/www.atorgael.com\/figurine\/wp-json\/wp\/v2\/users\/2"}],"replies":[{"embeddable":true,"href":"https:\/\/www.atorgael.com\/figurine\/wp-json\/wp\/v2\/comments?post=2"}],"version-history":[{"count":0,"href":"https:\/\/www.atorgael.com\/figurine\/wp-json\/wp\/v2\/pages\/2\/revisions"}],"wp:featuredmedia":[{"embeddable":true,"href":"https:\/\/www.atorgael.com\/figurine\/wp-json\/wp\/v2\/media\/1050"}],"wp:attachment":[{"href":"https:\/\/www.atorgael.com\/figurine\/wp-json\/wp\/v2\/media?parent=2"}],"curies":[{"name":"wp","href":"https:\/\/api.w.org\/{rel}","templated":true}]}}