{"id":1347,"date":"2016-01-04T14:03:39","date_gmt":"2016-01-04T13:03:39","guid":{"rendered":"http:\/\/www.atorgael.com\/figurine\/?page_id=1347"},"modified":"2016-01-04T14:13:08","modified_gmt":"2016-01-04T13:13:08","slug":"peinture-citadel-air","status":"publish","type":"page","link":"https:\/\/www.atorgael.com\/figurine\/les-peintures-gw\/peinture-citadel-air\/","title":{"rendered":"Peinture Citadel Air"},"content":{"rendered":"<p>Une nouvelle gamme destin\u00e9es aux a\u00e9rographes exclusivement, pas forc\u00e9ment \u00e0 la port\u00e9e de tout le monde donc :<\/p>\n<div style=\"width:45%; float: left; padding-right: 10%; display: inline;\" class=\"post_column_1\"><p>\n<ul>\n<li>Averland Sunset<\/li>\n<li>Mephiston Red<\/li>\n<li>Khorne Red<\/li>\n<li>Kantor Blue<\/li>\n<li>Macragge Blue<\/li>\n<li>Caledor Sky<\/li>\n<li>Caliban Green<\/li>\n<li>Castellan Green<\/li>\n<li>Death World Forest<\/li>\n<li>Zandri Dust<\/li>\n<li>Mournfang Brown<\/li>\n<li>XV-88<\/li>\n<li>Dryad Bark<\/li>\n<li>Mechanicus Standard Grey<\/li>\n<li>Abaddon Black<\/li>\n<li>Leadbelcher<\/li>\n<li>Balthasar Gold<\/li>\n<li>Steel Legion Drab<\/li>\n<li>The Fang<\/li>\n<li>Flash Gitz Yellow<\/li>\n<li>Troll Slayer Orange<\/li>\n<li>Evil Sunz Scarlet<\/li>\n<li>Genestealer Purple<\/li>\n<li>Calgar Blue<\/li>\n<li>Lothern Blue<\/li>\n<li>Temple Guard Blue<\/div><\/li>\n<\/ul>\n<div style=\"width:45%; float: left; padding-right: 0%; display: inline;\" class=\"post_column_1\"><p>\n<ul>\n<li>Sybarite Green<\/li>\n<li>Moot Green<\/li>\n<li>Warboss Green<\/li>\n<li>Straken Green<\/li>\n<li>Elysian Green<\/li>\n<li>Ogryn Camo<\/li>\n<li>Ushabti Bone<\/li>\n<li>Tallarn Sand<\/li>\n<li>Karak Stone<\/li>\n<li>Kislev Flesh<\/li>\n<li>Deathclaw Brown<\/li>\n<li>Tau Light Ochre<\/li>\n<li>Balor Brown<\/li>\n<li>Tuskgor Fur<\/li>\n<li>Baneblade Brown<\/li>\n<li>Dawnstone<\/li>\n<li>Administratum Grey<\/li>\n<li>Ulthuan Grey<\/li>\n<li>White Scar<\/li>\n<li>Ironbreaker<\/li>\n<li>Runefang Steel<\/li>\n<li>Relictor Gold<\/li>\n<li>Russ Grey<\/li>\n<li>Fenrisian Grey<\/li>\n<li>Terminatus Stone<\/div><\/li>\n<\/ul>\n<div style=\"clear: both;\"><\/div>\n<p>Ces pots sont reconnaissables au <span style=\"text-decoration: underline;\">bouclier sur fond argent\u00e9<\/span>.<\/p>\n<p style=\"text-align: center;\"><a title=\"Bombes de sous-couche\" href=\"http:\/\/www.atorgael.com\/figurine\/les-peintures-gw\/bombes-de-sous-couche\/\">Sous-couche<\/a> | <a title=\"Peintures Citadel Base\" href=\"http:\/\/www.atorgael.com\/figurine\/les-peintures-gw\/peintures-citadel-base\/\">Base<\/a> | <a title=\"Peinture Citadel Layer\" href=\"http:\/\/www.atorgael.com\/figurine\/les-peintures-gw\/peinture-citadel-layer\/\">Layer<\/a> | <a title=\"Peinture Citadel Shade\" href=\"http:\/\/www.atorgael.com\/figurine\/les-peintures-gw\/peinture-citadel-shade\/\">Shade<\/a> | <a title=\"Peinture Citadel Dry\" href=\"http:\/\/www.atorgael.com\/figurine\/les-peintures-gw\/peinture-citadel-dry\/\">Dry<\/a> | <a href=\"http:\/\/www.atorgael.com\/figurine\/les-peintures-gw\/peinture-citadel-technical-glaze-texture-edge\/\">Technical <\/a>| Air<\/p>\n","protected":false},"excerpt":{"rendered":"<p>Une nouvelle gamme destin\u00e9es aux a\u00e9rographes exclusivement, pas forc\u00e9ment \u00e0 la port\u00e9e de tout le monde donc : Ces pots sont reconnaissables au bouclier sur fond argent\u00e9. Sous-couche | Base | Layer | Shade | Dry | Technical | Air<\/p>\n","protected":false},"author":2,"featured_media":0,"parent":746,"menu_order":6,"comment_status":"open","ping_status":"closed","template":"","meta":{"footnotes":""},"class_list":["post-1347","page","type-page","status-publish","czr-hentry"],"_links":{"self":[{"href":"https:\/\/www.atorgael.com\/figurine\/wp-json\/wp\/v2\/pages\/1347","targetHints":{"allow":["GET"]}}],"collection":[{"href":"https:\/\/www.atorgael.com\/figurine\/wp-json\/wp\/v2\/pages"}],"about":[{"href":"https:\/\/www.atorgael.com\/figurine\/wp-json\/wp\/v2\/types\/page"}],"author":[{"embeddable":true,"href":"https:\/\/www.atorgael.com\/figurine\/wp-json\/wp\/v2\/users\/2"}],"replies":[{"embeddable":true,"href":"https:\/\/www.atorgael.com\/figurine\/wp-json\/wp\/v2\/comments?post=1347"}],"version-history":[{"count":0,"href":"https:\/\/www.atorgael.com\/figurine\/wp-json\/wp\/v2\/pages\/1347\/revisions"}],"up":[{"embeddable":true,"href":"https:\/\/www.atorgael.com\/figurine\/wp-json\/wp\/v2\/pages\/746"}],"wp:attachment":[{"href":"https:\/\/www.atorgael.com\/figurine\/wp-json\/wp\/v2\/media?parent=1347"}],"curies":[{"name":"wp","href":"https:\/\/api.w.org\/{rel}","templated":true}]}}