{"id":1103,"date":"2014-10-16T11:07:38","date_gmt":"2014-10-16T09:07:38","guid":{"rendered":"http:\/\/www.atorgael.com\/figurine\/?page_id=1103"},"modified":"2015-04-17T00:40:42","modified_gmt":"2015-04-16T22:40:42","slug":"combinaisons-et-schemas-de-peinture","status":"publish","type":"page","link":"https:\/\/www.atorgael.com\/figurine\/les-peintures-gw\/combinaisons-et-schemas-de-peinture\/","title":{"rendered":"Combinaisons et Sch\u00e9mas de peinture"},"content":{"rendered":"<h2>Combinaisons<\/h2>\n<p>Voici quelques tableaux propos\u00e9s par <a href=\"http:\/\/www.games-workshop.com\/gws\/catalog\/paintChart.jsp?catId=cat820002a\" target=\"_blank\">Games Workshop<\/a> pour des combinaisons de couleurs, cherchez et vous trouverez certainement votre bonheur. Sinon \u00e0 vous de d\u00e9velopper vos sch\u00e9ma. Mais \u00e7a reste une bonne base pour commencer.<\/p>\n<p><a href=\"http:\/\/www.atorgael.com\/figurine\/files\/2010\/06\/tab-color001.jpg\"><img loading=\"lazy\" decoding=\"async\" class=\"aligncenter size-large wp-image-631\" src=\"http:\/\/www.atorgael.com\/figurine\/files\/2010\/06\/tab-color001-800x410.jpg\" alt=\"tab-color001\" width=\"575\" height=\"294\" srcset=\"https:\/\/www.atorgael.com\/figurine\/files\/2010\/06\/tab-color001-800x410.jpg 800w, https:\/\/www.atorgael.com\/figurine\/files\/2010\/06\/tab-color001-150x77.jpg 150w, https:\/\/www.atorgael.com\/figurine\/files\/2010\/06\/tab-color001-300x154.jpg 300w, https:\/\/www.atorgael.com\/figurine\/files\/2010\/06\/tab-color001.jpg 1011w\" sizes=\"auto, (max-width: 575px) 100vw, 575px\" \/><\/a><a href=\"http:\/\/www.atorgael.com\/figurine\/files\/2010\/06\/tab-color002.jpg\"><img loading=\"lazy\" decoding=\"async\" class=\"aligncenter size-large wp-image-632\" src=\"http:\/\/www.atorgael.com\/figurine\/files\/2010\/06\/tab-color002-800x410.jpg\" alt=\"tab-color002\" width=\"575\" height=\"294\" srcset=\"https:\/\/www.atorgael.com\/figurine\/files\/2010\/06\/tab-color002-800x410.jpg 800w, https:\/\/www.atorgael.com\/figurine\/files\/2010\/06\/tab-color002-150x77.jpg 150w, https:\/\/www.atorgael.com\/figurine\/files\/2010\/06\/tab-color002-300x154.jpg 300w, https:\/\/www.atorgael.com\/figurine\/files\/2010\/06\/tab-color002.jpg 1011w\" sizes=\"auto, (max-width: 575px) 100vw, 575px\" \/><\/a><a href=\"http:\/\/www.atorgael.com\/figurine\/files\/2010\/06\/tab-color003.jpg\"><img loading=\"lazy\" decoding=\"async\" class=\"aligncenter size-large wp-image-633\" src=\"http:\/\/www.atorgael.com\/figurine\/files\/2010\/06\/tab-color003-800x410.jpg\" alt=\"tab-color003\" width=\"575\" height=\"294\" srcset=\"https:\/\/www.atorgael.com\/figurine\/files\/2010\/06\/tab-color003-800x410.jpg 800w, https:\/\/www.atorgael.com\/figurine\/files\/2010\/06\/tab-color003-150x77.jpg 150w, https:\/\/www.atorgael.com\/figurine\/files\/2010\/06\/tab-color003-300x154.jpg 300w, https:\/\/www.atorgael.com\/figurine\/files\/2010\/06\/tab-color003.jpg 1011w\" sizes=\"auto, (max-width: 575px) 100vw, 575px\" \/><\/a><a href=\"http:\/\/www.atorgael.com\/figurine\/files\/2010\/06\/tab-color004.jpg\"><img loading=\"lazy\" decoding=\"async\" class=\"aligncenter size-large wp-image-634\" src=\"http:\/\/www.atorgael.com\/figurine\/files\/2010\/06\/tab-color004-800x410.jpg\" alt=\"tab-color004\" width=\"575\" height=\"294\" srcset=\"https:\/\/www.atorgael.com\/figurine\/files\/2010\/06\/tab-color004-800x410.jpg 800w, https:\/\/www.atorgael.com\/figurine\/files\/2010\/06\/tab-color004-150x77.jpg 150w, https:\/\/www.atorgael.com\/figurine\/files\/2010\/06\/tab-color004-300x154.jpg 300w, https:\/\/www.atorgael.com\/figurine\/files\/2010\/06\/tab-color004.jpg 1011w\" sizes=\"auto, (max-width: 575px) 100vw, 575px\" \/><\/a><a href=\"http:\/\/www.atorgael.com\/figurine\/files\/2010\/06\/tab-color005.jpg\"><img loading=\"lazy\" decoding=\"async\" class=\"aligncenter size-large wp-image-635\" src=\"http:\/\/www.atorgael.com\/figurine\/files\/2010\/06\/tab-color005-800x321.jpg\" alt=\"tab-color005\" width=\"575\" height=\"230\" srcset=\"https:\/\/www.atorgael.com\/figurine\/files\/2010\/06\/tab-color005-800x321.jpg 800w, https:\/\/www.atorgael.com\/figurine\/files\/2010\/06\/tab-color005-150x60.jpg 150w, https:\/\/www.atorgael.com\/figurine\/files\/2010\/06\/tab-color005-300x120.jpg 300w, https:\/\/www.atorgael.com\/figurine\/files\/2010\/06\/tab-color005.jpg 1011w\" sizes=\"auto, (max-width: 575px) 100vw, 575px\" \/><\/a><a href=\"http:\/\/www.atorgael.com\/figurine\/files\/2010\/06\/tab-color006.jpg\"><img loading=\"lazy\" decoding=\"async\" class=\"aligncenter size-large wp-image-636\" src=\"http:\/\/www.atorgael.com\/figurine\/files\/2010\/06\/tab-color006-800x219.jpg\" alt=\"tab-color006\" width=\"575\" height=\"157\" srcset=\"https:\/\/www.atorgael.com\/figurine\/files\/2010\/06\/tab-color006-800x219.jpg 800w, https:\/\/www.atorgael.com\/figurine\/files\/2010\/06\/tab-color006-150x41.jpg 150w, https:\/\/www.atorgael.com\/figurine\/files\/2010\/06\/tab-color006-300x82.jpg 300w, https:\/\/www.atorgael.com\/figurine\/files\/2010\/06\/tab-color006.jpg 1011w\" sizes=\"auto, (max-width: 575px) 100vw, 575px\" \/><\/a><\/p>\n<p class=\"wpview-selection-after\">A noter que ces combinaisons peuvent se retrouver par le biais d&rsquo;une <a title=\"Trucs et bidouilles\" href=\"http:\/\/www.atorgael.com\/figurine\/figurines-en-vracs\/trucs-et-bidouilles\/\">application<\/a> pour votre smartphone ou tablette, toujours plus pratique \u00e0 trimballer que votre PC pour les consulter rapidement.<\/p>\n<p style=\"text-align: center;\"><a title=\"Bombes de sous-couche\" href=\"http:\/\/www.atorgael.com\/figurine\/les-peintures-gw\/bombes-de-sous-couche\/\">Sous-couche<\/a> | <a title=\"Peintures Citadel Base\" href=\"http:\/\/www.atorgael.com\/figurine\/les-peintures-gw\/peintures-citadel-base\/\">Base<\/a> | <a title=\"Peinture Citadel Layer\" href=\"http:\/\/www.atorgael.com\/figurine\/les-peintures-gw\/peinture-citadel-layer\/\">Layer<\/a> | <a title=\"Peinture Citadel Shade\" href=\"http:\/\/www.atorgael.com\/figurine\/les-peintures-gw\/peinture-citadel-shade\/\">Shade<\/a> | <a title=\"Peinture Citadel Dry\" href=\"http:\/\/www.atorgael.com\/figurine\/les-peintures-gw\/peinture-citadel-dry\/\">Dry<\/a> | <a title=\"Peinture Citadel Technical-Glaze-Texture-Edge\" href=\"http:\/\/www.atorgael.com\/figurine\/les-peintures-gw\/peinture-citadel-technical-glaze-texture-edge\/\">Technical<\/a><\/p>\n","protected":false},"excerpt":{"rendered":"<p>Combinaisons Voici quelques tableaux propos\u00e9s par Games Workshop pour des combinaisons de couleurs, cherchez et vous trouverez certainement votre bonheur. Sinon \u00e0 vous de d\u00e9velopper vos sch\u00e9ma. Mais \u00e7a reste une bonne base pour commencer. A noter que ces combinaisons peuvent se retrouver par le biais d&rsquo;une application pour votre smartphone ou tablette, toujours plus [&hellip;]<\/p>\n","protected":false},"author":2,"featured_media":0,"parent":746,"menu_order":7,"comment_status":"open","ping_status":"closed","template":"","meta":{"footnotes":""},"class_list":["post-1103","page","type-page","status-publish","czr-hentry"],"_links":{"self":[{"href":"https:\/\/www.atorgael.com\/figurine\/wp-json\/wp\/v2\/pages\/1103","targetHints":{"allow":["GET"]}}],"collection":[{"href":"https:\/\/www.atorgael.com\/figurine\/wp-json\/wp\/v2\/pages"}],"about":[{"href":"https:\/\/www.atorgael.com\/figurine\/wp-json\/wp\/v2\/types\/page"}],"author":[{"embeddable":true,"href":"https:\/\/www.atorgael.com\/figurine\/wp-json\/wp\/v2\/users\/2"}],"replies":[{"embeddable":true,"href":"https:\/\/www.atorgael.com\/figurine\/wp-json\/wp\/v2\/comments?post=1103"}],"version-history":[{"count":0,"href":"https:\/\/www.atorgael.com\/figurine\/wp-json\/wp\/v2\/pages\/1103\/revisions"}],"up":[{"embeddable":true,"href":"https:\/\/www.atorgael.com\/figurine\/wp-json\/wp\/v2\/pages\/746"}],"wp:attachment":[{"href":"https:\/\/www.atorgael.com\/figurine\/wp-json\/wp\/v2\/media?parent=1103"}],"curies":[{"name":"wp","href":"https:\/\/api.w.org\/{rel}","templated":true}]}}