{"id":1102,"date":"2014-10-16T10:54:07","date_gmt":"2014-10-16T08:54:07","guid":{"rendered":"http:\/\/www.atorgael.com\/figurine\/?page_id=1102"},"modified":"2016-01-04T14:26:21","modified_gmt":"2016-01-04T13:26:21","slug":"peinture-citadel-technical-glaze-texture-edge","status":"publish","type":"page","link":"https:\/\/www.atorgael.com\/figurine\/les-peintures-gw\/peinture-citadel-technical-glaze-texture-edge\/","title":{"rendered":"Peinture Citadel Technical-Glaze-Texture-Edge"},"content":{"rendered":"<h2>Citadel Technical<\/h2>\n<p>Il n&rsquo;y a pas que des peintures ici, mais des produits aidant \u00e0 la bonne finition ou pr\u00e9paration de votre figurine :<\/p>\n<ul>\n<li>Lahmian Medium<\/li>\n<li>&lsquo;Ardcoat &#8211; Le vernis billant<\/li>\n<li>Imperial Primer &#8211; La sous-couche noire<\/li>\n<li>Liquid Green Stuff<\/li>\n<li>Blood for the Blood God<\/li>\n<li>Nihilakh Oxide<\/li>\n<li>Nurgle&rsquo;s Rot<\/li>\n<li>Typhus Corrosion<\/li>\n<li>Agrellan Earth<\/li>\n<li>Martian Ironearth<\/li>\n<\/ul>\n<p>Ces pots sont reconnaissables au <span style=\"text-decoration: underline;\">bouclier sur fond gris<\/span>.<\/p>\n<h2>Citadel Glaze<\/h2>\n<p>Ces peintures permettent de lier les couleurs sur la figurines et d&rsquo;att\u00e9nuer un peu les brossage trop violents. A essayer. 4 couleurs essentielles qui sont certainement les plus fr\u00e9quemment utilis\u00e9es dans cette gamme et qui peuvent \u00e9galement se m\u00e9langer pour obtenir d&rsquo;autres teintes.<\/p>\n<p>Il y en a moins que lors des premiers Glacis sortis par GW il y a de cela quelques ann\u00e9es et qui avaient disparus.<\/p>\n<ul>\n<li>Lamenters Yellow<\/li>\n<li>Waywatcher Green<\/li>\n<li>Guilliman Blue<\/li>\n<li>Bloodletter<\/li>\n<\/ul>\n<p>Ces pots sont reconnaissables au <span style=\"text-decoration: underline;\">bouclier sur fond orange<\/span>.<\/p>\n<h2>Citadel Texture<\/h2>\n<p>\u00c7a, c&rsquo;est pour les socles ou autres \u00e9l\u00e9ments de d\u00e9cors.<\/p>\n<p>Des peintures avec des grumeaux dedans (des billes en fait) afin de donner du relief aux socles et qui permettront des brossages et lavis suppl\u00e9mentaires pour donner une belle apparence finale.<\/p>\n<ul>\n<li>Mourn Mountain Snow<\/li>\n<li>Stirland Mud<\/li>\n<li>Blackfire Earth<\/li>\n<li>Astrogranite<\/li>\n<li>Armageddon Dust<\/li>\n<li>Lustrian Undergrowth<\/li>\n<\/ul>\n<p>Ces pots sont reconnaissables au <span style=\"text-decoration: underline;\">bouclier sur fond jaune<\/span>.<\/p>\n<h2>Citadel Edge<\/h2>\n<p>Sorties en mars 2013 individuellement apr\u00e8s avoir fait l&rsquo;objet d&rsquo;une \u00e9dition limit\u00e9e, les peintures Edge ont la particularit\u00e9 de reprendre des teintes de Dry afin d&rsquo;obtenir un \u00e9claircissement final lumineux et contrast\u00e9.<\/p>\n<p><img loading=\"lazy\" decoding=\"async\" class=\"aligncenter size-full wp-image-747\" src=\"http:\/\/www.atorgael.com\/figurine\/files\/2013\/05\/edge.jpg\" alt=\"edge\" width=\"600\" height=\"400\" \/><\/p>\n<p>Il y a 9 peintures dans la gamme, du Fulgrim Pink au Dorn Yellow. Leur composition et leur consistance sont voisines de celles des peintures Citadel Layer, mais dans des tons bien plus clairs. Cela signifie qu&rsquo;elles sont parfaitement compatibles avec tout le reste de la gamme de peintures Citadel.<\/p>\n<ul>\n<li>Krieg Khaki<\/li>\n<li>Blue Horror<\/li>\n<li>Flayed one flesh<\/li>\n<li>Dechala Lilac<\/li>\n<li>Gauss blaster green<\/li>\n<li>Baharroth blue<\/li>\n<li>Dorn yellow<\/li>\n<li>Lugganath orange<\/li>\n<li>Fulgrim pink<\/li>\n<\/ul>\n<p>Je n&rsquo;ai pas essay\u00e9 ces peintures, mais un jour pourquoi pas.<\/p>\n<p>Ces pots sont reconnaissables au bouclier sur fond dor\u00e9.<\/p>\n<p style=\"text-align: center;\"><a title=\"Bombes de sous-couche\" href=\"http:\/\/www.atorgael.com\/figurine\/les-peintures-gw\/bombes-de-sous-couche\/\">Sous-couche<\/a> | <a title=\"Peintures Citadel Base\" href=\"http:\/\/www.atorgael.com\/figurine\/les-peintures-gw\/peintures-citadel-base\/\">Base<\/a> | <a title=\"Peinture Citadel Layer\" href=\"http:\/\/www.atorgael.com\/figurine\/les-peintures-gw\/peinture-citadel-layer\/\">Layer<\/a> | <a title=\"Peinture Citadel Shade\" href=\"http:\/\/www.atorgael.com\/figurine\/les-peintures-gw\/peinture-citadel-shade\/\">Shade<\/a> | <a title=\"Peinture Citadel Dry\" href=\"http:\/\/www.atorgael.com\/figurine\/les-peintures-gw\/peinture-citadel-dry\/\">Dry<\/a> | Technical |<a href=\"http:\/\/www.atorgael.com\/figurine\/les-peintures-gw\/peinture-citadel-air\/\">Air<\/a><\/p>\n","protected":false},"excerpt":{"rendered":"<p>Citadel Technical Il n&rsquo;y a pas que des peintures ici, mais des produits aidant \u00e0 la bonne finition ou pr\u00e9paration de votre figurine : Lahmian Medium &lsquo;Ardcoat &#8211; Le vernis billant Imperial Primer &#8211; La sous-couche noire Liquid Green Stuff Blood for the Blood God Nihilakh Oxide Nurgle&rsquo;s Rot Typhus Corrosion Agrellan Earth Martian Ironearth [&hellip;]<\/p>\n","protected":false},"author":2,"featured_media":0,"parent":746,"menu_order":6,"comment_status":"open","ping_status":"closed","template":"","meta":{"footnotes":""},"class_list":["post-1102","page","type-page","status-publish","czr-hentry"],"_links":{"self":[{"href":"https:\/\/www.atorgael.com\/figurine\/wp-json\/wp\/v2\/pages\/1102","targetHints":{"allow":["GET"]}}],"collection":[{"href":"https:\/\/www.atorgael.com\/figurine\/wp-json\/wp\/v2\/pages"}],"about":[{"href":"https:\/\/www.atorgael.com\/figurine\/wp-json\/wp\/v2\/types\/page"}],"author":[{"embeddable":true,"href":"https:\/\/www.atorgael.com\/figurine\/wp-json\/wp\/v2\/users\/2"}],"replies":[{"embeddable":true,"href":"https:\/\/www.atorgael.com\/figurine\/wp-json\/wp\/v2\/comments?post=1102"}],"version-history":[{"count":0,"href":"https:\/\/www.atorgael.com\/figurine\/wp-json\/wp\/v2\/pages\/1102\/revisions"}],"up":[{"embeddable":true,"href":"https:\/\/www.atorgael.com\/figurine\/wp-json\/wp\/v2\/pages\/746"}],"wp:attachment":[{"href":"https:\/\/www.atorgael.com\/figurine\/wp-json\/wp\/v2\/media?parent=1102"}],"curies":[{"name":"wp","href":"https:\/\/api.w.org\/{rel}","templated":true}]}}