{"id":1101,"date":"2014-10-16T10:53:12","date_gmt":"2014-10-16T08:53:12","guid":{"rendered":"http:\/\/www.atorgael.com\/figurine\/?page_id=1101"},"modified":"2016-01-04T14:20:07","modified_gmt":"2016-01-04T13:20:07","slug":"peinture-citadel-dry","status":"publish","type":"page","link":"https:\/\/www.atorgael.com\/figurine\/les-peintures-gw\/peinture-citadel-dry\/","title":{"rendered":"Peinture Citadel Dry"},"content":{"rendered":"<p>Les Citadel Dry sont de nouvelles peintures sp\u00e9cialement \u00e9tudi\u00e9es pour les brossages \u00e0 sec.<\/p>\n<p>Une des premi\u00e8res techniques utilis\u00e9es par les d\u00e9butants (et parfois aussi par la suite tellement c&rsquo;est pratique et rapide), ces peintures plut\u00f4t claires permettront de faire ressortir les d\u00e9tails et ar\u00eates de vos figurines.<\/p>\n<p>A noter que les 2 derni\u00e8res de la liste sont des peintures m\u00e9talliques.<\/p>\n<div style=\"width:45%; float: left; padding-right: 10%; display: inline;\" class=\"post_column_1\"><p>\n<ul>\n<li>Praxeti White<\/li>\n<li>Wrack White<\/li>\n<li>Hexos Palesun<\/li>\n<li>Kindleflame<\/li>\n<li>Astorath Red<\/li>\n<li>Lucius Lilac<\/li>\n<li>Etherium Blue<\/li>\n<li>Skink Blue<\/li>\n<li>Chronius Blue<\/li>\n<li>Hoeth Blue<\/li>\n<li>Imrik Blue<\/li>\n<li>Skink Blue<\/li>\n<li>Thunderhawk Blue<\/li>\n<li>Hellion Green<\/li>\n<li>Niblit Green<\/li>\n<li>Nurgling Green<\/li>\n<li>Underhive Ash<\/li>\n<li>Golgfag Brown<\/div><\/li>\n<\/ul>\n<div style=\"width:45%; float: left; padding-right: 0%; display: inline;\" class=\"post_column_1\"><p>\n<ul>\n<li>Terminatus Stone<\/li>\n<li>Longbeard Grey<\/li>\n<li>Tyran Skull<\/li>\n<li>Verminlord Hide<\/li>\n<li>Dawnstone<\/li>\n<li>Slaanesh Grey<\/li>\n<li>Stormfang<\/li>\n<li>Sylvaneth Bark<\/li>\n<li>Changeling Pink<\/li>\n<li>Eldar Flesh<\/li>\n<li>Riza Rust<\/li>\n<\/ul>\n<p><span style=\"text-decoration: underline;\">\u00a0M\u00e9talliques<\/span><\/p>\n<ul>\n<li>Necron Compound<\/li>\n<li>Golden Griffon<\/li>\n<li>Sigmarite<\/div><\/li>\n<\/ul>\n<div style=\"clear: both;\"><\/div>\n<p>Ces pots sont reconnaissables au <span style=\"text-decoration: underline;\">bouclier sur fond beige<\/span>.<\/p>\n<p style=\"text-align: center;\"><a title=\"Bombes de sous-couche\" href=\"http:\/\/www.atorgael.com\/figurine\/les-peintures-gw\/bombes-de-sous-couche\/\">Sous-couche<\/a> | <a title=\"Peintures Citadel Base\" href=\"http:\/\/www.atorgael.com\/figurine\/les-peintures-gw\/peintures-citadel-base\/\">Base<\/a> | <a title=\"Peinture Citadel Layer\" href=\"http:\/\/www.atorgael.com\/figurine\/les-peintures-gw\/peinture-citadel-layer\/\">Layer<\/a> | <a title=\"Peinture Citadel Shade\" href=\"http:\/\/www.atorgael.com\/figurine\/les-peintures-gw\/peinture-citadel-shade\/\">Shade<\/a> | Dry | <a title=\"Peinture Citadel Technical-Glaze-Texture-Edge\" href=\"http:\/\/www.atorgael.com\/figurine\/les-peintures-gw\/peinture-citadel-technical-glaze-texture-edge\/\">Technical<\/a> | <a href=\"http:\/\/www.atorgael.com\/figurine\/les-peintures-gw\/peinture-citadel-air\/\">Air<\/a><\/p>\n","protected":false},"excerpt":{"rendered":"<p>Les Citadel Dry sont de nouvelles peintures sp\u00e9cialement \u00e9tudi\u00e9es pour les brossages \u00e0 sec. Une des premi\u00e8res techniques utilis\u00e9es par les d\u00e9butants (et parfois aussi par la suite tellement c&rsquo;est pratique et rapide), ces peintures plut\u00f4t claires permettront de faire ressortir les d\u00e9tails et ar\u00eates de vos figurines. A noter que les 2 derni\u00e8res de [&hellip;]<\/p>\n","protected":false},"author":2,"featured_media":0,"parent":746,"menu_order":5,"comment_status":"open","ping_status":"closed","template":"","meta":{"footnotes":""},"class_list":["post-1101","page","type-page","status-publish","czr-hentry"],"_links":{"self":[{"href":"https:\/\/www.atorgael.com\/figurine\/wp-json\/wp\/v2\/pages\/1101","targetHints":{"allow":["GET"]}}],"collection":[{"href":"https:\/\/www.atorgael.com\/figurine\/wp-json\/wp\/v2\/pages"}],"about":[{"href":"https:\/\/www.atorgael.com\/figurine\/wp-json\/wp\/v2\/types\/page"}],"author":[{"embeddable":true,"href":"https:\/\/www.atorgael.com\/figurine\/wp-json\/wp\/v2\/users\/2"}],"replies":[{"embeddable":true,"href":"https:\/\/www.atorgael.com\/figurine\/wp-json\/wp\/v2\/comments?post=1101"}],"version-history":[{"count":0,"href":"https:\/\/www.atorgael.com\/figurine\/wp-json\/wp\/v2\/pages\/1101\/revisions"}],"up":[{"embeddable":true,"href":"https:\/\/www.atorgael.com\/figurine\/wp-json\/wp\/v2\/pages\/746"}],"wp:attachment":[{"href":"https:\/\/www.atorgael.com\/figurine\/wp-json\/wp\/v2\/media?parent=1101"}],"curies":[{"name":"wp","href":"https:\/\/api.w.org\/{rel}","templated":true}]}}