{"id":1100,"date":"2014-10-16T10:52:59","date_gmt":"2014-10-16T08:52:59","guid":{"rendered":"http:\/\/www.atorgael.com\/figurine\/?page_id=1100"},"modified":"2016-01-04T14:12:30","modified_gmt":"2016-01-04T13:12:30","slug":"peinture-citadel-shade","status":"publish","type":"page","link":"https:\/\/www.atorgael.com\/figurine\/les-peintures-gw\/peinture-citadel-shade\/","title":{"rendered":"Peinture Citadel Shade"},"content":{"rendered":"<p>Les Citadel Shade sont des encres qui permettent d&rsquo;ex\u00e9cuter des ombrages tr\u00e8s rapidement.<\/p>\n<p>On dispose maintenant de 4 encres suppl\u00e9mentaires par rapport \u00e0 l&rsquo;ancienne gamme.<\/p>\n<p>Derni\u00e8re nouveaut\u00e9, les pots passe \u00e0 24 ml de contenance !<\/p>\n<div style=\"width:45%; float: left; padding-right: 10%; display: inline;\" class=\"post_column_1\"><p>\n<ul>\n<li>Casandora Yellow<\/li>\n<li>Fuegan Orange<\/li>\n<li>Carroburg Crimson &#8211; <em>Baal Red<\/em><\/li>\n<li>Druchii Violet &#8211; <em>Leviathan Purple<\/em><\/li>\n<li>Drakenhof Nightshade &#8211; <em><em>Asurmen Blue<\/em><\/em><\/li>\n<li>Seraphim Sepia &#8211; <em>Gryphonne Sepia<\/em><\/div><\/li>\n<\/ul>\n<div style=\"width:45%; float: left; padding-right: 0%; display: inline;\" class=\"post_column_1\"><p>\n<ul>\n<li>Coelia Greenshade<\/li>\n<li>Biel-tan Green &#8211; <em>Thraka Green<\/em><\/li>\n<li>Athonian Camoshade<\/li>\n<li>Reikland Fleshshade &#8211; <em>Ogryn Flesh<\/em><\/li>\n<li>Agrax Earthshade &#8211; <em>Devlan Mud<\/em><\/li>\n<li>Nuln Oil &#8211; <em><em>Badad Black<\/div><\/em><\/em><\/li>\n<\/ul>\n<div style=\"clear: both;\"><\/div>\n<p>Ces pots sont reconnaissables au <span style=\"text-decoration: underline;\">bouclier sur fond vert<\/span>.<\/p>\n<p style=\"text-align: center;\"><a title=\"Bombes de sous-couche\" href=\"http:\/\/www.atorgael.com\/figurine\/les-peintures-gw\/bombes-de-sous-couche\/\">Sous-couche<\/a> | <a title=\"Peintures Citadel Base\" href=\"http:\/\/www.atorgael.com\/figurine\/les-peintures-gw\/peintures-citadel-base\/\">Base<\/a> | <a title=\"Peinture Citadel Layer\" href=\"http:\/\/www.atorgael.com\/figurine\/les-peintures-gw\/peinture-citadel-layer\/\">Layer<\/a> | Shade | <a title=\"Peinture Citadel Dry\" href=\"http:\/\/www.atorgael.com\/figurine\/les-peintures-gw\/peinture-citadel-dry\/\">Dry<\/a> | <a title=\"Peinture Citadel Technical-Glaze-Texture-Edge\" href=\"http:\/\/www.atorgael.com\/figurine\/les-peintures-gw\/peinture-citadel-technical-glaze-texture-edge\/\">Technical<\/a> | <a href=\"http:\/\/www.atorgael.com\/figurine\/les-peintures-gw\/peinture-citadel-air\/\">Air<\/a><\/p>\n","protected":false},"excerpt":{"rendered":"<p>Les Citadel Shade sont des encres qui permettent d&rsquo;ex\u00e9cuter des ombrages tr\u00e8s rapidement. On dispose maintenant de 4 encres suppl\u00e9mentaires par rapport \u00e0 l&rsquo;ancienne gamme. Derni\u00e8re nouveaut\u00e9, les pots passe \u00e0 24 ml de contenance ! Ces pots sont reconnaissables au bouclier sur fond vert. Sous-couche | Base | Layer | Shade | Dry | [&hellip;]<\/p>\n","protected":false},"author":2,"featured_media":0,"parent":746,"menu_order":4,"comment_status":"open","ping_status":"closed","template":"","meta":{"footnotes":""},"class_list":["post-1100","page","type-page","status-publish","czr-hentry"],"_links":{"self":[{"href":"https:\/\/www.atorgael.com\/figurine\/wp-json\/wp\/v2\/pages\/1100","targetHints":{"allow":["GET"]}}],"collection":[{"href":"https:\/\/www.atorgael.com\/figurine\/wp-json\/wp\/v2\/pages"}],"about":[{"href":"https:\/\/www.atorgael.com\/figurine\/wp-json\/wp\/v2\/types\/page"}],"author":[{"embeddable":true,"href":"https:\/\/www.atorgael.com\/figurine\/wp-json\/wp\/v2\/users\/2"}],"replies":[{"embeddable":true,"href":"https:\/\/www.atorgael.com\/figurine\/wp-json\/wp\/v2\/comments?post=1100"}],"version-history":[{"count":0,"href":"https:\/\/www.atorgael.com\/figurine\/wp-json\/wp\/v2\/pages\/1100\/revisions"}],"up":[{"embeddable":true,"href":"https:\/\/www.atorgael.com\/figurine\/wp-json\/wp\/v2\/pages\/746"}],"wp:attachment":[{"href":"https:\/\/www.atorgael.com\/figurine\/wp-json\/wp\/v2\/media?parent=1100"}],"curies":[{"name":"wp","href":"https:\/\/api.w.org\/{rel}","templated":true}]}}