{"id":1099,"date":"2014-10-16T10:52:43","date_gmt":"2014-10-16T08:52:43","guid":{"rendered":"http:\/\/www.atorgael.com\/figurine\/?page_id=1099"},"modified":"2016-01-04T14:10:42","modified_gmt":"2016-01-04T13:10:42","slug":"peinture-citadel-layer","status":"publish","type":"page","link":"https:\/\/www.atorgael.com\/figurine\/les-peintures-gw\/peinture-citadel-layer\/","title":{"rendered":"Peinture Citadel Layer"},"content":{"rendered":"<p>La grosse liste : 70 couleurs diff\u00e9rentes avec de nombreux bleus et verts notamment, voici les Citadel Layer.<\/p>\n<p>Plus besoin de faire vos m\u00e9langes, choisissez et c&rsquo;est parti pour toute votre arm\u00e9e. Le premier qui les essaye toutes a droit \u00e0 un badge du Sanctum !<\/p>\n<div style=\"width:45%; float: left; padding-right: 10%; display: inline;\" class=\"post_column_1\"><p>\n<ul>\n<li>White Scar &#8211; <em>Skull White<\/em><\/li>\n<li>Yriel Yellow &#8211; <em>Golden Yellow<\/em><\/li>\n<li>Flash Gitz Yellow &#8211; <em>Sunburst Yellow<\/em><\/li>\n<li>Troll Slayer Orange &#8211; <em>Blazing orange<\/em><\/li>\n<li>Fire Dragon Bright<\/li>\n<li>Evil Sunz Scarlet &#8211; <em>Blood red<\/em><\/li>\n<li>Wild Rider Red<\/li>\n<li>Wazdakka Red &#8211; <em>Red Gore<\/em><\/li>\n<li>Squig Orange<\/li>\n<li>Xereus Purple &#8211; <em>Liche Purple<\/em><\/li>\n<li>Genestealer Purple<\/li>\n<li>Warpfiend Grey<\/li>\n<li>Slaanesh Grey<\/li>\n<li>Alaitoc Blue<\/li>\n<li>Hoeth Blue<\/li>\n<li>Altdorf Guard Blue &#8211; <em>Ultramarine Blue<\/em><\/li>\n<li>Calgar Blue<\/li>\n<li>Teclis Blue<\/li>\n<li>Lothern Blue &#8211; <em>Ice Blue<\/em><\/li>\n<li>Sotek Green &#8211; <em>Hawk Turquoise<\/em><\/li>\n<li>Temple Guard Blue<\/li>\n<li>Kabalite Green<\/li>\n<li>Sybarite Green<\/li>\n<li>Warpstone Glow &#8211; <em>Snot Green<\/em><\/li>\n<li>Moot Green &#8211; <em>Scorpion Green<\/em><\/li>\n<li>Warboss Green &#8211; <em>Goblin Green<\/em><\/li>\n<li>Skarsnik Green<\/li>\n<li>Loren Forest &#8211; <em>Knarloc Green<\/em><\/li>\n<li>Straken Green<\/li>\n<li>Nurgling Green &#8211; <em>Rotting Flesh<\/em><\/li>\n<li>Elysian Green &#8211; <em><em>Camo Green<\/em><\/em><\/li>\n<li>Ogryn Camo<\/li>\n<li>Ushabti Bone &#8211; <em>Bleached Bone<\/em><\/li>\n<li>Screaming Skull<\/div><\/li>\n<\/ul>\n<div style=\"width:45%; float: left; padding-right: 0%; display: inline;\" class=\"post_column_1\"><p>\n<ul>\n<li>Tallarn Sand &#8211; <em><em>Desert Yellow<\/em><\/em><\/li>\n<li>Karak Stone &#8211; <em>Kommando Kaki<\/em><\/li>\n<li>Cadian Fleshtone &#8211; <em>Talllarn Flesh<\/em><\/li>\n<li>Kislev Flesh &#8211; <em>Elf Flesh<\/em><\/li>\n<li>Bestigor Flesh<\/li>\n<li>Ungor Flesh<\/li>\n<li>Skrag Brown &#8211; <em>Vermin Brown<\/em><\/li>\n<li>Deathclaw Brown<\/li>\n<li>Tau Light Ochre &#8211; <em>Vomit Brown<\/em><\/li>\n<li>Balor Brown &#8211; <em>Snakebite Leather<\/em><\/li>\n<li>Zamesi Desert &#8211; <em>Bubonic Brown<\/em><\/li>\n<li>Doombull Brown &#8211; <em>Dark Flesh<\/em><\/li>\n<li>Tuskgor Fur<\/li>\n<li>Gorthor Brown<\/li>\n<li>Baneblade Brown &#8211; <em>Khemri Brown<\/em><\/li>\n<li>Dawnstone &#8211; <em>Codex Grey<\/em><\/li>\n<li>Administratum Grey &#8211; <em>Fortress Grey<\/em><\/li>\n<li>Eshin Grey<\/li>\n<li>Dark Reaper<\/li>\n<li>Thunderhawk Blue<\/li>\n<li>Skavenblight Dinge<\/li>\n<li>Stormvermin Fur &#8211; <em>Charadon Granite<\/em><\/li>\n<li>Ulthuan Grey<\/li>\n<li>Pallid Wych Flesh<\/li>\n<li>Russ Grey<\/li>\n<li>Fenrisian Grey &#8211; <em>Space Wolf Grey<\/em><\/li>\n<li>Pink Horror<\/li>\n<li>Emperor&rsquo;s Children<\/li>\n<\/ul>\n<p><span style=\"text-decoration: underline;\">\u00a0M\u00e9talliques<\/span><\/p>\n<ul>\n<li>Ironbreaker<\/li>\n<li>Runefang Steel &#8211; <em>Mithril Silver<\/em><\/li>\n<li>Gehenna&rsquo;s Gold &#8211; <em>Shining Gold<\/em><\/li>\n<li>Auric Armour Gold &#8211; <em>Burnished Gold<\/em><\/li>\n<li>Hashut Copper &#8211; <em>Dwarf bronze<\/em><\/li>\n<li>Sycorax Bronze<\/li>\n<li>Brass Scorpion<\/li>\n<li>Runelord Brass<\/li>\n<li>Liberator Gold<\/div><\/li>\n<\/ul>\n<div style=\"clear: both;\"><\/div>\n<p>Ces pots sont reconnaissables au <span style=\"text-decoration: underline;\">bouclier sur fond bleu<\/span>.<\/p>\n<p style=\"text-align: center;\"><a title=\"Bombes de sous-couche\" href=\"http:\/\/www.atorgael.com\/figurine\/les-peintures-gw\/bombes-de-sous-couche\/\">Sous-couche<\/a> | <a title=\"Peintures Citadel Base\" href=\"http:\/\/www.atorgael.com\/figurine\/les-peintures-gw\/peintures-citadel-base\/\">Base<\/a> | Layer | <a title=\"Peinture Citadel Shade\" href=\"http:\/\/www.atorgael.com\/figurine\/les-peintures-gw\/peinture-citadel-shade\/\">Shade<\/a> | <a title=\"Peinture Citadel Dry\" href=\"http:\/\/www.atorgael.com\/figurine\/les-peintures-gw\/peinture-citadel-dry\/\">Dry<\/a> | <a title=\"Peinture Citadel Technical-Glaze-Texture-Edge\" href=\"http:\/\/www.atorgael.com\/figurine\/les-peintures-gw\/peinture-citadel-technical-glaze-texture-edge\/\">Technical<\/a> | <a href=\"http:\/\/www.atorgael.com\/figurine\/les-peintures-gw\/peinture-citadel-air\/\">Air<\/a><\/p>\n","protected":false},"excerpt":{"rendered":"<p>La grosse liste : 70 couleurs diff\u00e9rentes avec de nombreux bleus et verts notamment, voici les Citadel Layer. Plus besoin de faire vos m\u00e9langes, choisissez et c&rsquo;est parti pour toute votre arm\u00e9e. Le premier qui les essaye toutes a droit \u00e0 un badge du Sanctum ! Ces pots sont reconnaissables au bouclier sur fond bleu. [&hellip;]<\/p>\n","protected":false},"author":2,"featured_media":0,"parent":746,"menu_order":3,"comment_status":"open","ping_status":"closed","template":"","meta":{"footnotes":""},"class_list":["post-1099","page","type-page","status-publish","czr-hentry"],"_links":{"self":[{"href":"https:\/\/www.atorgael.com\/figurine\/wp-json\/wp\/v2\/pages\/1099","targetHints":{"allow":["GET"]}}],"collection":[{"href":"https:\/\/www.atorgael.com\/figurine\/wp-json\/wp\/v2\/pages"}],"about":[{"href":"https:\/\/www.atorgael.com\/figurine\/wp-json\/wp\/v2\/types\/page"}],"author":[{"embeddable":true,"href":"https:\/\/www.atorgael.com\/figurine\/wp-json\/wp\/v2\/users\/2"}],"replies":[{"embeddable":true,"href":"https:\/\/www.atorgael.com\/figurine\/wp-json\/wp\/v2\/comments?post=1099"}],"version-history":[{"count":0,"href":"https:\/\/www.atorgael.com\/figurine\/wp-json\/wp\/v2\/pages\/1099\/revisions"}],"up":[{"embeddable":true,"href":"https:\/\/www.atorgael.com\/figurine\/wp-json\/wp\/v2\/pages\/746"}],"wp:attachment":[{"href":"https:\/\/www.atorgael.com\/figurine\/wp-json\/wp\/v2\/media?parent=1099"}],"curies":[{"name":"wp","href":"https:\/\/api.w.org\/{rel}","templated":true}]}}