{"id":1098,"date":"2014-10-16T10:51:35","date_gmt":"2014-10-16T08:51:35","guid":{"rendered":"http:\/\/www.atorgael.com\/figurine\/?page_id=1098"},"modified":"2016-01-04T14:09:33","modified_gmt":"2016-01-04T13:09:33","slug":"peintures-citadel-base","status":"publish","type":"page","link":"https:\/\/www.atorgael.com\/figurine\/les-peintures-gw\/peintures-citadel-base\/","title":{"rendered":"Peintures Citadel Base"},"content":{"rendered":"<p>Les Citadel Base sont les \u00e9quivalentes des \u00ab\u00a0Fondations\u00a0\u00bb, haut pouvoir couvrant, id\u00e9al pour les couches de base des figurines sur lesquelles on viendra travailler par la suite pour ombrer, d\u00e9grader et \u00e9claircir.<\/p>\n<p>Voici la liste des \u00ab\u00a0Citadel base\u00a0\u00bb avec leurs \u00e9quivalences par rapport aux anciennes r\u00e9f\u00e9rences.<\/p>\n<p>A noter, la pr\u00e9sence de 4 couleurs de base m\u00e9talliques.<\/p>\n<div style=\"width:45%; float: left; padding-right: 10%; display: inline;\" class=\"post_column_1\"><p>\n<ul>\n<li>Ceramite White<\/li>\n<li>Averland Sunset &#8211; <em>Iyanden Darksun<\/em><\/li>\n<li>Jokaero Orange &#8211; <em>Maccharius Solar Orange<\/em><\/li>\n<li>Mephiston Red &#8211; <em>Mechrite Red<\/em><\/li>\n<li>Khorne Red &#8211; <em>Scab Red<\/em><\/li>\n<li>Naggaroth Night<\/li>\n<li>Daemonette Hide &#8211; <em>Hormaganut Purple<\/em><\/li>\n<li>Kantor Blue &#8211; <em>Necron Abyss<br \/>\n<\/em><\/li>\n<li>Macragge Blue &#8211; <em>Mordian Blue<\/em><\/li>\n<li>Caledor Sky &#8211; <em>Enchanted Blue<\/em><\/li>\n<li>Stegadon Scale Green<\/li>\n<li>Incubi Darkness<\/li>\n<li>Caliban Green &#8211; <em>Dark Angel Green<\/em><\/li>\n<li>Waaagh! Flesh &#8211; <em>Orkhide Shade<\/em><\/li>\n<li>Castellan Green &#8211; <em>Catachan Green<\/em><\/li>\n<li>Death World Forest &#8211;<em><em> Gretchin Green<\/em><\/em><\/div><\/li>\n<\/ul>\n<div style=\"width:45%; float: left; padding-right: 0%; display: inline;\" class=\"post_column_1\"><p>\n<ul>\n<li>Zandri Dust<\/li>\n<li>Steel Legion Drab &#8211; <em><em>Graveyard Earth<\/em><\/em><\/li>\n<li>Bugman&rsquo;s Glow<\/li>\n<li>Ratskin Flesh &#8211; <em>Dwarf Flesh<\/em><\/li>\n<li>Mournfang Brown &#8211; <em>Bestial\/Calthan Brown<\/em><\/li>\n<li>XV-88<\/li>\n<li>Rhinox Hide &#8211; <em>Scorched Brown<\/em><\/li>\n<li>Dryad Bark<\/li>\n<li>Mechanicus Standard Grey &#8211; <em>Adeptus Battlegrey<\/em><\/li>\n<li>Celestra Grey &#8211; <em>Astronomican Grey<\/em><\/li>\n<li>Abaddon Black &#8211; <em>Chaos Black<\/em><\/li>\n<li>Rakarth Flesh &#8211; <em>Dheneb Stone<\/em><\/li>\n<li>The Fang &#8211;<em> Shadow\/Fenris Grey<\/em><\/li>\n<li>Screamer Pink &#8211; <em>Warlock Purple<\/em><\/li>\n<\/ul>\n<p><span style=\"text-decoration: underline;\">\u00a0M\u00e9talliques<\/span><\/p>\n<ul>\n<li>Leadbelcher &#8211; <em>Boltgun Metal<\/em><\/li>\n<li>Balthasar Gold<\/li>\n<li>Screaming Bell<\/li>\n<li>Warplock Bronze &#8211; <em><em>Tin Bitz<\/em><\/em><\/li>\n<li>Retributor Armor<\/div><\/li>\n<\/ul>\n<div style=\"clear: both;\"><\/div>\n<p>Ces pots sont reconnaissables au <span style=\"text-decoration: underline;\">bouclier sur fond rouge<\/span>.<\/p>\n<p style=\"text-align: center;\"><a title=\"Bombes de sous-couche\" href=\"http:\/\/www.atorgael.com\/figurine\/les-peintures-gw\/bombes-de-sous-couche\/\">Sous-couche<\/a> | Base | <a title=\"Peinture Citadel Layer\" href=\"http:\/\/www.atorgael.com\/figurine\/les-peintures-gw\/peinture-citadel-layer\/\">Layer<\/a> | <a title=\"Peinture Citadel Shade\" href=\"http:\/\/www.atorgael.com\/figurine\/les-peintures-gw\/peinture-citadel-shade\/\">Shade<\/a> | <a title=\"Peinture Citadel Dry\" href=\"http:\/\/www.atorgael.com\/figurine\/les-peintures-gw\/peinture-citadel-dry\/\">Dry<\/a> | <a title=\"Peinture Citadel Technical-Glaze-Texture-Edge\" href=\"http:\/\/www.atorgael.com\/figurine\/les-peintures-gw\/peinture-citadel-technical-glaze-texture-edge\/\">Technical<\/a> | <a href=\"http:\/\/www.atorgael.com\/figurine\/les-peintures-gw\/peinture-citadel-air\/\">Air<\/a><\/p>\n","protected":false},"excerpt":{"rendered":"<p>Les Citadel Base sont les \u00e9quivalentes des \u00ab\u00a0Fondations\u00a0\u00bb, haut pouvoir couvrant, id\u00e9al pour les couches de base des figurines sur lesquelles on viendra travailler par la suite pour ombrer, d\u00e9grader et \u00e9claircir. Voici la liste des \u00ab\u00a0Citadel base\u00a0\u00bb avec leurs \u00e9quivalences par rapport aux anciennes r\u00e9f\u00e9rences. A noter, la pr\u00e9sence de 4 couleurs de base [&hellip;]<\/p>\n","protected":false},"author":2,"featured_media":0,"parent":746,"menu_order":2,"comment_status":"open","ping_status":"closed","template":"","meta":{"footnotes":""},"class_list":["post-1098","page","type-page","status-publish","czr-hentry"],"_links":{"self":[{"href":"https:\/\/www.atorgael.com\/figurine\/wp-json\/wp\/v2\/pages\/1098","targetHints":{"allow":["GET"]}}],"collection":[{"href":"https:\/\/www.atorgael.com\/figurine\/wp-json\/wp\/v2\/pages"}],"about":[{"href":"https:\/\/www.atorgael.com\/figurine\/wp-json\/wp\/v2\/types\/page"}],"author":[{"embeddable":true,"href":"https:\/\/www.atorgael.com\/figurine\/wp-json\/wp\/v2\/users\/2"}],"replies":[{"embeddable":true,"href":"https:\/\/www.atorgael.com\/figurine\/wp-json\/wp\/v2\/comments?post=1098"}],"version-history":[{"count":0,"href":"https:\/\/www.atorgael.com\/figurine\/wp-json\/wp\/v2\/pages\/1098\/revisions"}],"up":[{"embeddable":true,"href":"https:\/\/www.atorgael.com\/figurine\/wp-json\/wp\/v2\/pages\/746"}],"wp:attachment":[{"href":"https:\/\/www.atorgael.com\/figurine\/wp-json\/wp\/v2\/media?parent=1098"}],"curies":[{"name":"wp","href":"https:\/\/api.w.org\/{rel}","templated":true}]}}