{"id":1097,"date":"2014-10-16T10:49:42","date_gmt":"2014-10-16T08:49:42","guid":{"rendered":"http:\/\/www.atorgael.com\/figurine\/?page_id=1097"},"modified":"2016-01-04T14:04:52","modified_gmt":"2016-01-04T13:04:52","slug":"bombes-de-sous-couche","status":"publish","type":"page","link":"https:\/\/www.atorgael.com\/figurine\/les-peintures-gw\/bombes-de-sous-couche\/","title":{"rendered":"Bombes de sous-couche"},"content":{"rendered":"<p>Sous-coucher est primordial, voici <a href=\"http:\/\/www.games-workshop.com\/fr-FR\/Peinture-Mod%C3%A9lisme?N=102243+4294966987&amp;Nu=product.repositoryId&amp;qty=12&amp;sorting=phl\" target=\"_blank\">les bombes disponibles<\/a> \u00e0 ce jour (janvier 2016), cette liste pouvant \u00e9voluer rapidement en fonction des sorties phares des figurines. Par exemple, si GW nous sort de nouvelle figurines pour les Blood Angels, attendez-vous \u00e0 trouver des bombe de rouge. Bref, soyez sur le coup.<\/p>\n<p>La liste des bombes de peinture qui ont \u00e9t\u00e9 disponibles ou le sont encore pour certaines<\/p>\n<ul>\n<li>Blanc<\/li>\n<li>Noir<\/li>\n<li>The Fang<\/li>\n<li>Mournfang Brown<\/li>\n<li>Maccrage Blue<\/li>\n<li>Incubi Darkness<\/li>\n<li>Rhinox Hide<\/li>\n<li>Zandri Dust<\/li>\n<li>Mephiston Red<\/li>\n<li>Leadbecher<\/li>\n<li>Retributor Armour<\/li>\n<li>Caliban Green<\/li>\n<li>Mechanicus Standard Grey<\/li>\n<li>Corax White<\/li>\n<li>Chaos Black<\/li>\n<\/ul>\n<p>Si vous ne trouvez pas la couleur de votre arm\u00e9e, le pistolet \u00e0 peinture peut \u00eatre une solution palliative tr\u00e8s satisfaisante.<\/p>\n<p style=\"text-align: center;\">Sous-couche | <a title=\"Peintures Citadel Base\" href=\"http:\/\/www.atorgael.com\/figurine\/les-peintures-gw\/peintures-citadel-base\/\">Base<\/a> | <a title=\"Peinture Citadel Layer\" href=\"http:\/\/www.atorgael.com\/figurine\/les-peintures-gw\/peinture-citadel-layer\/\">Layer<\/a> | <a title=\"Peinture Citadel Shade\" href=\"http:\/\/www.atorgael.com\/figurine\/les-peintures-gw\/peinture-citadel-shade\/\">Shade<\/a> | <a title=\"Peinture Citadel Dry\" href=\"http:\/\/www.atorgael.com\/figurine\/les-peintures-gw\/peinture-citadel-dry\/\">Dry<\/a> | <a title=\"Peinture Citadel Technical-Glaze-Texture-Edge\" href=\"http:\/\/www.atorgael.com\/figurine\/les-peintures-gw\/peinture-citadel-technical-glaze-texture-edge\/\">Technical<\/a> | <a href=\"http:\/\/www.atorgael.com\/figurine\/les-peintures-gw\/peinture-citadel-air\/\">Air<\/a><\/p>\n","protected":false},"excerpt":{"rendered":"<p>Sous-coucher est primordial, voici les bombes disponibles \u00e0 ce jour (janvier 2016), cette liste pouvant \u00e9voluer rapidement en fonction des sorties phares des figurines. Par exemple, si GW nous sort de nouvelle figurines pour les Blood Angels, attendez-vous \u00e0 trouver des bombe de rouge. Bref, soyez sur le coup. La liste des bombes de peinture [&hellip;]<\/p>\n","protected":false},"author":2,"featured_media":0,"parent":746,"menu_order":1,"comment_status":"open","ping_status":"closed","template":"","meta":{"footnotes":""},"class_list":["post-1097","page","type-page","status-publish","czr-hentry"],"_links":{"self":[{"href":"https:\/\/www.atorgael.com\/figurine\/wp-json\/wp\/v2\/pages\/1097","targetHints":{"allow":["GET"]}}],"collection":[{"href":"https:\/\/www.atorgael.com\/figurine\/wp-json\/wp\/v2\/pages"}],"about":[{"href":"https:\/\/www.atorgael.com\/figurine\/wp-json\/wp\/v2\/types\/page"}],"author":[{"embeddable":true,"href":"https:\/\/www.atorgael.com\/figurine\/wp-json\/wp\/v2\/users\/2"}],"replies":[{"embeddable":true,"href":"https:\/\/www.atorgael.com\/figurine\/wp-json\/wp\/v2\/comments?post=1097"}],"version-history":[{"count":0,"href":"https:\/\/www.atorgael.com\/figurine\/wp-json\/wp\/v2\/pages\/1097\/revisions"}],"up":[{"embeddable":true,"href":"https:\/\/www.atorgael.com\/figurine\/wp-json\/wp\/v2\/pages\/746"}],"wp:attachment":[{"href":"https:\/\/www.atorgael.com\/figurine\/wp-json\/wp\/v2\/media?parent=1097"}],"curies":[{"name":"wp","href":"https:\/\/api.w.org\/{rel}","templated":true}]}}