{"id":46,"date":"2016-03-15T10:27:07","date_gmt":"2016-03-15T09:27:07","guid":{"rendered":"http:\/\/www.atorgael.com\/dragons\/?page_id=46"},"modified":"2020-11-20T13:25:48","modified_gmt":"2020-11-20T12:25:48","slug":"agate-rpg","status":"publish","type":"page","link":"https:\/\/www.atorgael.com\/dragons\/","title":{"rendered":"Dragons par Studio Agate"},"content":{"rendered":"\n<h2 class=\"wp-block-heading\">Vous avez dit Dragons ?<\/h2>\n\n\n\n<div class=\"wp-block-image\"><figure class=\"alignright is-resized\"><a href=\"http:\/\/www.atorgael.com\/dragons\/agate-rpg\/couverture-avent\/\"><img loading=\"lazy\" decoding=\"async\" src=\"http:\/\/www.atorgael.com\/dragons\/files\/2018\/03\/couverture-avent-212x300.jpg\" alt=\"\" class=\"wp-image-55062\" width=\"159\" height=\"225\" srcset=\"https:\/\/www.atorgael.com\/dragons\/files\/2018\/03\/couverture-avent-212x300.jpg 212w, https:\/\/www.atorgael.com\/dragons\/files\/2018\/03\/couverture-avent.jpg 640w\" sizes=\"auto, (max-width: 159px) 100vw, 159px\" \/><\/a><figcaption><em>La couverture d&rsquo;Aventuriers<\/em><\/figcaption><\/figure><\/div>\n\n\n\n<p><strong>Dragons <\/strong>est la d\u00e9clinaison de D&amp;D5 par le <a rel=\"noopener noreferrer\" href=\"https:\/\/www.studio-agate.com\/fr\/\" target=\"_blank\">Studio Agate<\/a> \u00e0 partir du SRD (System Reference Document), un corpus de r\u00e8gles de D&amp;D \u00e0 respecter pour toute traduction\/adaptation de D&amp;D.<\/p>\n\n\n\n<p>A partir de ce SRD, <strong>Dragons <\/strong>est agr\u00e9ment\u00e9 de tout un univers et d&rsquo;une ambiance propre \u00e0 ce jeu dans lesquel il sera ais\u00e9 de se plonger.<\/p>\n\n\n\n<p>Mais que les vieux Donjonneurs se rassurent, il y aura toujours quelques portes \u00e0 ouvrir, un ou deux monstres \u00e0 tuer et des tr\u00e9sors \u00e0 d\u00e9couvrir !<\/p>\n\n\n\n<h2 class=\"wp-block-heading\">C&rsquo;est qui cette Agate ?<\/h2>\n\n\n\n<p>Pas Agate, mais le <strong>Studio Agate<\/strong>.<\/p>\n\n\n\n<blockquote class=\"wp-block-quote is-layout-flow wp-block-quote-is-layout-flow\"><p>Bas\u00e9 en France, ce studio est compos\u00e9 de <a href=\"https:\/\/www.studio-agate.com\/fr\/team\">six membres permanents<\/a> travaillant avec de nombreux auteurs, illustrateurs et cr\u00e9atifs freelance qui participent aux projets. Le studio est sp\u00e9cialis\u00e9 dans la cr\u00e9ation de mondes imaginaires, l&rsquo;\u00e9criture de sc\u00e9narios et le transmedia. Il produit des livres de jeux de r\u00f4le, des albums de musique ou encore des jeux vid\u00e9os qui cumulent une dizaine de prix \u00e0 l&rsquo;international.<\/p><p>Studio Agate traduit et publie \u00e9galement des licences de grands jeux sous le label d&rsquo;\u00e9dition <strong>Agate RPG<\/strong>. Il est l&rsquo;\u00e9diteur des <a rel=\"noopener noreferrer\" href=\"https:\/\/portal.esteren.org\/fr\/\" target=\"_blank\">Ombres d&rsquo;Esteren<\/a>, de la seconde \u00e9dition fran\u00e7aise de <a rel=\"noopener noreferrer\" href=\"http:\/\/www.facebook.com\/vampirelerequiem\/\" target=\"_blank\">Vampire : le Requiem<\/a> et tout r\u00e9cemment de <a rel=\"noopener noreferrer\" href=\"https:\/\/www.facebook.com\/7eMer\/\" target=\"_blank\">7th Sea<\/a> avant <a rel=\"noopener noreferrer\" href=\"https:\/\/www.vermine2047.com\/fr\" target=\"_blank\">Vermine 2047<\/a> et <a href=\"https:\/\/fr.ulule.com\/demon-la-damnation\/\" target=\"_blank\" rel=\"noreferrer noopener\">D\u00e9mon : la Damnation<\/a>.<\/p><\/blockquote>\n\n\n\n<p>En janvier 2016, Studio Agate se lance dans l&rsquo;aventure par le biais d&rsquo;un financement participatif sur <a href=\"https:\/\/fr.ulule.com\/dragons-5e\/\" target=\"_blank\" rel=\"noreferrer noopener\">Ulule <\/a>pour cr\u00e9er un JdR autour du SRD de D&amp;D5. Ce JdR se veut un hommage au plus mythique des jeux de r\u00f4le.<\/p>\n\n\n\n<p>Le projet est long et ambitieux et pour tout savoir de la gamme, rendez-vous <a href=\"http:\/\/www.atorgael.com\/dragons\/les-livres-2\/\">sur cette page<\/a> d\u00e9crivant les livres disponibles et \u00e0 venir de <strong>Dragons<\/strong>.<\/p>\n\n\n\n<h2 class=\"wp-block-heading\">Le site<\/h2>\n\n\n\n<p>Sur ce site nous allons parler de <strong>Dragons<\/strong>, de l&rsquo;avancement des travaux, de la d\u00e9couverte des sp\u00e9cificit\u00e9s de cette version de D&amp;D5 et comment y jouer avec un exemple vivant : une campagne en ligne.<\/p>\n\n\n\n<p>A l&rsquo;occasion on y parlera de jeux de r\u00f4le m\u00eame si <strong>Dragons <\/strong>sera la t\u00eate d&rsquo;affiche.<\/p>\n\n\n\n<p>Derni\u00e8re pr\u00e9cision, ce site n&rsquo;a rien d&rsquo;officiel m\u00eame si j&rsquo;ai pu participer \u00e0 la relecture des diff\u00e9rents livres avant leurs parutions. Je suis juste tr\u00e8s fan de ce <strong>Dragons<\/strong>.<\/p>\n\n\n","protected":false},"excerpt":{"rendered":"<p>Vous avez dit Dragons ? Dragons est la d\u00e9clinaison de D&amp;D5 par le Studio Agate \u00e0 partir du SRD (System Reference Document), un corpus de r\u00e8gles de D&amp;D \u00e0 respecter pour toute traduction\/adaptation de D&amp;D. A partir de ce SRD, Dragons est agr\u00e9ment\u00e9 de tout un univers et d&rsquo;une ambiance propre \u00e0 ce jeu dans [&hellip;]<\/p>\n","protected":false},"author":2,"featured_media":0,"parent":0,"menu_order":0,"comment_status":"closed","ping_status":"closed","template":"","meta":{"footnotes":""},"class_list":["post-46","page","type-page","status-publish","hentry"],"_links":{"self":[{"href":"https:\/\/www.atorgael.com\/dragons\/wp-json\/wp\/v2\/pages\/46","targetHints":{"allow":["GET"]}}],"collection":[{"href":"https:\/\/www.atorgael.com\/dragons\/wp-json\/wp\/v2\/pages"}],"about":[{"href":"https:\/\/www.atorgael.com\/dragons\/wp-json\/wp\/v2\/types\/page"}],"author":[{"embeddable":true,"href":"https:\/\/www.atorgael.com\/dragons\/wp-json\/wp\/v2\/users\/2"}],"replies":[{"embeddable":true,"href":"https:\/\/www.atorgael.com\/dragons\/wp-json\/wp\/v2\/comments?post=46"}],"version-history":[{"count":0,"href":"https:\/\/www.atorgael.com\/dragons\/wp-json\/wp\/v2\/pages\/46\/revisions"}],"wp:attachment":[{"href":"https:\/\/www.atorgael.com\/dragons\/wp-json\/wp\/v2\/media?parent=46"}],"curies":[{"name":"wp","href":"https:\/\/api.w.org\/{rel}","templated":true}]}}