{"id":2,"date":"2015-01-06T08:55:01","date_gmt":"2015-01-06T07:55:01","guid":{"rendered":"http:\/\/www.atorgael.com\/test\/?page_id=2"},"modified":"2025-02-15T19:25:39","modified_gmt":"2025-02-15T18:25:39","slug":"creation-dragons","status":"publish","type":"page","link":"https:\/\/www.atorgael.com\/dragons\/creation-dragons\/","title":{"rendered":"Mes cr\u00e9ations pour Dragons"},"content":{"rendered":"\n<p>La liste des articles pr\u00e9sentant de nouvelles options pour <strong>Dragons <\/strong>: historiques, arch\u00e9types et classes sp\u00e9cialement cr\u00e9\u00e9s pour \u00eatre jou\u00e9s avec les r\u00e8gles de Dragons (m\u00eame si beaucoup seront facilement convertibles pour d&rsquo;autres syst\u00e8mes), aides de jeu pour regrouper des informations ou r\u00e8gles maison utilis\u00e9es dans notre campagne en cours.<\/p>\n\n\n\n<figure class=\"wp-block-table\"><table><tbody><tr><td><strong>Des r\u00e8gles \u00ab\u00a0maison\u00a0\u00bb<\/strong><\/td><td><strong>Des aides de jeu<\/strong><\/td><td><strong>Cr\u00e9atures pour Dragons<\/strong><\/td><\/tr><tr><td>&#8211; <a href=\"http:\/\/www.atorgael.com\/dragons\/historiques\/\">Historiques <\/a>(repenti, usurier, &#8230;)<br>&#8211; <a href=\"http:\/\/www.atorgael.com\/dragons\/objets-magiques\/\">Tr\u00e9sors et objets magiques<\/a><br>&#8211; <a href=\"http:\/\/www.atorgael.com\/dragons\/des-regles-maison\/\">R\u00e8gles de la campagne<\/a><br>Sur Google Drive:<br>&#8211; Classe de personnage (<a href=\"https:\/\/drive.google.com\/file\/d\/1XpAGsZUCfDkBDf-MG2uBPmbzQrTzAq7Z\/view?usp=sharing\" target=\"_blank\" rel=\"noreferrer noopener\">Chevalier d&rsquo;Eana<\/a>)<br>&#8211; Arch\u00e9type de classe (<a href=\"https:\/\/drive.google.com\/file\/d\/1O7mXk758gt5xTRxglRVYCNCsXALPvS9U\/view\" target=\"_blank\" rel=\"noreferrer noopener\">Le guerrier runique<\/a>; <a href=\"https:\/\/drive.google.com\/file\/d\/1RKpI6VIWCqshXT8RgXEMpyjJ-oiwZeXj\/view?usp=sharing\" target=\"_blank\" rel=\"noreferrer noopener\">Le lettr\u00e9 runique<\/a>)<br>&#8211; Classe maudite (<a href=\"https:\/\/drive.google.com\/file\/d\/162tXSOb9nYcENHVu0q5PLyooo-_Acr23\/view?usp=sharing\" target=\"_blank\" rel=\"noreferrer noopener\">Jouer un vampire<\/a>; <a href=\"https:\/\/drive.google.com\/file\/d\/1QdI6xYGrblR8a4LkMpgqinHoKWqA4Yxr\/view?usp=sharing\" target=\"_blank\" rel=\"noreferrer noopener\">Ambiance  vampire<\/a>)<br>&#8211; L&rsquo;histoire d&rsquo;un monast\u00e8re et une classe de moine (<a href=\"https:\/\/drive.google.com\/file\/d\/1-7bx3vl_aqgQv0guAqZRjMmtlzQ4eOww\/view?usp=sharing\">Nar&rsquo;thang daeg pha<\/a>).<\/td><td><a href=\"http:\/\/www.atorgael.com\/dragons\/aides-de-jeu\/\">Les aides de jeu<\/a><br>&#8211; Aide de jeu n\u00b01 (Cr\u00e9ation d&rsquo;un PJ)<br>&#8211; Aide de jeu n\u00b02 (Actions et r\u00e9actions)<br>&#8211; Aide de jeu n\u00b03 (Les repos)<br>&#8211; Aide de jeu n\u00b04 (La magie)<br>&#8211; Aide de jeu n\u00b05 (Mobilit\u00e9 et d\u00e9placements)<br>&#8211; Aide de jeu n\u00b06 (\u00c9tats pr\u00e9judiciables)<br>&#8211; Aide de jeu n\u00b07 (<em>\u00e0 venir<\/em>)<br>&#8211; Aide de jeu n\u00b08 (<em>\u00e0 venir<\/em>)<br>&#8211; Aide de jeu n\u00b09 (Les d\u00e9s du destin)<br>&#8211; Aide de jeu n\u00b010 (Merveilles d&rsquo;Eana)<\/td><td>Sur Google Drive:<br>&#8211; <a rel=\"noreferrer noopener\" href=\"https:\/\/drive.google.com\/file\/d\/1f6pwzDo6y-Ogz_LsFnJTIEjdjVVP62cI\/view?usp=sharing\" data-type=\"URL\" data-id=\"https:\/\/drive.google.com\/file\/d\/1f6pwzDo6y-Ogz_LsFnJTIEjdjVVP62cI\/view?usp=sharing\" target=\"_blank\">Azer Expert mineur<\/a><br>&#8211; <a rel=\"noreferrer noopener\" href=\"https:\/\/drive.google.com\/file\/d\/1Lfan2XnkbVBOPp6hg2CO1fLG6jml8brS\/view?usp=sharing\" data-type=\"URL\" data-id=\"https:\/\/drive.google.com\/file\/d\/1Lfan2XnkbVBOPp6hg2CO1fLG6jml8brS\/view?usp=sharing\" target=\"_blank\">Ours brun Enrag\u00e9<\/a><br>&#8211; <a rel=\"noreferrer noopener\" href=\"https:\/\/drive.google.com\/file\/d\/1TI9P8pJRkmT_uwF_cimXO0GltwoBVjpZ\/view?usp=sharing\" data-type=\"URL\" data-id=\"https:\/\/drive.google.com\/file\/d\/1TI9P8pJRkmT_uwF_cimXO0GltwoBVjpZ\/view?usp=sharing\" target=\"_blank\">Plantes hant\u00e9es<\/a><br>&#8211; <a rel=\"noreferrer noopener\" href=\"https:\/\/drive.google.com\/file\/d\/1sGLbM8w5X6HNwL-DdFfYnsrIsYTQN98Z\/view?usp=sharing\" data-type=\"URL\" data-id=\"https:\/\/drive.google.com\/file\/d\/1sGLbM8w5X6HNwL-DdFfYnsrIsYTQN98Z\/view?usp=sharing\" target=\"_blank\">Sorcier loup-garou<\/a><br>&#8211; <a rel=\"noreferrer noopener\" href=\"https:\/\/drive.google.com\/file\/d\/15KLvP9Fy44bDeQZjwtiDWk3TwGWBZ2kY\/view?usp=sharing\" target=\"_blank\">Arch\u00e9type : Sanglier-Garou<\/a><br>&#8211; <a href=\"https:\/\/drive.google.com\/file\/d\/1h97rWJrsXb0D2X1qPDKzVaKxbccVjZtH\/view?usp=sharing\" target=\"_blank\" rel=\"noreferrer noopener\">Guenaude aride<\/a><\/td><\/tr><\/tbody><\/table><\/figure>\n\n\n\n<figure class=\"wp-block-table\"><table><tbody><tr><td><strong>Mat\u00e9riel de jeu<\/strong><\/td><td><strong>Les fiches de PJs \/ PNJs<\/strong><\/td><td><strong>Pour le meneur de jeu<\/strong><\/td><\/tr><tr><td>&#8211; <a href=\"http:\/\/www.atorgael.com\/dragons\/cartes-memo\/\">Cartes \u00ab\u00a0m\u00e9mo\u00a0\u00bb<\/a> (aptitudes, \u00e9tat pr\u00e9judiciable, &#8230;)<br>&#8211; <a href=\"http:\/\/www.atorgael.com\/dragons\/echecs-reussites-critiques\/\">\u00c9chec et r\u00e9ussite critique<\/a><br>&#8211; <a href=\"http:\/\/www.atorgael.com\/dragons\/systeme-modulaire\/\">Le syst\u00e8me modulaire<\/a><br>&#8211; <a href=\"http:\/\/www.atorgael.com\/dragons\/les-sorts-de-la-campagne\/\">Les cartes de sorts maison<\/a> (avant la sortie officielles des cartes d&rsquo;Agate)<br>&#8211; <a href=\"http:\/\/www.atorgael.com\/dragons\/les-dieux-de-dragons\/\">Les cartes des Dieux d&rsquo;Eana<\/a><br>&#8211; Le tableau des <a href=\"https:\/\/drive.google.com\/file\/d\/1bZtUsdCNgb4tPl8kVbppZeyD5GGiR8yK\/view?usp=sharing\" target=\"_blank\" rel=\"noreferrer noopener\">armes \u00e0 distance<\/a> (Sur Google drive)<br><\/td><td><a href=\"http:\/\/www.atorgael.com\/dragons\/fiches\/\" data-type=\"URL\" data-id=\"http:\/\/www.atorgael.com\/dragons\/fiches\/\">Vous y <\/a><a href=\"http:\/\/www.atorgael.com\/dragons\/fiches\/\" data-type=\"URL\">t<\/a><a href=\"http:\/\/www.atorgael.com\/dragons\/fiches\/\" data-type=\"URL\" data-id=\"http:\/\/www.atorgael.com\/dragons\/fiches\/\">rouverez<\/a> :<br>&#8211; Le Dossier Personnage<br>&#8211; Une fiche de PJ alternative<br>&#8211; Une fiche de groupe de PJs<br>&#8211; Une fiche de PNJ<br>&#8211; Des tablettes de suivi des PJ<br><br><a href=\"https:\/\/www.atorgael.com\/dragons\/archetypes-nemesis\/\" data-type=\"post\" data-id=\"135561\">Arch\u00e9types &amp; N\u00e9m\u00e9sis<\/a><br>&#8211; Des PNJs<\/td><td><a href=\"https:\/\/www.atorgael.com\/dragons\/aventures-et-personnages\/\">Le kit de d\u00e9marrage<\/a><br>&#8211; G\u00e9n\u00e9rateur d&rsquo;aventures <br>&#8211; 20 PJs pr\u00eats \u00e0 l&#8217;emploi<br><br><a href=\"https:\/\/www.atorgael.com\/dragons\/canevas-et-scenarios\/\" data-type=\"post\" data-id=\"135570\">Canevas et sc\u00e9narios<\/a><\/td><\/tr><\/tbody><\/table><\/figure>\n\n\n\n<pre class=\"wp-block-preformatted\"><strong>A noter :<\/strong> \n\nAides de jeu et cr\u00e9ations non-officielles pour Dragons cr\u00e9\u00e9es par Atorgael.\nUtilise des contenus prot\u00e9g\u00e9s par la propri\u00e9t\u00e9 intellectuelle <strong>\u00a9 Agate RPG<\/strong>, avec l\u2019aimable permission de l\u2019\u00e9diteur dans le cadre de la licence CUVD.\nRejoignez la communaut\u00e9 :<a href=\"http:\/\/www.dragons-rpg.com\" target=\"_blank\" rel=\"noopener noreferrer\"> www.dragons-rpg.com.<\/a><\/pre>\n","protected":false},"excerpt":{"rendered":"<p>La liste des articles pr\u00e9sentant de nouvelles options pour Dragons : historiques, arch\u00e9types et classes sp\u00e9cialement cr\u00e9\u00e9s pour \u00eatre jou\u00e9s avec les r\u00e8gles de Dragons (m\u00eame si beaucoup seront facilement convertibles pour d&rsquo;autres syst\u00e8mes), aides de jeu pour regrouper des informations ou r\u00e8gles maison utilis\u00e9es dans notre campagne en cours. Des r\u00e8gles \u00ab\u00a0maison\u00a0\u00bb Des aides [&hellip;]<\/p>\n","protected":false},"author":2,"featured_media":0,"parent":0,"menu_order":0,"comment_status":"open","ping_status":"closed","template":"","meta":{"footnotes":""},"class_list":["post-2","page","type-page","status-publish","hentry"],"_links":{"self":[{"href":"https:\/\/www.atorgael.com\/dragons\/wp-json\/wp\/v2\/pages\/2","targetHints":{"allow":["GET"]}}],"collection":[{"href":"https:\/\/www.atorgael.com\/dragons\/wp-json\/wp\/v2\/pages"}],"about":[{"href":"https:\/\/www.atorgael.com\/dragons\/wp-json\/wp\/v2\/types\/page"}],"author":[{"embeddable":true,"href":"https:\/\/www.atorgael.com\/dragons\/wp-json\/wp\/v2\/users\/2"}],"replies":[{"embeddable":true,"href":"https:\/\/www.atorgael.com\/dragons\/wp-json\/wp\/v2\/comments?post=2"}],"version-history":[{"count":0,"href":"https:\/\/www.atorgael.com\/dragons\/wp-json\/wp\/v2\/pages\/2\/revisions"}],"wp:attachment":[{"href":"https:\/\/www.atorgael.com\/dragons\/wp-json\/wp\/v2\/media?parent=2"}],"curies":[{"name":"wp","href":"https:\/\/api.w.org\/{rel}","templated":true}]}}