{"id":6026,"date":"2012-06-08T09:35:42","date_gmt":"2012-06-08T07:35:42","guid":{"rendered":"http:\/\/www.atorgael.com\/atorgael\/?page_id=6026"},"modified":"2014-03-17T16:17:48","modified_gmt":"2014-03-17T15:17:48","slug":"challenges-decriture","status":"publish","type":"page","link":"https:\/\/www.atorgael.com\/atorgael\/?page_id=6026","title":{"rendered":"Challenges d&rsquo;\u00e9criture"},"content":{"rendered":"<p>Voici mes participations aux challenges d&rsquo;\u00e9criture du Sanctum. Apr\u00e8s des d\u00e9buts impressionnants (des podiums \u00e0 chaque participation) il faut bien reconnaitre que j&rsquo;ai eu du mal avec de nouveaux participants qui se sont r\u00e9v\u00e9l\u00e9s \u00eatre de coriaces \u00ab\u00a0adversaires\u00a0\u00bb. Un peu plus de prise de risques et quelques remises en question plus tard, je suis souvent satisfait de mes productions qui souffrent cependant d&rsquo;un manque de relecture. L&rsquo;important reste de prendre plaisir \u00e0 participer.<\/p>\n<ul>\n<li><a href=\"?p=5947\" target=\"_self\">Challenge n\u00b02<\/a> en avril 2005 &#8211; 2\u00e8me place sur 7 participations<\/li>\n<li><a href=\"?p=5949\" target=\"_self\">Challenge n\u00b03<\/a> en juin 2005 &#8211; 3\u00e8me place sur 6 participations<\/li>\n<li><a href=\"?p=5950\" target=\"_self\">Challenge n\u00b06<\/a> en janvier 2006 &#8211; 2\u00e8me place sur 8 participations<\/li>\n<li><a href=\"?p=5951\" target=\"_self\">Challenge n\u00b07<\/a> en mars 2006 &#8211; 2\u00e8me place sur 10 participations<\/li>\n<li><a href=\"?p=5952\" target=\"_self\">Challenge n\u00b08<\/a> en juin 2006 &#8211; 3\u00e8me place sur 11 participations<\/li>\n<li><a href=\"?p=5953\" target=\"_self\">Challenge n\u00b09<\/a> en juillet 2006 &#8211; 1\u00e8re place sur 5 participations<\/li>\n<li><a href=\"?p=5955\" target=\"_self\">Challenge n\u00b010<\/a> en octobre 20006- 1\u00e8re place sur 7 participations<\/li>\n<li><a href=\"?p=5956\" target=\"_self\">Challenge n\u00b011<\/a> en novembre 2006 &#8211; 1\u00e8re place sur 5 participations<\/li>\n<li><a href=\"?p=5958\" target=\"_self\">Challenge n\u00b012<\/a> en janvier 2007 &#8211; Pas de classement<\/li>\n<li><a href=\"?p=5959\" target=\"_self\">Challenge n\u00b013<\/a> en mars 2007 &#8211; 2\u00e8me place sur 10 participations<\/li>\n<li><a href=\"?p=5960\" target=\"_self\">Challenge n\u00b015<\/a> en ao\u00fbt 2007 &#8211; 2\u00e8me place sur 5 participations<\/li>\n<li><a href=\"?p=5961\" target=\"_self\">Challenge n\u00b016<\/a> en septembre 2007 &#8211; 3\u00e8me place sur 8 participations<\/li>\n<li><a href=\"?p=5962\" target=\"_self\">Challenge n\u00b019<\/a> en avril 2008 &#8211; 4\u00e8me place sur 6 participations<\/li>\n<li><a href=\"?p=5963\" target=\"_self\">Challenge n\u00b020<\/a> en juin 2008 &#8211; 2\u00e8me place sur 8 participations<\/li>\n<li><a href=\"?p=5964\" target=\"_self\">Challenge n\u00b024<\/a> en f\u00e9vrier 2009 &#8211; 5\u00e8me place sur 10 participations<\/li>\n<li><a href=\"?p=5965\" target=\"_self\">Challenge n\u00b026<\/a> en juin 2009 &#8211; 5\u00e8me place sur 7 participations<\/li>\n<li><a href=\"?p=5966\" target=\"_self\">Challenge n\u00b027<\/a> en ao\u00fbt 2009 &#8211; 8\u00e8me et dernier<\/li>\n<li><a href=\"?p=5967\" target=\"_self\">Challenge n\u00b029<\/a> en d\u00e9cembre 2009 &#8211; Pas de classement<\/li>\n<li><a href=\"?p=5968\" target=\"_self\">Challenge n\u00b030<\/a> en f\u00e9vrier 2010 &#8211; 5\u00e8me place sur 9 participations<\/li>\n<li><a href=\"?p=5969\" target=\"_self\">Challenge n\u00b032<\/a> en juin 2010 &#8211; 3\u00e8me place sur 3 participations<\/li>\n<li><a href=\"?p=5970\" target=\"_self\">Challenge n\u00b033<\/a> en ao\u00fbt 2010 &#8211; 5\u00e8me place sur 9 participations<\/li>\n<li><a href=\"?p=5971\" target=\"_self\">Challenge n\u00b034<\/a> en octobre 2010 &#8211; 1er sur 4 participations<\/li>\n<li><a title=\"Challenge n\u00b035\" href=\"?p=5980\">Challenge n\u00b035<\/a> en d\u00e9cembre 2010 &#8211; 4\u00e8me sur 8 participations<\/li>\n<li><a title=\"Challenge n\u00b036\" href=\"?p=5981\">Challenge n\u00b036<\/a> en f\u00e9vrier 2011 &#8211; 2\u00e8me ex-\u00e6quo sur 4 participation<\/li>\n<li><a title=\"Challenge n\u00b037\" href=\"?p=5982\">Challenge n\u00b037<\/a> en avril 2011 &#8211; Pas de classement mais de bons commentaires<\/li>\n<li><a title=\"Challenge n\u00b038\" href=\"?p=5986\">Challenge n\u00b038<\/a> en juin 2011 &#8211; 3\u00e8me place sur 4 participations<\/li>\n<li><a title=\"Challenge n\u00b039\" href=\"http:\/\/www.atorgael.com\/atorgael\/?p=5987\">Challenge n\u00b039<\/a> en ao\u00fbt 2011 &#8211; 4\u00e8me place sur 5 participations<\/li>\n<li><a title=\"Challenge n\u00b040\" href=\"http:\/\/www.atorgael.com\/atorgael\/?p=5989\">Challenge n\u00b040<\/a> en octobre 2011 &#8211; 1er sur 5 participations<\/li>\n<li><a title=\"Pi\u00e8ce manquante\" href=\"http:\/\/www.atorgael.com\/atorgael\/?p=6015\">Challenge n\u00b041<\/a> en d\u00e9cembre 2011 &#8211; 4\u00e8me place sur 4 participations<\/li>\n<li><a title=\"La crois\u00e9e des destins\" href=\"http:\/\/www.atorgael.com\/atorgael\/?p=6030\">Challenge n\u00b043<\/a> en juin 2012 &#8211; Pas de classement<\/li>\n<li><a title=\"Le dernier jour\" href=\"http:\/\/www.atorgael.com\/atorgael\/?p=6032\">Challenge n\u00b0 45<\/a> en d\u00e9cembre 2012 &#8211; 3\u00e8me place sur 4 participations<\/li>\n<li><a title=\"Havre mortel\" href=\"http:\/\/www.atorgael.com\/atorgael\/?p=6033\">Challenge flash n\u00b01<\/a> en janvier 2013<\/li>\n<li><a title=\"Aller, retour et aller\" href=\"http:\/\/www.atorgael.com\/atorgael\/?p=6035\">Challenge flash n\u00b02<\/a> en f\u00e9vrier 2013<\/li>\n<li><a title=\"Le passeur\" href=\"http:\/\/www.atorgael.com\/atorgael\/?p=6037\">Challenge flash n\u00b03<\/a> en avril 2013<\/li>\n<li><a title=\"A la bataille !\" href=\"http:\/\/www.atorgael.com\/atorgael\/?p=6039\">Challenge flash n\u00b04<\/a> en mai 2013<\/li>\n<li><a title=\"Prochain arr\u00eat : Proxima du Centaure\" href=\"http:\/\/www.atorgael.com\/atorgael\/?p=6041\">Challenge n\u00b047<\/a> en juin2013<\/li>\n<li><a title=\"Le livre de la Sainte-et-Ses-Martyrs\" href=\"http:\/\/www.atorgael.com\/atorgael\/?p=6047\">Challenge flash n\u00b05<\/a> en novembre 2013<\/li>\n<li><a title=\"Open Space avec vue sur les \u00e9toiles\" href=\"http:\/\/www.atorgael.com\/atorgael\/?p=6054\">Challenge n\u00b049<\/a> en d\u00e9cembre 2013<\/li>\n<li><a title=\"La chute d\u2019une Cit\u00e9\" href=\"http:\/\/www.atorgael.com\/atorgael\/?p=6052\">Challenge flash n\u00b07<\/a> en janvier 2014<\/li>\n<li>Challenge flash n\u00b08 en f\u00e9vrier 2014<\/li>\n<\/ul>\n","protected":false},"excerpt":{"rendered":"<p>Voici mes participations aux challenges d&rsquo;\u00e9criture du Sanctum. Apr\u00e8s des d\u00e9buts impressionnants (des podiums \u00e0 chaque participation) il faut bien reconnaitre que j&rsquo;ai eu du mal avec de nouveaux participants qui se sont r\u00e9v\u00e9l\u00e9s \u00eatre de coriaces \u00ab\u00a0adversaires\u00a0\u00bb. Un peu plus de prise de risques et quelques remises en question plus tard, je suis souvent [&hellip;]<\/p>\n","protected":false},"author":2,"featured_media":0,"parent":2,"menu_order":0,"comment_status":"closed","ping_status":"closed","template":"","meta":{"jetpack_post_was_ever_published":false,"footnotes":""},"class_list":["post-6026","page","type-page","status-publish","hentry"],"jetpack_sharing_enabled":true,"_links":{"self":[{"href":"https:\/\/www.atorgael.com\/atorgael\/index.php?rest_route=\/wp\/v2\/pages\/6026","targetHints":{"allow":["GET"]}}],"collection":[{"href":"https:\/\/www.atorgael.com\/atorgael\/index.php?rest_route=\/wp\/v2\/pages"}],"about":[{"href":"https:\/\/www.atorgael.com\/atorgael\/index.php?rest_route=\/wp\/v2\/types\/page"}],"author":[{"embeddable":true,"href":"https:\/\/www.atorgael.com\/atorgael\/index.php?rest_route=\/wp\/v2\/users\/2"}],"replies":[{"embeddable":true,"href":"https:\/\/www.atorgael.com\/atorgael\/index.php?rest_route=%2Fwp%2Fv2%2Fcomments&post=6026"}],"version-history":[{"count":0,"href":"https:\/\/www.atorgael.com\/atorgael\/index.php?rest_route=\/wp\/v2\/pages\/6026\/revisions"}],"up":[{"embeddable":true,"href":"https:\/\/www.atorgael.com\/atorgael\/index.php?rest_route=\/wp\/v2\/pages\/2"}],"wp:attachment":[{"href":"https:\/\/www.atorgael.com\/atorgael\/index.php?rest_route=%2Fwp%2Fv2%2Fmedia&parent=6026"}],"curies":[{"name":"wp","href":"https:\/\/api.w.org\/{rel}","templated":true}]}}