{"id":6025,"date":"2012-06-08T09:34:14","date_gmt":"2012-06-08T07:34:14","guid":{"rendered":"http:\/\/www.atorgael.com\/atorgael\/?page_id=6025"},"modified":"2012-06-08T09:34:21","modified_gmt":"2012-06-08T07:34:21","slug":"micro-nouvelles","status":"publish","type":"page","link":"https:\/\/www.atorgael.com\/atorgael\/?page_id=6025","title":{"rendered":"Micro-nouvelles"},"content":{"rendered":"<p>L&rsquo;\u00e9criture pour les flemmards ou comment \u00e9crire quelque chose quand on ne sait pas quoi \u00e9crire.<\/p>\n<p>Le principe est d&rsquo;\u00e9crire un texte en tr\u00e8s peu de mots et m\u00eame et tr\u00e8s peu de signes. Ici, je me suis impos\u00e9 de ne pas d\u00e9passer les 250 signes (tous caract\u00e8res typographiques, espaces comprises) en comptant le titre, ce dernier pouvant amener des \u00e9l\u00e9ments de compr\u00e9hension tr\u00e8s utiles. De fait, la plus longue micro-nouvelle fait 238 signes. L&rsquo;inspiration vient de tout et de rien, une image, un livre, une situation&#8230; tout peut \u00eatre pr\u00e9texte \u00e0 \u00e9crire une ou deux lignes. Attention cependant \u00e0 ne pas tomber dans les blagues \u00ab\u00a0Carambar\u00a0\u00bb (avec tout le respect d\u00fb \u00e0 ces sucreries).<\/p>\n<p>[post_list preset=\u00a0\u00bbmicro_nouvelle\u00a0\u00bb]<\/p>\n","protected":false},"excerpt":{"rendered":"<p>L&rsquo;\u00e9criture pour les flemmards ou comment \u00e9crire quelque chose quand on ne sait pas quoi \u00e9crire. Le principe est d&rsquo;\u00e9crire un texte en tr\u00e8s peu de mots et m\u00eame et tr\u00e8s peu de signes. Ici, je me suis impos\u00e9 de ne pas d\u00e9passer les 250 signes (tous caract\u00e8res typographiques, espaces comprises) en comptant le titre, [&hellip;]<\/p>\n","protected":false},"author":2,"featured_media":0,"parent":2,"menu_order":0,"comment_status":"closed","ping_status":"closed","template":"","meta":{"jetpack_post_was_ever_published":false,"footnotes":""},"class_list":["post-6025","page","type-page","status-publish","hentry"],"jetpack_sharing_enabled":true,"_links":{"self":[{"href":"https:\/\/www.atorgael.com\/atorgael\/index.php?rest_route=\/wp\/v2\/pages\/6025","targetHints":{"allow":["GET"]}}],"collection":[{"href":"https:\/\/www.atorgael.com\/atorgael\/index.php?rest_route=\/wp\/v2\/pages"}],"about":[{"href":"https:\/\/www.atorgael.com\/atorgael\/index.php?rest_route=\/wp\/v2\/types\/page"}],"author":[{"embeddable":true,"href":"https:\/\/www.atorgael.com\/atorgael\/index.php?rest_route=\/wp\/v2\/users\/2"}],"replies":[{"embeddable":true,"href":"https:\/\/www.atorgael.com\/atorgael\/index.php?rest_route=%2Fwp%2Fv2%2Fcomments&post=6025"}],"version-history":[{"count":0,"href":"https:\/\/www.atorgael.com\/atorgael\/index.php?rest_route=\/wp\/v2\/pages\/6025\/revisions"}],"up":[{"embeddable":true,"href":"https:\/\/www.atorgael.com\/atorgael\/index.php?rest_route=\/wp\/v2\/pages\/2"}],"wp:attachment":[{"href":"https:\/\/www.atorgael.com\/atorgael\/index.php?rest_route=%2Fwp%2Fv2%2Fmedia&parent=6025"}],"curies":[{"name":"wp","href":"https:\/\/api.w.org\/{rel}","templated":true}]}}