{"id":5892,"date":"2010-06-23T08:40:40","date_gmt":"2010-06-23T06:40:40","guid":{"rendered":"http:\/\/www.atorgael.com\/atglvxi_wp\/atorgael\/"},"modified":"2010-09-28T14:17:03","modified_gmt":"2010-09-28T12:17:03","slug":"presentation","status":"publish","type":"page","link":"https:\/\/www.atorgael.com\/atorgael\/?page_id=5892","title":{"rendered":"Petite pr\u00e9sentation"},"content":{"rendered":"<p>Comme beaucoup tout a d\u00e9but\u00e9 avec les jeux de r\u00f4le en tant que maitre du donjon pour commencer puis de temps en temps en tant que joueur. Une exp\u00e9rience irrempla\u00e7able.<\/p>\n<p>Puis viennent les jeux de figurines et tout le cort\u00e8ge d&rsquo;occupations qui vont avec, mod\u00e9lisme, peinture et batailles.<\/p>\n<p>J&rsquo;ai commenc\u00e9 \u00e0 \u00e9crire de mani\u00e8re assidue depuis tr\u00e8s peu de temps en fait. \u00c7a a commenc\u00e9 par des rapports de batailles de figurines un peu romanc\u00e9 en mettant en valeur les personnages plong\u00e9s au c\u0153ur de l&rsquo;action. Certains personnages sont devenus les h\u00e9ros des textes avant que de nouveaux apparaissent. Puis, motiv\u00e9 par certains et pouss\u00e9 par d&rsquo;autre \u00e0 faire plus et mieux (ce qui n&rsquo;\u00e9tait pas difficile) j&rsquo;ai travaill\u00e9 cette activit\u00e9 en mettant sur pied les challenges d&rsquo;\u00e9critures sur les forums des r\u00e9surrection 40k. Le reste d\u00e9coule de tout ceci, aujourd&rsquo;hui c&rsquo;est une activit\u00e9 qui me prend pas mal de temps et de nombreux projets sont lanc\u00e9s. Seront-ils finis un jour, toute la question reste en suspens.<\/p>\n<p>Voyons maintenant les textes et nouvelles que j&rsquo;ai \u00e9crits et que je vous pr\u00e9sente ici.<\/p>\n<p>Concernant celles qui se situent dans l&rsquo;univers de Warhammer 40.000, elles tournent autour d&rsquo;un trio r\u00e9current : l&rsquo;inquisiteur Atorgalis, le colonel Baxter du 67\u00e8me Walkyrie et le myst\u00e9rieux Myrkhul Ash. Trois personnages ayant chacun leur personnalit\u00e9 et leurs aventures, certains \u00e9tant amen\u00e9s \u00e0 se rencontrer. Dans l&rsquo;avenir il est possible et fort probable que d&rsquo;autres personnages arrivent, notamment avec ma nouvelle arm\u00e9e de Space Marine, les Chevaliers de Khovar, ou mon ancienne arm\u00e9e Eldar Noirs et son chef cruel Heph&rsquo;Toss de la Cabale des Ombres Ecarlates. Ce sont des projets qui demandent \u00e0 murir tranquillement. J&rsquo;ajouterai, pour finir, ma contribution \u00e0 Nam Prioris, histoire \u00e9crite avec et \u00e0 l&rsquo;initiative de Baal-Moloch.<\/p>\n<p>En dehors de cet univers, les textes sont tr\u00e8s divers, la faute aux challenges. Il y a bien s\u00fbr Herfy qui est devenu un livre mais il y a maintenant tout une s\u00e9rie de petits textes dans des univers fantastiques.<\/p>\n","protected":false},"excerpt":{"rendered":"<p>Comme beaucoup tout a d\u00e9but\u00e9 avec les jeux de r\u00f4le en tant que maitre du donjon pour commencer puis de temps en temps en tant que joueur. Une exp\u00e9rience irrempla\u00e7able. Puis viennent les jeux de figurines et tout le cort\u00e8ge d&rsquo;occupations qui vont avec, mod\u00e9lisme, peinture et batailles. J&rsquo;ai commenc\u00e9 \u00e0 \u00e9crire de mani\u00e8re assidue [&hellip;]<\/p>\n","protected":false},"author":2,"featured_media":0,"parent":0,"menu_order":0,"comment_status":"closed","ping_status":"closed","template":"","meta":{"jetpack_post_was_ever_published":false,"footnotes":""},"class_list":["post-5892","page","type-page","status-publish","hentry"],"jetpack_sharing_enabled":true,"_links":{"self":[{"href":"https:\/\/www.atorgael.com\/atorgael\/index.php?rest_route=\/wp\/v2\/pages\/5892","targetHints":{"allow":["GET"]}}],"collection":[{"href":"https:\/\/www.atorgael.com\/atorgael\/index.php?rest_route=\/wp\/v2\/pages"}],"about":[{"href":"https:\/\/www.atorgael.com\/atorgael\/index.php?rest_route=\/wp\/v2\/types\/page"}],"author":[{"embeddable":true,"href":"https:\/\/www.atorgael.com\/atorgael\/index.php?rest_route=\/wp\/v2\/users\/2"}],"replies":[{"embeddable":true,"href":"https:\/\/www.atorgael.com\/atorgael\/index.php?rest_route=%2Fwp%2Fv2%2Fcomments&post=5892"}],"version-history":[{"count":0,"href":"https:\/\/www.atorgael.com\/atorgael\/index.php?rest_route=\/wp\/v2\/pages\/5892\/revisions"}],"wp:attachment":[{"href":"https:\/\/www.atorgael.com\/atorgael\/index.php?rest_route=%2Fwp%2Fv2%2Fmedia&parent=5892"}],"curies":[{"name":"wp","href":"https:\/\/api.w.org\/{rel}","templated":true}]}}