{"id":2,"date":"2010-05-06T07:44:08","date_gmt":"2010-05-06T07:44:08","guid":{"rendered":"http:\/\/www.atorgael.com\/atglvxi_wp\/?page_id=2"},"modified":"2012-06-08T09:36:14","modified_gmt":"2012-06-08T07:36:14","slug":"about","status":"publish","type":"page","link":"https:\/\/www.atorgael.com\/atorgael\/?page_id=2","title":{"rendered":"Mes \u0153uvres"},"content":{"rendered":"<pre style=\"text-align: center;\"><strong>Tous textes \u00a9 Atorgael.com 2002-2012.<\/strong><\/pre>\n<pre style=\"text-align: center;\">Les textes et images des pages suivantes sont la propri\u00e9t\u00e9 exclusive\r\nde leurs auteurs.\r\nIls ne sont pr\u00e9sents ici qu'avec leur accord explicite.\r\nLes copies, reproductions et utilisations non autoris\u00e9es sont interdites.\r\nMerci de respecter la propri\u00e9t\u00e9 intellectuelle de ces cr\u00e9ations.<\/pre>\n<h1>Les textes fantasy et fantastique<\/h1>\n<p>Le dernier en date est n\u00e9 \u00e0 la suite d&rsquo;un challenge et se nomme \u00ab\u00a0<a href=\"?p=2414\" target=\"_self\">De la Sir\u00e8ne Lubrique<\/a>\u00ab\u00a0. D\u00e9couvrez le d\u00e9but des aventures, la suite viendra un jour \u2026 promis.<\/p>\n<p>Mon premier texte qui est devenu un livre, un vrai, c&rsquo;est \u00ab\u00a0<a href=\"?p=876\" target=\"_self\">Herfy<\/a>\u00a0\u00bb que vous avez pu connaitre lors d&rsquo;un challenge d&rsquo;\u00e9criture. D\u00e9couvrez ici l&rsquo;ensemble de ses aventures.<\/p>\n<p>\u00c9crit lors d&rsquo;un de mes voyage quotidien, \u00ab\u00a0<a href=\"?p=2435\" target=\"_self\">Beaut\u00e9 glaciale<\/a>\u00a0\u00bb fait appel \u00e0 une autre ambiance, celle du fantastique. Quand le quotidien peut basculer sans pr\u00e9venir.<\/p>\n<p>\u00ab\u00a0<a href=\"?p=3621\">Il \u00e9tait une fois<\/a>\u00a0\u00bb donne vie \u00e0 une plan\u00e8te et \u00e0 tout ce qui peut se passer dans la vie d&rsquo;une plan\u00e8te.<\/p>\n<h1>Les textes SF et Warhammer 40.000<\/h1>\n<h2>Atorgalis<\/h2>\n<p>Atorgalis c&rsquo;est le nom du personnage principal de mes r\u00e9cits. Inquisiteur imp\u00e9rial aux multiples talents, il poss\u00e8de une personnalit\u00e9 qui \u00e9volue au fur et \u00e0 mesure des r\u00e9cits et des \u00e9v\u00e8nements. D&rsquo;abord arrogant et fier de sa puissance il devient plus humain au fil du temps sans jamais faillir dans ses missions, jusqu&rsquo;\u00e0 maintenant.<\/p>\n<p>4 r\u00e9cits le concernent, ils sont pr\u00e9sent\u00e9s dans l&rsquo;ordre chronologique de la vie d&rsquo;Atorgalis.<\/p>\n<ul>\n<li><a href=\"?p=2441\">L&rsquo;antre de la b\u00eate<\/a><\/li>\n<li><a href=\"?p=2445\">Idris<\/a><\/li>\n<li><a href=\"?p=4077\">Athon<\/a><\/li>\n<li><a href=\"?p=4078\">Tarnef<\/a><\/li>\n<\/ul>\n<h2>Nam Prioris<\/h2>\n<p>Voici <a href=\"?p=5939\" target=\"_self\">un r\u00e9cit sur la garde imp\u00e9riale<\/a> \u00e9crit avec <a href=\"http:\/\/www.atorgael.com\/baalmoloch\" target=\"_blank\">Baal-Moloch<\/a>, la fin est toujours \u00e0 \u00e9crire&#8230;<\/p>\n<h2>Myrkhul Ash<\/h2>\n<p>Myrkhul Ash est le dernier personnage de ma cr\u00e9ation. \u00c9nigmatique, puissant, il a un destin qui se d\u00e9couvrira au fur et \u00e0 mesure des r\u00e9cits.<\/p>\n<ul>\n<li><a href=\"?p=2429\" target=\"_self\">Qui est Myrkhul Ash ?<\/a><\/li>\n<li><a href=\"?p=2425\" target=\"_self\"> Un souvenir<\/a><\/li>\n<li>Suites \u00e0 venir \u2026<\/li>\n<\/ul>\n<h2>67\u00e8me Walkyrie<\/h2>\n<p>Ce r\u00e9giment imp\u00e9rial est celui de mes figurines, les r\u00e9cits qui l&rsquo;accompagnent sont d&rsquo;abord issus de simples rapports de batailles avant de prendre un r\u00e9elle ampleur avec le dernier r\u00e9cit, Nomostro. Son commandant est le colonel Baxter.<\/p>\n<ul>\n<li><a href=\"?p=3580\" target=\"_self\">Affrontement<\/a><\/li>\n<li><a href=\"?p=5916\" target=\"_self\">Rituel<\/a><\/li>\n<li><a href=\"?p=5919\" target=\"_self\">1\u00e8re chasse<\/a><\/li>\n<li><a href=\"?p=5921\" target=\"_self\">Nomostro<\/a><\/li>\n<li><a href=\"?p=5926\" target=\"_self\">Le colonel Baxter et le 67\u00e8me<\/a><\/li>\n<\/ul>\n<h2>Autres textes \u00ab\u00a0Warhammer 40.000\u00a0\u00bb<\/h2>\n<p>Un petit texte pour un concours chez Thargannis : <a href=\"?p=4070\" target=\"_self\"><br \/>\n<\/a><\/p>\n<ul>\n<li><a href=\"?p=4070\" target=\"_self\"> \u00ab\u00a0M\u00e9dusa V en approche !\u00a0\u00bb<\/a><\/li>\n<\/ul>\n<h3>Les Chevaliers de Khovar<\/h3>\n<p>Ce chapitre de Space Marine est ma derni\u00e8re acquisition en terme de figurines. Il prend forme peu \u00e0 peu au fil des achats d&rsquo;escouade ou de figurine. Un jour vous verrez ici tout ce qui concerne ce fier chapitre de l&rsquo;Imp\u00e9rium. Un seul texte pour le moment, mais une foule d&rsquo;id\u00e9es qui ne demandent qu&rsquo;un peu de temps pour arriver sur le papier.<\/p>\n<ul>\n<li><a href=\"?p=4073\" target=\"_self\">Mission accomplie !<\/a><\/li>\n<\/ul>\n","protected":false},"excerpt":{"rendered":"<p>Tous textes \u00a9 Atorgael.com 2002-2012. Les textes et images des pages suivantes sont la propri\u00e9t\u00e9 exclusive de leurs auteurs. Ils ne sont pr\u00e9sents ici qu&rsquo;avec leur accord explicite. Les copies, reproductions et utilisations non autoris\u00e9es sont interdites. Merci de respecter la propri\u00e9t\u00e9 intellectuelle de ces cr\u00e9ations. Les textes fantasy et fantastique Le dernier en date [&hellip;]<\/p>\n","protected":false},"author":2,"featured_media":0,"parent":0,"menu_order":0,"comment_status":"closed","ping_status":"closed","template":"","meta":{"jetpack_post_was_ever_published":false,"footnotes":""},"class_list":["post-2","page","type-page","status-publish","hentry"],"jetpack_sharing_enabled":true,"_links":{"self":[{"href":"https:\/\/www.atorgael.com\/atorgael\/index.php?rest_route=\/wp\/v2\/pages\/2","targetHints":{"allow":["GET"]}}],"collection":[{"href":"https:\/\/www.atorgael.com\/atorgael\/index.php?rest_route=\/wp\/v2\/pages"}],"about":[{"href":"https:\/\/www.atorgael.com\/atorgael\/index.php?rest_route=\/wp\/v2\/types\/page"}],"author":[{"embeddable":true,"href":"https:\/\/www.atorgael.com\/atorgael\/index.php?rest_route=\/wp\/v2\/users\/2"}],"replies":[{"embeddable":true,"href":"https:\/\/www.atorgael.com\/atorgael\/index.php?rest_route=%2Fwp%2Fv2%2Fcomments&post=2"}],"version-history":[{"count":0,"href":"https:\/\/www.atorgael.com\/atorgael\/index.php?rest_route=\/wp\/v2\/pages\/2\/revisions"}],"wp:attachment":[{"href":"https:\/\/www.atorgael.com\/atorgael\/index.php?rest_route=%2Fwp%2Fv2%2Fmedia&parent=2"}],"curies":[{"name":"wp","href":"https:\/\/api.w.org\/{rel}","templated":true}]}}